{"id":6976,"date":"2025-01-27T17:13:03","date_gmt":"2025-01-27T16:13:03","guid":{"rendered":"http:\/\/klubmamgdynia.pl\/?post_type=product&#038;p=6976"},"modified":"2026-04-29T20:30:56","modified_gmt":"2026-04-29T18:30:56","slug":"imc-lalka-baby-toys-storyland-piggy-30cm","status":"publish","type":"product","link":"http:\/\/klubmamgdynia.pl\/index.php\/produkt\/imc-lalka-baby-toys-storyland-piggy-30cm\/","title":{"rendered":"Imc Lalka Baby Toys Storyland Piggy 30Cm"},"content":{"rendered":"<p>Dzieci zas\u0142uguj\u0105 na to co najlepsze, dlatego przedstawiamy Ci Lalka Baby IMC Toys Storyland Piggy (30 cm), idealny dla tych, kt\u00f3rzy szukaj\u0105 produkt\u00f3w wysokiej jako\u015bci dla dzieci! Zdob\u0105d\u017a IMC Toys w najlepszych cenach!Baterie: 2AAALR3Zasilana bateriami: TakJ\u0119zyk: ESBaterie w zestawie: TakJ\u0119zyk packaging: Wieloj\u0119zykowyPrzewodnik z Instrukcjami: Wieloj\u0119zykowyWymagany monta\u017c: NieZalecany Wiek: + 18 miesi\u0119cyWymiary ok.: 30 cmZawiera: Akcesoria&#8230;<\/p>\n<h2>Imc Lalka Baby Toys Storyland Piggy 30Cm IMC Toys<\/h2>\n<p>wydarzenia dla dzieci warszawa, nela w krainie wombat\u00f3w, gdzie strumyk p\u0142ynie z wolna, zagadki \u015bmieszne z odpowiedziami, prezent dla ch\u0142opca na roczek, kolorowanki \u015bwinka peppa, cytaty o dzieciach i rodzicach, znaczenie imiona justyna, kolorowe ciasto, zagadki dla dzieci 7 lat, \u015bwi\u0105teczne filmy familijne, zagadki na logiczne my\u015blenie<\/p>\n<p>yyyyy<\/p>\n<p>&nbsp;<\/p>\n","protected":false},"excerpt":{"rendered":"<p>Dzieci zas\u0142uguj\u0105 na to co najlepsze, dlatego przedstawiamy Ci Lalka Baby IMC Toys Storyland Piggy (30 cm), idealny dla tych, kt\u00f3rzy szukaj\u0105 produkt\u00f3w wysokiej jako\u015bci dla dzieci! Zdob\u0105d\u017a IMC Toys w najlepszych cenach!Baterie: 2AAALR3Zasilana bateriami: TakJ\u0119zyk: ESBaterie w zestawie: TakJ\u0119zyk packaging: Wieloj\u0119zykowyPrzewodnik z Instrukcjami: Wieloj\u0119zykowyWymagany monta\u017c: NieZalecany Wiek: + 18 miesi\u0119cyWymiary ok.: 30 cmZawiera: Akcesoria&#8230; [&hellip;]<\/p>\n","protected":false},"featured_media":6977,"comment_status":"closed","ping_status":"open","template":"","meta":[],"product_cat":[316,65],"product_tag":[625,632,778,694,873],"class_list":["post-6976","product","type-product","status-publish","has-post-thumbnail","hentry","product_cat-imc-toys","product_cat-lalki","product_tag-trojmiasto-atrakcje-dla-dzieci","product_tag-warszawa-atrakcje-dla-mlodziezy","product_tag-zabawki-na-roczek-dla-chlopca","product_tag-zagadki-swiateczne-dla-dzieci","product_tag-zagadki-z-odpowiedziami-dla-dzieci"],"_links":{"self":[{"href":"http:\/\/klubmamgdynia.pl\/index.php\/wp-json\/wp\/v2\/product\/6976","targetHints":{"allow":["GET"]}}],"collection":[{"href":"http:\/\/klubmamgdynia.pl\/index.php\/wp-json\/wp\/v2\/product"}],"about":[{"href":"http:\/\/klubmamgdynia.pl\/index.php\/wp-json\/wp\/v2\/types\/product"}],"replies":[{"embeddable":true,"href":"http:\/\/klubmamgdynia.pl\/index.php\/wp-json\/wp\/v2\/comments?post=6976"}],"wp:featuredmedia":[{"embeddable":true,"href":"http:\/\/klubmamgdynia.pl\/index.php\/wp-json\/wp\/v2\/media\/6977"}],"wp:attachment":[{"href":"http:\/\/klubmamgdynia.pl\/index.php\/wp-json\/wp\/v2\/media?parent=6976"}],"wp:term":[{"taxonomy":"product_cat","embeddable":true,"href":"http:\/\/klubmamgdynia.pl\/index.php\/wp-json\/wp\/v2\/product_cat?post=6976"},{"taxonomy":"product_tag","embeddable":true,"href":"http:\/\/klubmamgdynia.pl\/index.php\/wp-json\/wp\/v2\/product_tag?post=6976"}],"curies":[{"name":"wp","href":"https:\/\/api.w.org\/{rel}","templated":true}]}}