{"id":6978,"date":"2012-07-19T01:48:29","date_gmt":"2012-07-18T23:48:29","guid":{"rendered":"http:\/\/klubmamgdynia.pl\/index.php\/produkt\/bino-fotel-rose-rozowe-sowy\/"},"modified":"2026-04-06T01:21:45","modified_gmt":"2026-04-05T23:21:45","slug":"bino-fotel-rose-rozowe-sowy","status":"publish","type":"product","link":"http:\/\/klubmamgdynia.pl\/index.php\/produkt\/bino-fotel-rose-rozowe-sowy\/","title":{"rendered":"BINO Fotel Rose R\u00f3\u017cowe Sowy"},"content":{"rendered":"<p>Fotel dzieci\u0119cy, r\u00f3\u017cowe sowy marki Bino z motywem sowy b\u0119dzie wspania\u0142ym dodatkiem do pokoju dziewczynek. Fotel wykonany jest z lekkiego i bardzo mi\u0119kkiego materia\u0142u, kt\u00f3ry dobrze zachowuje sw\u00f3j kszta\u0142t. Posiada bawe\u0142nian\u0105 pokryw\u0119, kt\u00f3r\u0105 mo\u017cna pra\u0107.<\/p>\n<h2>BINO Fotel Rose R\u00f3\u017cowe Sowy BINO<\/h2>\n<p>trudne zagadki na inteligencje, prezenty dla nastolatk\u00f3w, zagadki slowne, testy z lektury opowie\u015bci z narnii lew czarownica i stara szafa, kr\u00f3tkie zagadki dla doros\u0142ych, zagadki, maski karnawa\u0142owe dla dzieci szablony, kolorowanki lol, pi\u0119kne cytaty o nauczycielach, test miko\u0142ajek 25 pyta\u0144, cytaty o dziecku, dalia imi\u0119, kolorowanka pikachu, aurelia, test miko\u0142ajek, 45 pa\u0144stw europy i ich stolice quiz<\/p>\n<p>yyyyy<\/p>\n<p>&nbsp;<\/p>\n","protected":false},"excerpt":{"rendered":"<p>Fotel dzieci\u0119cy, r\u00f3\u017cowe sowy marki Bino z motywem sowy b\u0119dzie wspania\u0142ym dodatkiem do pokoju dziewczynek. Fotel wykonany jest z lekkiego i bardzo mi\u0119kkiego materia\u0142u, kt\u00f3ry dobrze zachowuje sw\u00f3j kszta\u0142t. Posiada bawe\u0142nian\u0105 pokryw\u0119, kt\u00f3r\u0105 mo\u017cna pra\u0107. BINO Fotel Rose R\u00f3\u017cowe Sowy BINO trudne zagadki na inteligencje, prezenty dla nastolatk\u00f3w, zagadki slowne, testy z lektury opowie\u015bci z [&hellip;]<\/p>\n","protected":false},"featured_media":6979,"comment_status":"closed","ping_status":"open","template":"","meta":[],"product_cat":[322,1518],"product_tag":[702,613,751,651],"class_list":["post-6978","product","type-product","status-publish","has-post-thumbnail","hentry","product_cat-bino","product_cat-fotele-i-pufy-dzieciece","product_tag-co-kupic-na-roczek-dla-dziewczynki","product_tag-na-wyspach-bergamutach","product_tag-psi-patrol-kolorowanka","product_tag-quizy-online"],"_links":{"self":[{"href":"http:\/\/klubmamgdynia.pl\/index.php\/wp-json\/wp\/v2\/product\/6978","targetHints":{"allow":["GET"]}}],"collection":[{"href":"http:\/\/klubmamgdynia.pl\/index.php\/wp-json\/wp\/v2\/product"}],"about":[{"href":"http:\/\/klubmamgdynia.pl\/index.php\/wp-json\/wp\/v2\/types\/product"}],"replies":[{"embeddable":true,"href":"http:\/\/klubmamgdynia.pl\/index.php\/wp-json\/wp\/v2\/comments?post=6978"}],"wp:featuredmedia":[{"embeddable":true,"href":"http:\/\/klubmamgdynia.pl\/index.php\/wp-json\/wp\/v2\/media\/6979"}],"wp:attachment":[{"href":"http:\/\/klubmamgdynia.pl\/index.php\/wp-json\/wp\/v2\/media?parent=6978"}],"wp:term":[{"taxonomy":"product_cat","embeddable":true,"href":"http:\/\/klubmamgdynia.pl\/index.php\/wp-json\/wp\/v2\/product_cat?post=6978"},{"taxonomy":"product_tag","embeddable":true,"href":"http:\/\/klubmamgdynia.pl\/index.php\/wp-json\/wp\/v2\/product_tag?post=6978"}],"curies":[{"name":"wp","href":"https:\/\/api.w.org\/{rel}","templated":true}]}}