{"id":698,"date":"2021-08-10T16:36:26","date_gmt":"2021-08-10T14:36:26","guid":{"rendered":"http:\/\/klubmamgdynia.pl\/index.php\/produkt\/rex-london-parasol-dla-dziecka-panda-miko\/"},"modified":"2026-04-06T17:43:44","modified_gmt":"2026-04-06T15:43:44","slug":"rex-london-parasol-dla-dziecka-panda-miko","status":"publish","type":"product","link":"http:\/\/klubmamgdynia.pl\/index.php\/produkt\/rex-london-parasol-dla-dziecka-panda-miko\/","title":{"rendered":"Rex London Parasol Dla Dziecka Panda Miko"},"content":{"rendered":"<p>Dzieci\u0119cy parasol idealny na spacery w deszczu. Przyda si\u0119 o ka\u017cdej porze roku a kolorowe wzory rozwesel\u0105 nawet najbardziej pochmurny dzie\u0144.\u015brednica parasola po otwarciu: 62 cmd\u0142ugo\u015b\u0107 r\u0105czki: 39 cmMateria\u0142:metal,tkanina,plastikWymiary:d\u0142ugo\u015b\u0107: 62 cmwysoko\u015b\u0107: 52 cmszeroko\u015b\u0107: 62 cmKolory przedstawione na zdj\u0119ciach ze wzgl\u0119du na przekaz elektroniczny mog\u0105 nieznacznie r\u00f3\u017cni\u0107 si\u0119 od orygina\u0142u.<\/p>\n<h2>Rex London Parasol Dla Dziecka Panda Miko Rex London<\/h2>\n<p>magiczne drzewo czerwone krzes\u0142o test, ry\u017c z owocami, dyplomy szablony pdf, ka\u0142u\u017cy\u015bci, kolorowanka my little pony, prezenty urodzinowe dla nastolatk\u00f3w, kuba imi\u0119, piosenka dla taty przedszkole, tr\u00f3jmiasto atrakcje dla dzieci, liwia znaczenie imienia, bajki o ksi\u0119\u017cniczkach do czytania<\/p>\n<p>yyyyy<\/p>\n<p>&nbsp;<\/p>\n","protected":false},"excerpt":{"rendered":"<p>Dzieci\u0119cy parasol idealny na spacery w deszczu. Przyda si\u0119 o ka\u017cdej porze roku a kolorowe wzory rozwesel\u0105 nawet najbardziej pochmurny dzie\u0144.\u015brednica parasola po otwarciu: 62 cmd\u0142ugo\u015b\u0107 r\u0105czki: 39 cmMateria\u0142:metal,tkanina,plastikWymiary:d\u0142ugo\u015b\u0107: 62 cmwysoko\u015b\u0107: 52 cmszeroko\u015b\u0107: 62 cmKolory przedstawione na zdj\u0119ciach ze wzgl\u0119du na przekaz elektroniczny mog\u0105 nieznacznie r\u00f3\u017cni\u0107 si\u0119 od orygina\u0142u. Rex London Parasol Dla Dziecka Panda [&hellip;]<\/p>\n","protected":false},"featured_media":699,"comment_status":"closed","ping_status":"open","template":"","meta":[],"product_cat":[260,259],"product_tag":[825,691,609],"class_list":["post-698","product","type-product","status-publish","has-post-thumbnail","hentry","product_cat-pozostale-akcesoria-dzieciece","product_cat-rex-london","product_tag-bajka-na-dobranoc-do-czytania","product_tag-gabriel","product_tag-quiz-flagi-europy"],"_links":{"self":[{"href":"http:\/\/klubmamgdynia.pl\/index.php\/wp-json\/wp\/v2\/product\/698","targetHints":{"allow":["GET"]}}],"collection":[{"href":"http:\/\/klubmamgdynia.pl\/index.php\/wp-json\/wp\/v2\/product"}],"about":[{"href":"http:\/\/klubmamgdynia.pl\/index.php\/wp-json\/wp\/v2\/types\/product"}],"replies":[{"embeddable":true,"href":"http:\/\/klubmamgdynia.pl\/index.php\/wp-json\/wp\/v2\/comments?post=698"}],"wp:featuredmedia":[{"embeddable":true,"href":"http:\/\/klubmamgdynia.pl\/index.php\/wp-json\/wp\/v2\/media\/699"}],"wp:attachment":[{"href":"http:\/\/klubmamgdynia.pl\/index.php\/wp-json\/wp\/v2\/media?parent=698"}],"wp:term":[{"taxonomy":"product_cat","embeddable":true,"href":"http:\/\/klubmamgdynia.pl\/index.php\/wp-json\/wp\/v2\/product_cat?post=698"},{"taxonomy":"product_tag","embeddable":true,"href":"http:\/\/klubmamgdynia.pl\/index.php\/wp-json\/wp\/v2\/product_tag?post=698"}],"curies":[{"name":"wp","href":"https:\/\/api.w.org\/{rel}","templated":true}]}}