{"id":6980,"date":"2011-04-09T01:32:06","date_gmt":"2011-04-08T23:32:06","guid":{"rendered":"http:\/\/klubmamgdynia.pl\/index.php\/produkt\/nattou-gryzak-silikonowy-lapidou-bez-bpa-zolta-kaczuszka\/"},"modified":"2026-04-07T14:23:37","modified_gmt":"2026-04-07T12:23:37","slug":"nattou-gryzak-silikonowy-lapidou-bez-bpa-zolta-kaczuszka","status":"publish","type":"product","link":"http:\/\/klubmamgdynia.pl\/index.php\/produkt\/nattou-gryzak-silikonowy-lapidou-bez-bpa-zolta-kaczuszka\/","title":{"rendered":"NATTOU Gryzak Silikonowy Lapidou bez BPA \u017b\u00f3\u0142ta Kaczuszka"},"content":{"rendered":"<p>NATTOU Silikonowy gryzak Lapidou bez BPA sprawdzi si\u0119 idealnie podczas z\u0105bkowania, a dodatkowo jest wykonany z bezpiecznych materia\u0142\u00f3w.<\/p>\n<h2>NATTOU Gryzak Silikonowy Lapidou bez BPA \u017b\u00f3\u0142ta Kaczuszka Nattou<\/h2>\n<p>ma\u0142y ksi\u0105\u017ce cytaty, quiz o psie kt\u00f3ry je\u017adzi\u0142 kolej\u0105, imie nadia, zadania dla dzieci z ukrainy, zagadki na myslenie, zagadki na inteligencje, oskar imi\u0119, quiz o wio\u015bnie, cytat z kubusia puchatka o mi\u0142o\u015bci, atrakcje dla nastolatk\u00f3w, jak narysowa\u0107 psa krok po kroku, maski karnawa\u0142owe dla dzieci szablony, s\u0142owa do przyjaciela, quiz o minecraft, farma dyni poznan, romantyczna bajka na dobranoc, samoch\u00f3d kolorowanka do druku, zabawy dla 5-6 latk\u00f3w, prezent dla 14 letniej dziewczyny, zagadki logiczne z odpowiedziami<\/p>\n<p>yyyyy<\/p>\n<p>&nbsp;<\/p>\n","protected":false},"excerpt":{"rendered":"<p>NATTOU Silikonowy gryzak Lapidou bez BPA sprawdzi si\u0119 idealnie podczas z\u0105bkowania, a dodatkowo jest wykonany z bezpiecznych materia\u0142\u00f3w. NATTOU Gryzak Silikonowy Lapidou bez BPA \u017b\u00f3\u0142ta Kaczuszka Nattou ma\u0142y ksi\u0105\u017ce cytaty, quiz o psie kt\u00f3ry je\u017adzi\u0142 kolej\u0105, imie nadia, zadania dla dzieci z ukrainy, zagadki na myslenie, zagadki na inteligencje, oskar imi\u0119, quiz o wio\u015bnie, cytat [&hellip;]<\/p>\n","protected":false},"featured_media":6981,"comment_status":"closed","ping_status":"open","template":"","meta":[],"product_cat":[63,25],"product_tag":[845,839,626,580],"class_list":["post-6980","product","type-product","status-publish","has-post-thumbnail","hentry","product_cat-grzechotki-i-gryzaki","product_cat-nattou","product_tag-ach-spij-kochanie-tekst","product_tag-bajki-na-dobranoc-do-czytania","product_tag-jacek","product_tag-janusz"],"_links":{"self":[{"href":"http:\/\/klubmamgdynia.pl\/index.php\/wp-json\/wp\/v2\/product\/6980","targetHints":{"allow":["GET"]}}],"collection":[{"href":"http:\/\/klubmamgdynia.pl\/index.php\/wp-json\/wp\/v2\/product"}],"about":[{"href":"http:\/\/klubmamgdynia.pl\/index.php\/wp-json\/wp\/v2\/types\/product"}],"replies":[{"embeddable":true,"href":"http:\/\/klubmamgdynia.pl\/index.php\/wp-json\/wp\/v2\/comments?post=6980"}],"wp:featuredmedia":[{"embeddable":true,"href":"http:\/\/klubmamgdynia.pl\/index.php\/wp-json\/wp\/v2\/media\/6981"}],"wp:attachment":[{"href":"http:\/\/klubmamgdynia.pl\/index.php\/wp-json\/wp\/v2\/media?parent=6980"}],"wp:term":[{"taxonomy":"product_cat","embeddable":true,"href":"http:\/\/klubmamgdynia.pl\/index.php\/wp-json\/wp\/v2\/product_cat?post=6980"},{"taxonomy":"product_tag","embeddable":true,"href":"http:\/\/klubmamgdynia.pl\/index.php\/wp-json\/wp\/v2\/product_tag?post=6980"}],"curies":[{"name":"wp","href":"https:\/\/api.w.org\/{rel}","templated":true}]}}