{"id":6982,"date":"2013-08-29T18:01:44","date_gmt":"2013-08-29T16:01:44","guid":{"rendered":"http:\/\/klubmamgdynia.pl\/index.php\/produkt\/dexxer-wyciskacz-do-czosnku-praska-siekacz-wyciskarka\/"},"modified":"2026-04-04T06:11:28","modified_gmt":"2026-04-04T04:11:28","slug":"dexxer-wyciskacz-do-czosnku-praska-siekacz-wyciskarka","status":"publish","type":"product","link":"http:\/\/klubmamgdynia.pl\/index.php\/produkt\/dexxer-wyciskacz-do-czosnku-praska-siekacz-wyciskarka\/","title":{"rendered":"Dexxer Wyciskacz Do Czosnku Praska Siekacz Wyciskarka"},"content":{"rendered":"<p>R\u0118CZNA PRASKA DO CZOSNKU Wykonana ze stali nierdzewnej &#8211; nie przyjmuje zapach\u00f3w i jest \u0142atwa w czyszczeniu Materia\u0142: stal nierdzewna + ABS Wymiary: 10,5x7x5 cm Kolor: czarny<\/p>\n<h2>Dexxer Wyciskacz Do Czosnku Praska Siekacz Wyciskarka Dexxer<\/h2>\n<p>cytat mama, pokemony do druku, quiz o flagach, zagadka matematyczna, psi patrol kolorowanka do druku, ozdoby wielkanocne kt\u00f3re mog\u0105 zrobi\u0107 dzieci, imie nadia, kolorowanka spiderman, maski superbohater\u00f3w do wydrukowania, walentynka dla c\u00f3rki, quiz flagi \u015bwiata, mi\u0142osz imie, co na roczek, julian, cytat mama, prezent dla roczniaka, dziwne zagadki, rezolutna dziewczynka z wiersza tuwima, a \u015bpij kochanie, ko\u0142ysanki dla dzieci tekst, serce origami<\/p>\n<p>yyyyy<\/p>\n<p>&nbsp;<\/p>\n","protected":false},"excerpt":{"rendered":"<p>R\u0118CZNA PRASKA DO CZOSNKU Wykonana ze stali nierdzewnej &#8211; nie przyjmuje zapach\u00f3w i jest \u0142atwa w czyszczeniu Materia\u0142: stal nierdzewna + ABS Wymiary: 10,5x7x5 cm Kolor: czarny Dexxer Wyciskacz Do Czosnku Praska Siekacz Wyciskarka Dexxer cytat mama, pokemony do druku, quiz o flagach, zagadka matematyczna, psi patrol kolorowanka do druku, ozdoby wielkanocne kt\u00f3re mog\u0105 zrobi\u0107 [&hellip;]<\/p>\n","protected":false},"featured_media":6983,"comment_status":"closed","ping_status":"open","template":"","meta":[],"product_cat":[1023,1519],"product_tag":[853,689,843,636,773],"class_list":["post-6982","product","type-product","status-publish","has-post-thumbnail","hentry","product_cat-dexxer","product_cat-siekacze-tarki-i-szatkownice","product_tag-kolorowanki-do-druku-dla-doroslych","product_tag-linda","product_tag-smieszne-zagadki-dla-dzieci","product_tag-teksty-kolysanek","product_tag-test-z-lektury-opowiesci-z-narnii-lew-czarownica-i-stara-szafa"],"_links":{"self":[{"href":"http:\/\/klubmamgdynia.pl\/index.php\/wp-json\/wp\/v2\/product\/6982","targetHints":{"allow":["GET"]}}],"collection":[{"href":"http:\/\/klubmamgdynia.pl\/index.php\/wp-json\/wp\/v2\/product"}],"about":[{"href":"http:\/\/klubmamgdynia.pl\/index.php\/wp-json\/wp\/v2\/types\/product"}],"replies":[{"embeddable":true,"href":"http:\/\/klubmamgdynia.pl\/index.php\/wp-json\/wp\/v2\/comments?post=6982"}],"wp:featuredmedia":[{"embeddable":true,"href":"http:\/\/klubmamgdynia.pl\/index.php\/wp-json\/wp\/v2\/media\/6983"}],"wp:attachment":[{"href":"http:\/\/klubmamgdynia.pl\/index.php\/wp-json\/wp\/v2\/media?parent=6982"}],"wp:term":[{"taxonomy":"product_cat","embeddable":true,"href":"http:\/\/klubmamgdynia.pl\/index.php\/wp-json\/wp\/v2\/product_cat?post=6982"},{"taxonomy":"product_tag","embeddable":true,"href":"http:\/\/klubmamgdynia.pl\/index.php\/wp-json\/wp\/v2\/product_tag?post=6982"}],"curies":[{"name":"wp","href":"https:\/\/api.w.org\/{rel}","templated":true}]}}