{"id":6984,"date":"2020-02-15T13:46:23","date_gmt":"2020-02-15T12:46:23","guid":{"rendered":"http:\/\/klubmamgdynia.pl\/index.php\/produkt\/trixie-dreamy-dasher-gryzak-12054\/"},"modified":"2026-04-30T15:59:33","modified_gmt":"2026-04-30T13:59:33","slug":"trixie-dreamy-dasher-gryzak-12054","status":"publish","type":"product","link":"http:\/\/klubmamgdynia.pl\/index.php\/produkt\/trixie-dreamy-dasher-gryzak-12054\/","title":{"rendered":"Trixie Dreamy Dasher Gryzak 12054"},"content":{"rendered":"<p>Gryzak niemowl\u0119cy Trixie z kolekcji Dreamy DashesMateria\u0142y z jakich gryzak jest wykonany:materia\u0142 frotte 90% bawe\u0142na organiczna, 10% PES &#8211; pier\u015bcionek drewnianyWymiary:17 x 17cm<\/p>\n<h2>Trixie Dreamy Dasher Gryzak 12054 Trixie<\/h2>\n<p>prezent dla nastolatk\u00f3w 2021, 20 pytania do lektury ma\u0142y ksi\u0105\u017c\u0119, prezent dla dziecka 1 rok, najpi\u0119kniejsze cytaty o przyja\u017ani, bajki dla niemowl\u0105t do czytania, kolorowanki my little pony, przechowywanie zabawek, \u0142ama\u0144ce j\u0119zykowe dla dzieci, bal halloween dla dzieci 2021, bajka o biedronce, zagadki dla 8 latka, rysowanki, dzie\u0144 pluszowego misia napis, gabriel imie, maski do druku kolorowe, bajki dla chlopcow, zagadki dla 4 latka, miko\u0142ajkowe zabawy, darmowy szablon list do miko\u0142aja<\/p>\n<p>yyyyy<\/p>\n<p>&nbsp;<\/p>\n","protected":false},"excerpt":{"rendered":"<p>Gryzak niemowl\u0119cy Trixie z kolekcji Dreamy DashesMateria\u0142y z jakich gryzak jest wykonany:materia\u0142 frotte 90% bawe\u0142na organiczna, 10% PES &#8211; pier\u015bcionek drewnianyWymiary:17 x 17cm Trixie Dreamy Dasher Gryzak 12054 Trixie prezent dla nastolatk\u00f3w 2021, 20 pytania do lektury ma\u0142y ksi\u0105\u017c\u0119, prezent dla dziecka 1 rok, najpi\u0119kniejsze cytaty o przyja\u017ani, bajki dla niemowl\u0105t do czytania, kolorowanki my [&hellip;]<\/p>\n","protected":false},"featured_media":6985,"comment_status":"closed","ping_status":"open","template":"","meta":[],"product_cat":[63,43],"product_tag":[844,758,807,747,590,849],"class_list":["post-6984","product","type-product","status-publish","has-post-thumbnail","hentry","product_cat-grzechotki-i-gryzaki","product_cat-trixie","product_tag-co-kupic-na-roczek","product_tag-julian","product_tag-logiczne-zagadki","product_tag-malowanki-do-druku","product_tag-plac-zabaw-warszawa","product_tag-zagadki-matematyczne-dla-dzieci"],"_links":{"self":[{"href":"http:\/\/klubmamgdynia.pl\/index.php\/wp-json\/wp\/v2\/product\/6984","targetHints":{"allow":["GET"]}}],"collection":[{"href":"http:\/\/klubmamgdynia.pl\/index.php\/wp-json\/wp\/v2\/product"}],"about":[{"href":"http:\/\/klubmamgdynia.pl\/index.php\/wp-json\/wp\/v2\/types\/product"}],"replies":[{"embeddable":true,"href":"http:\/\/klubmamgdynia.pl\/index.php\/wp-json\/wp\/v2\/comments?post=6984"}],"wp:featuredmedia":[{"embeddable":true,"href":"http:\/\/klubmamgdynia.pl\/index.php\/wp-json\/wp\/v2\/media\/6985"}],"wp:attachment":[{"href":"http:\/\/klubmamgdynia.pl\/index.php\/wp-json\/wp\/v2\/media?parent=6984"}],"wp:term":[{"taxonomy":"product_cat","embeddable":true,"href":"http:\/\/klubmamgdynia.pl\/index.php\/wp-json\/wp\/v2\/product_cat?post=6984"},{"taxonomy":"product_tag","embeddable":true,"href":"http:\/\/klubmamgdynia.pl\/index.php\/wp-json\/wp\/v2\/product_tag?post=6984"}],"curies":[{"name":"wp","href":"https:\/\/api.w.org\/{rel}","templated":true}]}}