{"id":6986,"date":"2018-06-29T07:55:47","date_gmt":"2018-06-29T05:55:47","guid":{"rendered":"http:\/\/klubmamgdynia.pl\/index.php\/produkt\/askato-gryzak-zwierzatka-mix\/"},"modified":"2026-04-30T06:45:22","modified_gmt":"2026-04-30T04:45:22","slug":"askato-gryzak-zwierzatka-mix","status":"publish","type":"product","link":"http:\/\/klubmamgdynia.pl\/index.php\/produkt\/askato-gryzak-zwierzatka-mix\/","title":{"rendered":"Askato Gryzak Zwierz\u0105tka Mix"},"content":{"rendered":"<p>Mix wzor\u00f3w, towar wysy\u0142any losowo.Silikonowy gryzak &#8211; zwierz\u0105tkowiek 6m+wymiary opakowania: 8.5 x 0.7 x 8 cm&#8230;<\/p>\n<h2>Askato Gryzak Zwierz\u0105tka Mix Askato<\/h2>\n<p>ozdoby \u015bwi\u0105teczne do zrobienia z dzie\u0107mi, film rodzinny o \u015bwi\u0119tach, dzie\u0144 misia 2021, psikusy na prima aprilis, milan imi\u0119, kolorowanka kotki do druku, szybkie zagadki matematyczne, test z opowie\u015bci z narnii lew czarownica i stara szafa, bajki na dobranoc psi patrol, zagadki dla dzieci 10 12 lat z odpowiedziami, krotkie zagadki, bajki do czytania, wierszyki o marzannie, mia<\/p>\n<p>yyyyy<\/p>\n<p>&nbsp;<\/p>\n","protected":false},"excerpt":{"rendered":"<p>Mix wzor\u00f3w, towar wysy\u0142any losowo.Silikonowy gryzak &#8211; zwierz\u0105tkowiek 6m+wymiary opakowania: 8.5 x 0.7 x 8 cm&#8230; Askato Gryzak Zwierz\u0105tka Mix Askato ozdoby \u015bwi\u0105teczne do zrobienia z dzie\u0107mi, film rodzinny o \u015bwi\u0119tach, dzie\u0144 misia 2021, psikusy na prima aprilis, milan imi\u0119, kolorowanka kotki do druku, szybkie zagadki matematyczne, test z opowie\u015bci z narnii lew czarownica i [&hellip;]<\/p>\n","protected":false},"featured_media":6987,"comment_status":"closed","ping_status":"open","template":"","meta":[],"product_cat":[230,63],"product_tag":[755,655,774,659,608,634],"class_list":["post-6986","product","type-product","status-publish","has-post-thumbnail","hentry","product_cat-askato","product_cat-grzechotki-i-gryzaki","product_tag-henryk","product_tag-najlepsze-zagadki","product_tag-prezent-na-roczek-nie-zabawka","product_tag-tupu-tup-po-sniegu-tekst","product_tag-zagadki-i-odpowiedzi","product_tag-zagadki-wielkanocne-dla-dzieci"],"_links":{"self":[{"href":"http:\/\/klubmamgdynia.pl\/index.php\/wp-json\/wp\/v2\/product\/6986","targetHints":{"allow":["GET"]}}],"collection":[{"href":"http:\/\/klubmamgdynia.pl\/index.php\/wp-json\/wp\/v2\/product"}],"about":[{"href":"http:\/\/klubmamgdynia.pl\/index.php\/wp-json\/wp\/v2\/types\/product"}],"replies":[{"embeddable":true,"href":"http:\/\/klubmamgdynia.pl\/index.php\/wp-json\/wp\/v2\/comments?post=6986"}],"wp:featuredmedia":[{"embeddable":true,"href":"http:\/\/klubmamgdynia.pl\/index.php\/wp-json\/wp\/v2\/media\/6987"}],"wp:attachment":[{"href":"http:\/\/klubmamgdynia.pl\/index.php\/wp-json\/wp\/v2\/media?parent=6986"}],"wp:term":[{"taxonomy":"product_cat","embeddable":true,"href":"http:\/\/klubmamgdynia.pl\/index.php\/wp-json\/wp\/v2\/product_cat?post=6986"},{"taxonomy":"product_tag","embeddable":true,"href":"http:\/\/klubmamgdynia.pl\/index.php\/wp-json\/wp\/v2\/product_tag?post=6986"}],"curies":[{"name":"wp","href":"https:\/\/api.w.org\/{rel}","templated":true}]}}