{"id":6992,"date":"2025-03-11T07:19:21","date_gmt":"2025-03-11T06:19:21","guid":{"rendered":"http:\/\/klubmamgdynia.pl\/?post_type=product&#038;p=6992"},"modified":"2026-04-28T11:22:14","modified_gmt":"2026-04-28T09:22:14","slug":"aksjomat-maly-mis-to-lubi-memory-wesole-zwierzatka","status":"publish","type":"product","link":"http:\/\/klubmamgdynia.pl\/index.php\/produkt\/aksjomat-maly-mis-to-lubi-memory-wesole-zwierzatka\/","title":{"rendered":"Aksjomat Ma\u0142y mi\u015b to lubi! Memory Weso\u0142e Zwierz\u0105tka"},"content":{"rendered":"<h2>Aksjomat Ma\u0142y mi\u015b to lubi! Memory Weso\u0142e Zwierz\u0105tka Aksjomat<\/h2>\n<p>zagadki o zwierz\u0119tach wiejskich, dzie\u0144 nauczyciela cytaty, kolorowanki do wydruku postacie z bajek, malowanki dla dzieci, miko\u0142ajek &#8211; test z odpowiedziami, kolorowanka uk\u0142ad s\u0142oneczny dla dzieci do druku, kwiecie\u0144 plecie\u0144 wiersz, leonardo imi\u0119, prezent na pierwsze urodziny<\/p>\n<p>yyyyy<\/p>\n<p>&nbsp;<\/p>\n","protected":false},"excerpt":{"rendered":"<p>Aksjomat Ma\u0142y mi\u015b to lubi! Memory Weso\u0142e Zwierz\u0105tka Aksjomat zagadki o zwierz\u0119tach wiejskich, dzie\u0144 nauczyciela cytaty, kolorowanki do wydruku postacie z bajek, malowanki dla dzieci, miko\u0142ajek &#8211; test z odpowiedziami, kolorowanka uk\u0142ad s\u0142oneczny dla dzieci do druku, kwiecie\u0144 plecie\u0144 wiersz, leonardo imi\u0119, prezent na pierwsze urodziny yyyyy &nbsp;<\/p>\n","protected":false},"featured_media":6993,"comment_status":"closed","ping_status":"open","template":"","meta":[],"product_cat":[1512,130],"product_tag":[863,619,774,615],"class_list":["post-6992","product","type-product","status-publish","has-post-thumbnail","hentry","product_cat-aksjomat","product_cat-gry-dzieciece","product_tag-bajki-dla-dziewczynek","product_tag-iwo-imie","product_tag-prezent-na-roczek-nie-zabawka","product_tag-znane-misie-z-filmow-animowanych"],"_links":{"self":[{"href":"http:\/\/klubmamgdynia.pl\/index.php\/wp-json\/wp\/v2\/product\/6992","targetHints":{"allow":["GET"]}}],"collection":[{"href":"http:\/\/klubmamgdynia.pl\/index.php\/wp-json\/wp\/v2\/product"}],"about":[{"href":"http:\/\/klubmamgdynia.pl\/index.php\/wp-json\/wp\/v2\/types\/product"}],"replies":[{"embeddable":true,"href":"http:\/\/klubmamgdynia.pl\/index.php\/wp-json\/wp\/v2\/comments?post=6992"}],"wp:featuredmedia":[{"embeddable":true,"href":"http:\/\/klubmamgdynia.pl\/index.php\/wp-json\/wp\/v2\/media\/6993"}],"wp:attachment":[{"href":"http:\/\/klubmamgdynia.pl\/index.php\/wp-json\/wp\/v2\/media?parent=6992"}],"wp:term":[{"taxonomy":"product_cat","embeddable":true,"href":"http:\/\/klubmamgdynia.pl\/index.php\/wp-json\/wp\/v2\/product_cat?post=6992"},{"taxonomy":"product_tag","embeddable":true,"href":"http:\/\/klubmamgdynia.pl\/index.php\/wp-json\/wp\/v2\/product_tag?post=6992"}],"curies":[{"name":"wp","href":"https:\/\/api.w.org\/{rel}","templated":true}]}}