{"id":6994,"date":"2023-09-14T02:46:05","date_gmt":"2023-09-14T00:46:05","guid":{"rendered":"http:\/\/klubmamgdynia.pl\/?post_type=product&#038;p=6994"},"modified":"2026-04-27T09:58:22","modified_gmt":"2026-04-27T07:58:22","slug":"tm-toys-imc-minnie-kiss-kiss-maskotka-interaktywna-181557","status":"publish","type":"product","link":"http:\/\/klubmamgdynia.pl\/index.php\/produkt\/tm-toys-imc-minnie-kiss-kiss-maskotka-interaktywna-181557\/","title":{"rendered":"TM TOYS IMC Minnie Kiss Kiss maskotka interaktywna 181557"},"content":{"rendered":"<p>Minnie to mi\u0119kka, przyjemna, interaktywna maskotka, kt\u00f3ra sprawi, \u017ce ka\u017cda ma\u0142a ksi\u0119\u017cniczka zakochaj\u0105 si\u0119 podczas zabawy. Do\u0142\u0105czony smoczek wchodzi w interakcj\u0119 z lalk\u0105, uspokajaj\u0105c j\u0105, gdy p\u0142acze. Maskotka jest wyposa\u017cona w akcesoria, kt\u00f3re sprawiaj\u0105, \u017ce gra jest jeszcze bardziej wci\u0105gaj\u0105ca: dzi\u0119ki talerzykowi i \u0142y\u017ceczce mo\u017cesz nakarmi\u0107 Minnie. Jest te\u017c fantastyczna darmowa aplikacja z mn\u00f3stwem gier i zaj\u0119\u0107 zaprojektowanych specjalnie dla najm\u0142odszych, aby gra\u0107 i bawi\u0107 si\u0119 z Baby Minnie. Maskotka ze s\u0142odkimi piosenkami i zabawnymi rymowankami. Maskotka posiada 5 przycisk\u00f3w, kt\u00f3re ucz\u0105 pierwszych cyferek, literek, kszta\u0142t\u00f3w, kolor\u00f3w, imion i d\u017awi\u0119k\u00f3w zwierz\u0105t. Idealna aby rozwija\u0107 zdolno\u015bci zr\u0119czno\u015bciowe, wyobra\u017ani\u0119 i zdolno\u015bci do na\u015bladowania. Zabawka w j\u0119zyku w\u0142oskim &#8211; fakt ten rekompensujemy ogromn\u0105 obni\u017ck\u0105 cenow\u0105. Produkt z nadwy\u017cki magazynowej w stanie oryginalnym nieuszkodzonym. Sprawdzony i gotowy \u017ceby zapewni\u0107 dobra zabaw\u0119 w najkorzystniejszej cenie! Zabawk\u0119 otrzymasz w oryginalnym opakowaniu. Prezentacja produktu<\/p>\n<h2>TM TOYS IMC Minnie Kiss Kiss maskotka interaktywna 181557 IMC Toys<\/h2>\n<p>karolcia test z lektury, fajne \u017carty na prima aprilis, znaczenie imienia alan, kolorowanki star wars, zagadki podchwytliwe, zagadki o wielkanocy, pomys\u0142y na pakowanie prezent\u00f3w, marianna, lato lato lato czeka tekst, zagadki logiczne, atrakcje do 30 km od wroc\u0142awia, bajka do czytania o piesku, zagadki \u0142amig\u0142\u00f3wki, lukrecja imi\u0119, co dla rocznego dziecka, kuba imi\u0119, rozrywka dla dzieci<\/p>\n<p>yyyyy<\/p>\n<p>&nbsp;<\/p>\n","protected":false},"excerpt":{"rendered":"<p>Minnie to mi\u0119kka, przyjemna, interaktywna maskotka, kt\u00f3ra sprawi, \u017ce ka\u017cda ma\u0142a ksi\u0119\u017cniczka zakochaj\u0105 si\u0119 podczas zabawy. Do\u0142\u0105czony smoczek wchodzi w interakcj\u0119 z lalk\u0105, uspokajaj\u0105c j\u0105, gdy p\u0142acze. Maskotka jest wyposa\u017cona w akcesoria, kt\u00f3re sprawiaj\u0105, \u017ce gra jest jeszcze bardziej wci\u0105gaj\u0105ca: dzi\u0119ki talerzykowi i \u0142y\u017ceczce mo\u017cesz nakarmi\u0107 Minnie. Jest te\u017c fantastyczna darmowa aplikacja z mn\u00f3stwem gier [&hellip;]<\/p>\n","protected":false},"featured_media":6995,"comment_status":"closed","ping_status":"open","template":"","meta":[],"product_cat":[316,42],"product_tag":[797,669,642,762,860,713],"class_list":["post-6994","product","type-product","status-publish","has-post-thumbnail","hentry","product_cat-imc-toys","product_cat-maskotki","product_tag-kiekrz","product_tag-kolorowanki","product_tag-mia-imie","product_tag-trudne-zagadki-dla-dzieci","product_tag-zagadki-logiczne-dla-doroslych","product_tag-zagadki-logiczne-z-odpowiedziami"],"_links":{"self":[{"href":"http:\/\/klubmamgdynia.pl\/index.php\/wp-json\/wp\/v2\/product\/6994","targetHints":{"allow":["GET"]}}],"collection":[{"href":"http:\/\/klubmamgdynia.pl\/index.php\/wp-json\/wp\/v2\/product"}],"about":[{"href":"http:\/\/klubmamgdynia.pl\/index.php\/wp-json\/wp\/v2\/types\/product"}],"replies":[{"embeddable":true,"href":"http:\/\/klubmamgdynia.pl\/index.php\/wp-json\/wp\/v2\/comments?post=6994"}],"wp:featuredmedia":[{"embeddable":true,"href":"http:\/\/klubmamgdynia.pl\/index.php\/wp-json\/wp\/v2\/media\/6995"}],"wp:attachment":[{"href":"http:\/\/klubmamgdynia.pl\/index.php\/wp-json\/wp\/v2\/media?parent=6994"}],"wp:term":[{"taxonomy":"product_cat","embeddable":true,"href":"http:\/\/klubmamgdynia.pl\/index.php\/wp-json\/wp\/v2\/product_cat?post=6994"},{"taxonomy":"product_tag","embeddable":true,"href":"http:\/\/klubmamgdynia.pl\/index.php\/wp-json\/wp\/v2\/product_tag?post=6994"}],"curies":[{"name":"wp","href":"https:\/\/api.w.org\/{rel}","templated":true}]}}