{"id":6996,"date":"2021-07-05T23:16:13","date_gmt":"2021-07-05T21:16:13","guid":{"rendered":"http:\/\/klubmamgdynia.pl\/index.php\/produkt\/osmo-bejca-olejna-3543-koniak-1l\/"},"modified":"2026-04-07T12:36:52","modified_gmt":"2026-04-07T10:36:52","slug":"osmo-bejca-olejna-3543-koniak-1l","status":"publish","type":"product","link":"http:\/\/klubmamgdynia.pl\/index.php\/produkt\/osmo-bejca-olejna-3543-koniak-1l\/","title":{"rendered":"Osmo Bejca Olejna 3543 Koniak 1L"},"content":{"rendered":"<p>OSMO BEJCA OLEJNA, koniak (3543), 1l.Bejca Olejna Osmo pozwala na intensywne barwienie drewnianych powierzchni pod\u0142\u00f3g. Dzi\u0119ki specjalnej kombinacji olej\u00f3w nadaje si\u0119 do profesjonalnej aplikacji bez pozostawiania widocznych nak\u0142adek. Delikatne, transparentne zabarwienie otrzymujemy nak\u0142adaj\u0105c bejc\u0119 za pomoc\u0105 szpachli i dok\u0142adnie rozprowadzaj\u0105c j\u0105 maszyn\u0105 z bia\u0142ym padem. Powierzchni\u0119 nale\u017cy wyko\u0144czy\u0107 jednym z bezbarwnych wosk\u00f3w Twardych Olejnych Osmo. Uzyskana mikroporowa pow\u0142oka pozwala drewnu swobodnie oddycha\u0107.ZASTOSOWANIEBejca Olejna Osmo jest idealna do wszystkich drewnianych pod\u0142\u00f3g, parkiet\u00f3w, p\u0142yt OSB.ZALETYDu\u017cy wyb\u00f3r atrakcyjnych kolor\u00f3w.Pozwala na barwienie transparentne lub intensywne.Wysoka zawarto\u015b\u0107 pigment\u00f3w pozwala uzyska\u0107 g\u0142\u0119bokie barwy.Na bazie naturalnych olej\u00f3w \u2013 pozwala na r\u00f3wnomierne zabarwienie powierzchni bez zak\u0142adek.Mikroporowata pow\u0142oka \u2013 pozwala drewnu oddycha\u0107.Odporna na zabrudzenie, wilgo\u0107 i plamy.\u0141atwa aplikacja.SK\u0141ADProdukt na bazie naturalnych, ro\u015blinnych olej\u00f3w (olej s\u0142onecznikowy, lniany, sojowy, ostowy), pigmenty na bazie tlenku \u017celaza, organiczne lub na bazie tlenku tytanu (bia\u0142y pigment), bezo\u0142owiowe sykatywy (suszki) i hydrofobowe substancje pomocnicze. Sk\u0142adniki lotne: odaromatyzowany spirytus mineralny (nie zawiera benzenu). Produkt ten jest zgodny z wymogami dyrektywy UE (2004\/42\/EC, w sprawie maksymalnej dopuszczalnej zawarto\u015bci LZO wynosz\u0105cej 500 g\/l (kat. A\/i (2010). Szczeg\u00f3\u0142owa deklaracja sk\u0142adu dost\u0119pna na \u017c\u0105danie.CI\u0118\u017bAR W\u0141A\u015aCIWY0.9-1.15 g\/cm\u00b3.PRZYGOTOWANIE POWIERZCHNIPowierzchnia drewna musi by\u0107 czysta, sucha i nie zmro\u017cona (zawarto\u015b\u0107 wilgoci maks. 18%).Bejca Olejna Osmo jest gotowa do u\u017cycia i nie wymaga rozcie\u0144czania. Przed u\u017cyciem produkt starannie wymiesza\u0107. Starannie usun\u0105\u0107 plamy mikroporowate. Ca\u0142kowicie usun\u0105\u0107 stare pow\u0142oki malarskie i lakiernicze.W czasie szlifowania nale\u017cy zawsze zak\u0142ada\u0107 mask\u0119 przeciwpy\u0142ow\u0105. Wype\u0142ni\u0107 sp\u0119kania, dziury i otwory po s\u0119kach (najlepiej Szpachl\u0105 do drewna Osmo). Starannie oszlifowa\u0107 powierzchnie drewna. Rozpocz\u0105\u0107 od gruboziarnistego papieru \u015bciernego a wyko\u0144czy\u0107 papierem \u015bciernym do pod\u0142\u00f3g P120-150. Przed na\u0142o\u017ceniem pow\u0142oki olejowej usun\u0105\u0107 py\u0142 ze szlifowania przy pomocy miot\u0142y lub odkurzacza.Wygl\u0105d wyko\u0144czonej powierzchni zale\u017cy, mi\u0119dzy innymi, od naturalnej charakterystyki drewna. W zwi\u0105zku z powy\u017cszym nale\u017cy zawsze wykona\u0107 pr\u00f3bne na\u0142o\u017cenie produktu, zw\u0142aszcza w przypadku powierzchni nieznanych.METODY APLIKACJIProdukt rozprowadzi\u0107 dok\u0142adnie cienk\u0105 i r\u00f3wnomiern\u0105 warstw\u0105 po czystym i suchym drewnie, wzd\u0142u\u017c w\u0142\u00f3kien, przy pomocy szczotki do malowania pod\u0142\u00f3g Osmo, wa\u0142ka z mikrofibry Osmo lub za pomoc\u0105 w\u0142\u00f3kniny do aplikacji na r\u0105czce do pada. Po aplikacji szpachl\u0105, bejc\u0119 wmasowa\u0107 w drewno maszyn\u0105 z bia\u0142ym padem. Pozostawi\u0107 do wyschni\u0119cia, zapewniaj\u0105c dobr\u0105 wentylacj\u0119. Dla uzyskania bardziej intensywnego koloru na\u0142o\u017cy\u0107 i dok\u0142adnie rozprowadzi\u0107 drug\u0105, cienk\u0105 warstw\u0119 bejcy.Zdecydowanie zalecamy zabezpieczenie zabarwionej pod\u0142ogi cienk\u0105 warstw\u0105 jednego z bezbarwnych Wosk\u00f3w Twardych Olejnych Osmo. Przed na\u0142o\u017ceniem warstwy wyko\u0144czeniowej bejca musi by\u0107 ca\u0142kowicie wyschni\u0119ta. Efekt malowania jest zale\u017cny m.in. od w\u0142a\u015bciwo\u015bci drewna (gatunek drewna, szlif, itp.), dlatego ka\u017cdorazowo przed malowaniem zalecane jest wykonanie pr\u00f3by.CZAS SCHNI\u0118CIACzas schni\u0119cia, ok. 12 godzin (normalne warunki atmosferyczne, 23\u00b0C\/50 % wilgotno\u015bci wzgl.). Ni\u017csze temperatury i\/lub wy\u017csza wilgotno\u015b\u0107 mog\u0105 wyd\u0142u\u017ca\u0107 czas schni\u0119cia. Nale\u017cy zapewni\u0107 dobr\u0105 wentylacj\u0119 podczas schni\u0119cia.ZU\u017bYCIE1 litr wystarcza na ok. 24-48 m\u00b2 powierzchni pokrytej jedn\u0105 pow\u0142ok\u0105. Pokrycie produktem zale\u017cy w znacz\u0105cym stopniu od charakteru drewna. Wszelkie informacje odnosz\u0105 si\u0119 do g\u0142adkich i skrawanych\/obrobionych powierzchni. Inne powierzchnie nie gwarantuj\u0105 ca\u0142kowitego pokrycia.UWAGAW przypadku ciemnego drewna bogatego w zwi\u0105zki organiczne, np. wenge, merbau, jatoba zalecamy obr\u00f3bk\u0119 Woskiem Olejnym do Egzotyk\u00f3w Osmo lub Woskiem Twardym Olejnym 2K Eco Pure.Bejca 3501 (Bia\u0142a): Na pod\u0142ogi zabarwione bia\u0142\u0105 Bejc\u0105 olejn\u0105 (3501) nale\u017cy na\u0142o\u017cy\u0107 jako warstw\u0119 wyko\u0144czeniow\u0105 bia\u0142y Wosk Twardy Olejny Kolor (3040) lub bia\u0142y Wosk Twardy Olejny Rapid (3240). Intensywnie bia\u0142e powierzchnie nie s\u0105 generalnie zalecane do pod\u0142\u00f3g, ze wzgl\u0119du na wi\u0119ksz\u0105 podatno\u015b\u0107 na zabrudzenia i \u017c\u00f3\u0142kni\u0119cie.Bejca 3519 (Surowe drewno): aplikuj\u0105c t\u0105 bejc\u0119 zalecamy nak\u0142adanie cie\u0144szej warstwy Szczotk\u0105 do malowania pod\u0142\u00f3g lub Wa\u0142kiem z mikrofibry, a po wyschni\u0119ciu zabezpieczy\u0107 jednym z bezbarwnych wosk\u00f3w Twardych Olejnych Osmo.Otrzymujemy naturaln\u0105 powierzchnie woln\u0105 od efektu \u201emokrego drewna\u201c. Na ciemnych\/czerwonych gatunkach drewna Bejca 3519 b\u0119dzie widoczna jako delikatny, bia\u0142y osad. Na pod\u0142ogi zabarwione na bia\u0142o jako warstw\u0119 wyko\u0144czeniow\u0105 polecamy Wosk Twardy Olejny Kolor Bia\u0142y (3040).UWAGA!: Efekt ko\u0144cowy zale\u017cy od gatunku drewna i jego parametr\u00f3w (np. typu powierzchni), dlatego przed aplikacj\u0105 zawsze nale\u017cy wykona\u0107 pr\u00f3b\u0119.Osmo bejca olejna do drewna na stronie producenta.Termin realizacji zam\u00f3wienia farby mo\u017ce wynie\u015b\u0107 1-1 dni. Przed przyjazdem dowiedz si\u0119 czy towar, kt\u00f3ry Ci\u0119 interesuje jest w tym momencie dost\u0119pny.*Kolory widoczne na ekranie monitora zosta\u0142y wygenerowane elektronicznie. Mog\u0105 one r\u00f3\u017cni\u0107 si\u0119 od rzeczywistych kolor\u00f3w wymalowa\u0144, jako \u017ce na odbi\u00f3r koloru maj\u0105 wp\u0142yw takie czynniki jak wyko\u0144czenie i po\u0142ysk materia\u0142u czy o\u015bwietlenie. Przed zakupem i u\u017cyciem danej farby prosimy zawsze sprawdza\u0107 wybrany kolor w karcie kolor\u00f3w Tikkurila lub na pr\u00f3bkach kolor\u00f3w.<\/p>\n<h2>Osmo Bejca Olejna 3543 Koniak 1L Osmo<\/h2>\n<p>zagadki dla dzieci 6-7 lat online, quizy psi patrol, zaproszenia do druku, oryginalny prezent na roczek dla ch\u0142opca<\/p>\n<p>yyyyy<\/p>\n<p>&nbsp;<\/p>\n","protected":false},"excerpt":{"rendered":"<p>OSMO BEJCA OLEJNA, koniak (3543), 1l.Bejca Olejna Osmo pozwala na intensywne barwienie drewnianych powierzchni pod\u0142\u00f3g. Dzi\u0119ki specjalnej kombinacji olej\u00f3w nadaje si\u0119 do profesjonalnej aplikacji bez pozostawiania widocznych nak\u0142adek. Delikatne, transparentne zabarwienie otrzymujemy nak\u0142adaj\u0105c bejc\u0119 za pomoc\u0105 szpachli i dok\u0142adnie rozprowadzaj\u0105c j\u0105 maszyn\u0105 z bia\u0142ym padem. Powierzchni\u0119 nale\u017cy wyko\u0144czy\u0107 jednym z bezbarwnych wosk\u00f3w Twardych Olejnych Osmo. [&hellip;]<\/p>\n","protected":false},"featured_media":6997,"comment_status":"closed","ping_status":"open","template":"","meta":[],"product_cat":[1520,1515],"product_tag":[685,851,861,667,703,675],"class_list":["post-6996","product","type-product","status-publish","has-post-thumbnail","hentry","product_cat-impregnaty-i-grunty","product_cat-osmo","product_tag-cytaty-o-rodzinie","product_tag-jak-narysowac-kota","product_tag-jak-narysowac-psa","product_tag-kolorowanka-lol","product_tag-prezent-dla-nastolatki","product_tag-test-z-lektury-kajko-i-kokosz-szkola-latania"],"_links":{"self":[{"href":"http:\/\/klubmamgdynia.pl\/index.php\/wp-json\/wp\/v2\/product\/6996","targetHints":{"allow":["GET"]}}],"collection":[{"href":"http:\/\/klubmamgdynia.pl\/index.php\/wp-json\/wp\/v2\/product"}],"about":[{"href":"http:\/\/klubmamgdynia.pl\/index.php\/wp-json\/wp\/v2\/types\/product"}],"replies":[{"embeddable":true,"href":"http:\/\/klubmamgdynia.pl\/index.php\/wp-json\/wp\/v2\/comments?post=6996"}],"wp:featuredmedia":[{"embeddable":true,"href":"http:\/\/klubmamgdynia.pl\/index.php\/wp-json\/wp\/v2\/media\/6997"}],"wp:attachment":[{"href":"http:\/\/klubmamgdynia.pl\/index.php\/wp-json\/wp\/v2\/media?parent=6996"}],"wp:term":[{"taxonomy":"product_cat","embeddable":true,"href":"http:\/\/klubmamgdynia.pl\/index.php\/wp-json\/wp\/v2\/product_cat?post=6996"},{"taxonomy":"product_tag","embeddable":true,"href":"http:\/\/klubmamgdynia.pl\/index.php\/wp-json\/wp\/v2\/product_tag?post=6996"}],"curies":[{"name":"wp","href":"https:\/\/api.w.org\/{rel}","templated":true}]}}