{"id":700,"date":"2017-12-06T22:10:59","date_gmt":"2017-12-06T21:10:59","guid":{"rendered":"http:\/\/klubmamgdynia.pl\/index.php\/produkt\/philips-bhd340-10\/"},"modified":"2026-04-24T21:33:05","modified_gmt":"2026-04-24T19:33:05","slug":"philips-bhd340-10","status":"publish","type":"product","link":"http:\/\/klubmamgdynia.pl\/index.php\/produkt\/philips-bhd340-10\/","title":{"rendered":"PHILIPS BHD340\/10"},"content":{"rendered":"<p>Szybka i wygodna piel\u0119gnacja na co dzie\u0144Suszarka Philips z serii 3000 doskonale sprawdzi si\u0119 podczas codziennego u\u017cytkowania. Otrzyma\u0142a specjaln\u0105 nasadk\u0119 ThermoProtect, by suszenie dla ka\u017cdego rodzaju w\u0142os\u00f3w by\u0142o delikatniejsze. Stylizacj\u0119 u\u0142atwi Ci wysoka efektywno\u015b\u0107 dzia\u0142ania urz\u0105dzenia oraz jego niewielkie rozmiary.                            <\/p>\n<p>Suszenie w ni\u017cszej temperaturze w trosce o\u00a0Twoje w\u0142osyZ suszark\u0105 Philips 3000 nie b\u0119dziesz ju\u017c przegrzewa\u0107 w\u0142os\u00f3w, czego skutkiem b\u0119dzie ich lepsza kondycja. Nasadka ThermoProtect redukuje temperatur\u0119 suszenia o 15\u00b0C, r\u00f3wnocze\u015bnie zachowuj\u0105c pe\u0142n\u0105 wydajno\u015b\u0107 dzia\u0142ania*,\u00a0oferowan\u0105 przez moc 2100 W.<\/p>\n<p>Jak dzia\u0142a nasadka ThermoProtect?Gor\u0105ce powietrze wydmuchiwane z otwor\u00f3w nasadki ThermoProtect \u0142\u0105czy si\u0119 z zimnym powietrzem z otoczenia, obni\u017caj\u0105c temperatur\u0119 suszenia o 15\u00b0C. Dzi\u0119ki temu stylizacja jest bezpieczniejsza dla Twoich w\u0142os\u00f3w.<\/p>\n<p>Jeszcze lepsze rezultaty                            <\/p>\n<p>Zimny nawiewFunkcja zimnego nawiewu na zako\u0144czenie suszenia pomaga uzyska\u0107 idealn\u0105 i tra\u0142\u0105 stylizacj\u0119.                            <\/p>\n<p>Efektywne suszenieSuszarka Philips posiada moc 2100 W oraz silny nadmuch powietrza, zapewniaj\u0105c szybkie i dok\u0142adne suszenie.                            <\/p>\n<p>6-stopniowe ustawieniaSuszarka Philips z serii 3000 oferuje Ci 6 wst\u0119pnie wybranych kombinacji temperatury i pr\u0119dko\u015bci. Bez trudu dopasujesz suszenie do swoich potrzeb. Zimny nawiew, tryb ni\u017cszej temperatury oraz tryb wy\u017cszej temperatury &#8211; ka\u017cdego z nich mo\u017cesz u\u017cywa\u0107 z wysok\u0105 lub nisk\u0105 pr\u0119dko\u015bci\u0105.                            <\/p>\n<p>Zaprojektowana z my\u015bl\u0105 o TobieSuszarka ma kompaktowe rozmiary i niewielk\u0105 wag\u0119, co docenisz podczas codziennego u\u017cytkowania. \u0141atwo j\u0105 przechowasz, a tak\u017ce wygodnie zabierzesz ze sob\u0105 w podr\u00f3\u017c.<\/p>\n<p>W zestawie                            <\/p>\n<p>1. Suszarka BHD340\/102. Nasadka ThermoProtect3. Koncentrator                            <\/p>\n<p>Wybierz suszark\u0119 Philips dla siebie                            <\/p>\n<p>* Technologia ThermoProtect jest aktywowana po za\u0142o\u017ceniu nasadki.** Przy najwy\u017cszym ustawieniu pr\u0119dko\u015bci.<\/p>\n<h2>PHILIPS BHD340\/10 Philips<\/h2>\n<p>zrobi\u0107 laurk\u0119 laurka dla babci, quiz stolice europy, kolorowanki do druku peppa, prezent dla nastolatk\u00f3w, kalina imi\u0119, bajki dla chlopcow<\/p>\n<p>yyyyy<\/p>\n<p>&nbsp;<\/p>\n","protected":false},"excerpt":{"rendered":"<p>Szybka i wygodna piel\u0119gnacja na co dzie\u0144Suszarka Philips z serii 3000 doskonale sprawdzi si\u0119 podczas codziennego u\u017cytkowania. Otrzyma\u0142a specjaln\u0105 nasadk\u0119 ThermoProtect, by suszenie dla ka\u017cdego rodzaju w\u0142os\u00f3w by\u0142o delikatniejsze. Stylizacj\u0119 u\u0142atwi Ci wysoka efektywno\u015b\u0107 dzia\u0142ania urz\u0105dzenia oraz jego niewielkie rozmiary. Suszenie w ni\u017cszej temperaturze w trosce o\u00a0Twoje w\u0142osyZ suszark\u0105 Philips 3000 nie b\u0119dziesz ju\u017c przegrzewa\u0107 [&hellip;]<\/p>\n","protected":false},"featured_media":701,"comment_status":"closed","ping_status":"open","template":"","meta":[],"product_cat":[261,262],"product_tag":[864,754,747,636,811,791],"class_list":["post-700","product","type-product","status-publish","has-post-thumbnail","hentry","product_cat-philips","product_cat-suszarki-do-wlosow","product_tag-basen-warszawa","product_tag-dyplomy-do-wydrukowania-a4","product_tag-malowanki-do-druku","product_tag-teksty-kolysanek","product_tag-zagadki-logiczne-dla-dzieci","product_tag-zagadki-na-myslenie"],"_links":{"self":[{"href":"http:\/\/klubmamgdynia.pl\/index.php\/wp-json\/wp\/v2\/product\/700","targetHints":{"allow":["GET"]}}],"collection":[{"href":"http:\/\/klubmamgdynia.pl\/index.php\/wp-json\/wp\/v2\/product"}],"about":[{"href":"http:\/\/klubmamgdynia.pl\/index.php\/wp-json\/wp\/v2\/types\/product"}],"replies":[{"embeddable":true,"href":"http:\/\/klubmamgdynia.pl\/index.php\/wp-json\/wp\/v2\/comments?post=700"}],"wp:featuredmedia":[{"embeddable":true,"href":"http:\/\/klubmamgdynia.pl\/index.php\/wp-json\/wp\/v2\/media\/701"}],"wp:attachment":[{"href":"http:\/\/klubmamgdynia.pl\/index.php\/wp-json\/wp\/v2\/media?parent=700"}],"wp:term":[{"taxonomy":"product_cat","embeddable":true,"href":"http:\/\/klubmamgdynia.pl\/index.php\/wp-json\/wp\/v2\/product_cat?post=700"},{"taxonomy":"product_tag","embeddable":true,"href":"http:\/\/klubmamgdynia.pl\/index.php\/wp-json\/wp\/v2\/product_tag?post=700"}],"curies":[{"name":"wp","href":"https:\/\/api.w.org\/{rel}","templated":true}]}}