{"id":7000,"date":"2011-07-10T14:46:50","date_gmt":"2011-07-10T12:46:50","guid":{"rendered":"http:\/\/klubmamgdynia.pl\/index.php\/produkt\/anek-auto-smieciarka-swiatlodzwiek-116-wy309s\/"},"modified":"2026-04-06T16:51:58","modified_gmt":"2026-04-06T14:51:58","slug":"anek-auto-smieciarka-swiatlodzwiek-116-wy309s","status":"publish","type":"product","link":"http:\/\/klubmamgdynia.pl\/index.php\/produkt\/anek-auto-smieciarka-swiatlodzwiek-116-wy309s\/","title":{"rendered":"Anek Auto \u015amieciarka \u015awiat\u0142od\u017awi\u0119k 1:16 (Wy309S)"},"content":{"rendered":"<p>Informacje o produkcieNr katalogowyWY309SRodzaj (pojazdy\/modele) Ci\u0119\u017car\u00f3wkiSkala 1:16Materia\u0142 Tworzywo sztuczne (plastik)P\u0142e\u0107 (zabawki) Ch\u0142opcyPozosta\u0142e parametryWymiary opakowania: 32,5 x 11,5 x 18,5 cm.<\/p>\n<h2>Anek Auto \u015amieciarka \u015awiat\u0142od\u017awi\u0119k 1:16 (Wy309S) Anek<\/h2>\n<p>prima aprilis w szkole, szablon krokus kolorowanka, quiz flagi \u015bwiata, park ujazdowski, mi\u0142o\u015b\u0107 do dziecka cytaty, wierszyk o choince, opis do zdj\u0119cia z dzieckiem, gabriel imi\u0119, quiz opowie\u015bci z narnii lew czarownica i stara szafa, prezent dla nastolatk\u00f3w, imie paula, kolorowanki antystresowe, kolorowanki dla dziewczyn, wroc\u0142aw i okolice atrakcje, pola imi\u0119, bajka na dobranoc do czytania, zagadki o wielkanocy<\/p>\n<p>yyyyy<\/p>\n<p>&nbsp;<\/p>\n","protected":false},"excerpt":{"rendered":"<p>Informacje o produkcieNr katalogowyWY309SRodzaj (pojazdy\/modele) Ci\u0119\u017car\u00f3wkiSkala 1:16Materia\u0142 Tworzywo sztuczne (plastik)P\u0142e\u0107 (zabawki) Ch\u0142opcyPozosta\u0142e parametryWymiary opakowania: 32,5 x 11,5 x 18,5 cm. Anek Auto \u015amieciarka \u015awiat\u0142od\u017awi\u0119k 1:16 (Wy309S) Anek prima aprilis w szkole, szablon krokus kolorowanka, quiz flagi \u015bwiata, park ujazdowski, mi\u0142o\u015b\u0107 do dziecka cytaty, wierszyk o choince, opis do zdj\u0119cia z dzieckiem, gabriel imi\u0119, quiz opowie\u015bci [&hellip;]<\/p>\n","protected":false},"featured_media":7001,"comment_status":"closed","ping_status":"open","template":"","meta":[],"product_cat":[111,303],"product_tag":[670,787,870,592,724],"class_list":["post-7000","product","type-product","status-publish","has-post-thumbnail","hentry","product_cat-anek","product_cat-kolekcjonerskie-modele-pojazdow","product_tag-irma","product_tag-nauka-pisania-wyrazow-dla-dzieci-do-druku-pdf","product_tag-prezent-dla-chlopca-na-roczek","product_tag-zagadki-dla-dzieci","product_tag-zagadki-podchwytliwe"],"_links":{"self":[{"href":"http:\/\/klubmamgdynia.pl\/index.php\/wp-json\/wp\/v2\/product\/7000","targetHints":{"allow":["GET"]}}],"collection":[{"href":"http:\/\/klubmamgdynia.pl\/index.php\/wp-json\/wp\/v2\/product"}],"about":[{"href":"http:\/\/klubmamgdynia.pl\/index.php\/wp-json\/wp\/v2\/types\/product"}],"replies":[{"embeddable":true,"href":"http:\/\/klubmamgdynia.pl\/index.php\/wp-json\/wp\/v2\/comments?post=7000"}],"wp:featuredmedia":[{"embeddable":true,"href":"http:\/\/klubmamgdynia.pl\/index.php\/wp-json\/wp\/v2\/media\/7001"}],"wp:attachment":[{"href":"http:\/\/klubmamgdynia.pl\/index.php\/wp-json\/wp\/v2\/media?parent=7000"}],"wp:term":[{"taxonomy":"product_cat","embeddable":true,"href":"http:\/\/klubmamgdynia.pl\/index.php\/wp-json\/wp\/v2\/product_cat?post=7000"},{"taxonomy":"product_tag","embeddable":true,"href":"http:\/\/klubmamgdynia.pl\/index.php\/wp-json\/wp\/v2\/product_tag?post=7000"}],"curies":[{"name":"wp","href":"https:\/\/api.w.org\/{rel}","templated":true}]}}