{"id":7002,"date":"2021-06-20T17:33:25","date_gmt":"2021-06-20T15:33:25","guid":{"rendered":"http:\/\/klubmamgdynia.pl\/index.php\/produkt\/uniwersalne-narzedzie-wielofunkcyjne-multitool-21-w-1-czarne\/"},"modified":"2026-04-30T00:22:24","modified_gmt":"2026-04-29T22:22:24","slug":"uniwersalne-narzedzie-wielofunkcyjne-multitool-21-w-1-czarne","status":"publish","type":"product","link":"http:\/\/klubmamgdynia.pl\/index.php\/produkt\/uniwersalne-narzedzie-wielofunkcyjne-multitool-21-w-1-czarne\/","title":{"rendered":"Uniwersalne narz\u0119dzie wielofunkcyjne Multitool 21 w 1 (Czarne)"},"content":{"rendered":"<p>MULTITOOL 21w1UNIWERSALNE NARZ\u0118DZIE WIELOFUNKCYJNESpecyfikacja:Materia\u0142 wykonania: stal nierdzewnaWymiary po z\u0142o\u017ceniu: 10,5x5x1,9cmPokrowiec w zestawie: takZESTAW ZAWIERANarz\u0119dzie wielofunkcyjne multitool9x ko\u0144c\u00f3wek \u015brubokr\u0119t\u00f3w1x nasadka na ko\u0144c\u00f3wki \u015brubokr\u0119t\u00f3wOrganizer na nasadk\u0119 i ko\u0144c\u00f3wki \u015brubokr\u0119t\u00f3wPokrowiec\/etuiOpakowanieZALETY PRODUKTUuniwersalne zastosowaniea\u017c 21 element\u00f3w w jednym narz\u0119dziuwykonany ze stali nierdzewnej najwy\u017cszej jako\u015bcidobrze le\u017cy w d\u0142onipokrowiec w zestawieNIEZAWODNYMultitool to praktyczne narz\u0119dzie, kt\u00f3re sprawdzi si\u0119 w ka\u017cdej sytuacji. Produkt posiada wbudowanych a\u017c 21 r\u00f3\u017cnych element\u00f3w, dzi\u0119ki kt\u00f3rym mo\u017cna poradzi\u0107 sobie podczas survivalu, na biwaku czy po prostu podczas prac ogrodowych. Mo\u017cliwo\u015bci s\u0105 nieograniczone!POR\u0118CZNY, SOLIDNY, BEZPIECZNYProdukt jest wykonany ze stali nierdzewnej najwy\u017cszej jako\u015bci, przez co jest bardzo trwa\u0142y i nie zniszczy si\u0119 po pierwszym u\u017cyciu, jak ta\u0144sze zamienniki. Budowa zosta\u0142a zaprojektowana w taki spos\u00f3b, aby pewnie le\u017ca\u0142a w d\u0142oni bez znaczenia, kt\u00f3rej funkcji chcemy akurat u\u017cy\u0107. Do zestawu jest do\u0142\u0105czony specjalny pokrowiec, kt\u00f3ry umo\u017cliwia nam wygodne trzymanie multitoola ze sob\u0105 jako narz\u0119dzie pierwszej potrzeby.ELEMENTY MULTITOOLAN\u00f3\u017c prostyN\u00f3\u017c z\u0105bkowanySzczypceKombinerkiPrzecinak do drutuBlokada bezpiecze\u0144stwaOtwieracz do puszekMa\u0142y \u015brubokr\u0119t p\u0142aski wbudowanyOtwieracz do butelekMa\u0142y \u015brubokr\u0119t krzy\u017cowy wbudowanyUchwyt do kombinerekNasadka na ko\u0144c\u00f3wki \u015brubokr\u0119t\u00f3w9 \u015brubokr\u0119t\u00f3w o r\u00f3\u017cnych wielko\u015bciach i kszta\u0142tach<\/p>\n<h2>Uniwersalne narz\u0119dzie wielofunkcyjne Multitool 21 w 1 (Czarne) Dexxer<\/h2>\n<p>prezent dla rocznego ch\u0142opca, prezenty dla 15 latki, co na roczek dla ch\u0142opca, wzory dyplom\u00f3w do pobrania, \u0142amig\u0142owki do druku, zagadki z odpowiedziami dla dzieci, antystresowe mandale do druku, test z opowie\u015bci z narnii lew czarownica i stara szafa, wierszyki na smigus dyngus, najrzadsze imiona w polsce, karty pracy dla dzieci z ukrainy, olaf znaczenie imienia, znaki drogowe test, aforyzmy o dzieciach, domki nad morzem z atrakcjami dla dzieci, karyna, kolorowanki pokemon, opowie\u015b\u0107 wigilijna test z odpowiedziami<\/p>\n<p>yyyyy<\/p>\n<p>&nbsp;<\/p>\n","protected":false},"excerpt":{"rendered":"<p>MULTITOOL 21w1UNIWERSALNE NARZ\u0118DZIE WIELOFUNKCYJNESpecyfikacja:Materia\u0142 wykonania: stal nierdzewnaWymiary po z\u0142o\u017ceniu: 10,5x5x1,9cmPokrowiec w zestawie: takZESTAW ZAWIERANarz\u0119dzie wielofunkcyjne multitool9x ko\u0144c\u00f3wek \u015brubokr\u0119t\u00f3w1x nasadka na ko\u0144c\u00f3wki \u015brubokr\u0119t\u00f3wOrganizer na nasadk\u0119 i ko\u0144c\u00f3wki \u015brubokr\u0119t\u00f3wPokrowiec\/etuiOpakowanieZALETY PRODUKTUuniwersalne zastosowaniea\u017c 21 element\u00f3w w jednym narz\u0119dziuwykonany ze stali nierdzewnej najwy\u017cszej jako\u015bcidobrze le\u017cy w d\u0142onipokrowiec w zestawieNIEZAWODNYMultitool to praktyczne narz\u0119dzie, kt\u00f3re sprawdzi si\u0119 w ka\u017cdej sytuacji. Produkt posiada [&hellip;]<\/p>\n","protected":false},"featured_media":7003,"comment_status":"closed","ping_status":"open","template":"","meta":[],"product_cat":[1023,1521],"product_tag":[680,584,747,652,876,633],"class_list":["post-7002","product","type-product","status-publish","has-post-thumbnail","hentry","product_cat-dexxer","product_cat-scyzoryki-i-multitools","product_tag-cytaty-z-malego-ksiecia","product_tag-liwia","product_tag-malowanki-do-druku","product_tag-otto","product_tag-przyjazn","product_tag-zagadki-z-odpowiedziami"],"_links":{"self":[{"href":"http:\/\/klubmamgdynia.pl\/index.php\/wp-json\/wp\/v2\/product\/7002","targetHints":{"allow":["GET"]}}],"collection":[{"href":"http:\/\/klubmamgdynia.pl\/index.php\/wp-json\/wp\/v2\/product"}],"about":[{"href":"http:\/\/klubmamgdynia.pl\/index.php\/wp-json\/wp\/v2\/types\/product"}],"replies":[{"embeddable":true,"href":"http:\/\/klubmamgdynia.pl\/index.php\/wp-json\/wp\/v2\/comments?post=7002"}],"wp:featuredmedia":[{"embeddable":true,"href":"http:\/\/klubmamgdynia.pl\/index.php\/wp-json\/wp\/v2\/media\/7003"}],"wp:attachment":[{"href":"http:\/\/klubmamgdynia.pl\/index.php\/wp-json\/wp\/v2\/media?parent=7002"}],"wp:term":[{"taxonomy":"product_cat","embeddable":true,"href":"http:\/\/klubmamgdynia.pl\/index.php\/wp-json\/wp\/v2\/product_cat?post=7002"},{"taxonomy":"product_tag","embeddable":true,"href":"http:\/\/klubmamgdynia.pl\/index.php\/wp-json\/wp\/v2\/product_tag?post=7002"}],"curies":[{"name":"wp","href":"https:\/\/api.w.org\/{rel}","templated":true}]}}