{"id":7004,"date":"2014-07-02T11:12:38","date_gmt":"2014-07-02T09:12:38","guid":{"rendered":"http:\/\/klubmamgdynia.pl\/index.php\/produkt\/lustro-lusterko-do-makijazu-led-dwustronne-7\/"},"modified":"2026-05-17T22:20:06","modified_gmt":"2026-05-17T20:20:06","slug":"lustro-lusterko-do-makijazu-led-dwustronne-7","status":"publish","type":"product","link":"http:\/\/klubmamgdynia.pl\/index.php\/produkt\/lustro-lusterko-do-makijazu-led-dwustronne-7\/","title":{"rendered":"Lustro lusterko do makija\u017cu Led dwustronne 7&#8243;"},"content":{"rendered":"<p>Dwustronne lustro kosmetyczne z diodami LED &#8211; 7 calizasilanie 4x AAAodbicie neutralne lub powi\u0119kszone x5p\u0142ynny obr\u00f3t o 360*stabilna podstawkaPrezentujemy stabilne i wygodne w u\u017cyciu okr\u0105g\u0142e lustro do makija\u017cu o \u015brednicy 7 cali, pod\u015bwietlane diodami LED.Jest to idealna propozycja dla wszystkich, kt\u00f3rzy musz\u0105 szybko i w idealnych warunkach wykona\u0107 makija\u017c! Sprawdzi si\u0119 zar\u00f3wno na u\u017cytek domowy, jak i podczas sesji fotograficznych. Stabilne i wykonane z wysokiej jako\u015bci materia\u0142\u00f3w, jest jednocze\u015bnie niewielkie i \u0142atwe w transporcie &#8211; zmie\u015bci si\u0119 w ka\u017cdej \u0142azience, sypialni, czy w studiu fotograficznym.Zamontowane wewn\u0105trz diody LED \u015bwiec\u0105 jasnym \u015bwiat\u0142em, odbijanym wielokrotnie od wewn\u0119trznego odb\u0142y\u015bnika &#8211; dzi\u0119ki temu o\u015bwietlenie na ca\u0142ej powierzchni jest jednorodne i sp\u00f3jne!Zasilane 4 bateriami \/ akumulatorami AAA, mo\u017ce by\u0107 u\u017cywane niemal\u017ce wsz\u0119dzie, nawet w ciemnym pomieszczeniu!Lusterko posiada wygodnie umiejscowiony w\u0142\u0105cznik. Miejsce na baterie znajduje si\u0119 wewn\u0105trz &#8211; wystarczy rozkr\u0119ci\u0107 tafle szybkim ruchem.Lustro jest dwustronne: mamy do dyspozycji odbicie neutralne, bez powi\u0119kszenia oraz odbicie powi\u0119kszone pi\u0119ciokrotnie! Dzi\u0119ki temu wykonamy nawet najbardziej precyzyjny makija\u017c!Tafla odbijaj\u0105ca zosta\u0142a wykonana z wysokiej jako\u015bci tworzywa, dzi\u0119ki czemu nie musimy obawia\u0107 si\u0119 st\u0142uczenia czy zarysowania powierzchni szklanej!Antypo\u015blizgowa stopka zapewnia stabilne u\u0142o\u017cenie, nawet na \u015bliskiej powierzchni (np. na kafelkach).Lustro mo\u017cemy dowolnie obraca\u0107 o 360 stopni, co dodatkowo poprawia komfort u\u017cytkowania!Ca\u0142o\u015b\u0107 zapakowana jest w bezpieczne pude\u0142ko z mi\u0119kkim wype\u0142nieniem, chroni\u0105cym podczas transportu!Wymiary:wysoko\u015b\u0107 ca\u0142kowita: 32cmprzek\u0105tna: 17,5cmprzek\u0105tna tafli odbijaj\u0105cej: 13cmszeroko\u015b\u0107 podstawy: 13,5cmwaga: ok. 1kgzasilanie: 4x AAA (brak w komplecie)o\u015bwietlenie: diody LEDodbicie: neutralne lub powi\u0119kszenie x5wykonanie: tworzywo sztuczne, aluminiumW komplecie:lusterko 7&#8243;<\/p>\n<h2>Lustro lusterko do makija\u017cu Led dwustronne 7&#8243; Dexxer<\/h2>\n<p>kiedy dzieci chodz\u0105 na halloween, opisy rodzina, zagadki logiczne dla doros\u0142ych, kolorowanka robot, kolorowanki na andrzejki do wydruku, adriana znaczenie imienia, miriam imie, ciekawostki o je\u017cach, zagadki o wio\u015bnie dla dzieci, macierzy\u0144stwo cytaty, atrakcje we wroc\u0142awiu dla dzieci, szlaczki literopodobne do wydruku, tekst ko\u0142ysanki, gabriela imie, szablony papierowe lalki do ubierania do wydruku, quiz pi\u0142karski, pomys\u0142 na prezent na roczek<\/p>\n<p>yyyyy<\/p>\n<p>&nbsp;<\/p>\n","protected":false},"excerpt":{"rendered":"<p>Dwustronne lustro kosmetyczne z diodami LED &#8211; 7 calizasilanie 4x AAAodbicie neutralne lub powi\u0119kszone x5p\u0142ynny obr\u00f3t o 360*stabilna podstawkaPrezentujemy stabilne i wygodne w u\u017cyciu okr\u0105g\u0142e lustro do makija\u017cu o \u015brednicy 7 cali, pod\u015bwietlane diodami LED.Jest to idealna propozycja dla wszystkich, kt\u00f3rzy musz\u0105 szybko i w idealnych warunkach wykona\u0107 makija\u017c! Sprawdzi si\u0119 zar\u00f3wno na u\u017cytek domowy, [&hellip;]<\/p>\n","protected":false},"featured_media":7005,"comment_status":"closed","ping_status":"open","template":"","meta":[],"product_cat":[1522,1023],"product_tag":[747,748,672,805],"class_list":["post-7004","product","type-product","status-publish","has-post-thumbnail","hentry","product_cat-akcesoria-do-makijazu","product_cat-dexxer","product_tag-malowanki-do-druku","product_tag-okolice-wroclawia-atrakcje","product_tag-trudne-zagadki-z-odpowiedziami","product_tag-znaczenie-imienia-alan"],"_links":{"self":[{"href":"http:\/\/klubmamgdynia.pl\/index.php\/wp-json\/wp\/v2\/product\/7004","targetHints":{"allow":["GET"]}}],"collection":[{"href":"http:\/\/klubmamgdynia.pl\/index.php\/wp-json\/wp\/v2\/product"}],"about":[{"href":"http:\/\/klubmamgdynia.pl\/index.php\/wp-json\/wp\/v2\/types\/product"}],"replies":[{"embeddable":true,"href":"http:\/\/klubmamgdynia.pl\/index.php\/wp-json\/wp\/v2\/comments?post=7004"}],"wp:featuredmedia":[{"embeddable":true,"href":"http:\/\/klubmamgdynia.pl\/index.php\/wp-json\/wp\/v2\/media\/7005"}],"wp:attachment":[{"href":"http:\/\/klubmamgdynia.pl\/index.php\/wp-json\/wp\/v2\/media?parent=7004"}],"wp:term":[{"taxonomy":"product_cat","embeddable":true,"href":"http:\/\/klubmamgdynia.pl\/index.php\/wp-json\/wp\/v2\/product_cat?post=7004"},{"taxonomy":"product_tag","embeddable":true,"href":"http:\/\/klubmamgdynia.pl\/index.php\/wp-json\/wp\/v2\/product_tag?post=7004"}],"curies":[{"name":"wp","href":"https:\/\/api.w.org\/{rel}","templated":true}]}}