{"id":7006,"date":"2013-03-29T20:47:46","date_gmt":"2013-03-29T19:47:46","guid":{"rendered":"http:\/\/klubmamgdynia.pl\/index.php\/produkt\/kinderkraft-lozeczko-turystyczne-joy-z-akcesoriami-rozowe\/"},"modified":"2026-05-01T17:36:10","modified_gmt":"2026-05-01T15:36:10","slug":"kinderkraft-lozeczko-turystyczne-joy-z-akcesoriami-rozowe","status":"publish","type":"product","link":"http:\/\/klubmamgdynia.pl\/index.php\/produkt\/kinderkraft-lozeczko-turystyczne-joy-z-akcesoriami-rozowe\/","title":{"rendered":"Kinderkraft \u0141\u00f3\u017ceczko turystyczne JOY z akcesoriami r\u00f3\u017cowe"},"content":{"rendered":"<h2>Kinderkraft \u0141\u00f3\u017ceczko turystyczne JOY z akcesoriami r\u00f3\u017cowe Kinderkraft<\/h2>\n<p>ida swieta wielkanocne ida swieta, ma\u0142y ksi\u0105\u017ce test, prezent dla jedenastolatka, prezent na roczek dla chlopca, znaczenie imiona dawid, zagadki podchwytliwe, znaczenia imienia alicja<\/p>\n<p>yyyyy<\/p>\n<p>&nbsp;<\/p>\n","protected":false},"excerpt":{"rendered":"<p>Kinderkraft \u0141\u00f3\u017ceczko turystyczne JOY z akcesoriami r\u00f3\u017cowe Kinderkraft ida swieta wielkanocne ida swieta, ma\u0142y ksi\u0105\u017ce test, prezent dla jedenastolatka, prezent na roczek dla chlopca, znaczenie imiona dawid, zagadki podchwytliwe, znaczenia imienia alicja yyyyy &nbsp;<\/p>\n","protected":false},"featured_media":7007,"comment_status":"closed","ping_status":"open","template":"","meta":[],"product_cat":[59,935],"product_tag":[844,648,755,673,870,850],"class_list":["post-7006","product","type-product","status-publish","has-post-thumbnail","hentry","product_cat-kinderkraft","product_cat-lozeczka-dzieciece","product_tag-co-kupic-na-roczek","product_tag-dobrej-nocy-i-sza","product_tag-henryk","product_tag-juz-blisko-koleda-tekst","product_tag-prezent-dla-chlopca-na-roczek","product_tag-wroclaw-atrakcje-dla-dzieci"],"_links":{"self":[{"href":"http:\/\/klubmamgdynia.pl\/index.php\/wp-json\/wp\/v2\/product\/7006","targetHints":{"allow":["GET"]}}],"collection":[{"href":"http:\/\/klubmamgdynia.pl\/index.php\/wp-json\/wp\/v2\/product"}],"about":[{"href":"http:\/\/klubmamgdynia.pl\/index.php\/wp-json\/wp\/v2\/types\/product"}],"replies":[{"embeddable":true,"href":"http:\/\/klubmamgdynia.pl\/index.php\/wp-json\/wp\/v2\/comments?post=7006"}],"wp:featuredmedia":[{"embeddable":true,"href":"http:\/\/klubmamgdynia.pl\/index.php\/wp-json\/wp\/v2\/media\/7007"}],"wp:attachment":[{"href":"http:\/\/klubmamgdynia.pl\/index.php\/wp-json\/wp\/v2\/media?parent=7006"}],"wp:term":[{"taxonomy":"product_cat","embeddable":true,"href":"http:\/\/klubmamgdynia.pl\/index.php\/wp-json\/wp\/v2\/product_cat?post=7006"},{"taxonomy":"product_tag","embeddable":true,"href":"http:\/\/klubmamgdynia.pl\/index.php\/wp-json\/wp\/v2\/product_tag?post=7006"}],"curies":[{"name":"wp","href":"https:\/\/api.w.org\/{rel}","templated":true}]}}