{"id":7008,"date":"2013-10-07T09:37:16","date_gmt":"2013-10-07T07:37:16","guid":{"rendered":"http:\/\/klubmamgdynia.pl\/index.php\/produkt\/jokomisiada-interaktywna-chomik-z-zoledziem-mowi-papla-za3553\/"},"modified":"2026-05-17T22:00:21","modified_gmt":"2026-05-17T20:00:21","slug":"jokomisiada-interaktywna-chomik-z-zoledziem-mowi-papla-za3553","status":"publish","type":"product","link":"http:\/\/klubmamgdynia.pl\/index.php\/produkt\/jokomisiada-interaktywna-chomik-z-zoledziem-mowi-papla-za3553\/","title":{"rendered":"Jokomisiada Interaktywna Chomik Z \u017bo\u0142\u0119dziem M\u00f3wi Papla Za3553"},"content":{"rendered":"<p>Uroczy szary chomik z \u017co\u0142\u0119dziem w \u0142apkach, zapewni mn\u00f3stwo weso\u0142ej zabawy ma\u0142ym i du\u017cym dzieciom. Zabawka ma funkcje nagrywania, dzi\u0119ki czemu powt\u00f3rzy wszystkie s\u0142owa, kt\u00f3re do niej powiesz. Tak\u017ce na pewno nie mo\u017cesz jej zdradzi\u0107 \u017cadnej tajemnicy, bo wygada od razu! Pluszowa zabawka rozbawi nawet najwi\u0119kszych pesymist\u00f3w. Powtarza wszystkie zas\u0142yszane s\u0142owa, w dodatku zabawnym piskliwym g\u0142osikiem. Podczas opisywania zabawki w biurze dosta\u0142y\u015bmy a\u017c g\u0142upawki, przez tego zwierzaka. \u015awietny pomys\u0142 na prezent nie tylko dla dzieci!Pluszowy chomik s\u0142ucha co do niego m\u00f3wisz, a potem wszystko powtarza, weso\u0142o podryguj\u0105c cia\u0142em. Po w\u0142\u0105czeniu maskotki, nale\u017cy powiedzie\u0107 do niej s\u0142owa, kt\u00f3re chcesz aby powt\u00f3rzy\u0142a. Szary chomik jest milutki w dotyku, weso\u0142o podryguje swoim cia\u0142kiem i wydaje \u015bmieszne odg\u0142osy.Uroczy pluszak rozbawi ka\u017cdego!Wymiar zabawki: 17 x 10 x 10 cm.Zabawka mo\u017ce by\u0107 \u015bwietnym prezentem, upominkiem dla najlepszego przyjaciela, kolegi. Zabawka zapakowana w eleganckie opakowanie.<\/p>\n<h2>Jokomisiada Interaktywna Chomik Z \u017bo\u0142\u0119dziem M\u00f3wi Papla Za3553 Jokomisiada<\/h2>\n<p>kolorowanki lol do druku, konkurencje sportowe dla dzieci, ko\u0142ysanki tekst, ch\u0142opcy z placu broni &#8211; test, znane misie z film\u00f3w animowanych, papugi do druku, hot wheels kolorowanka, karaluchy pod poduchy<\/p>\n<p>yyyyy<\/p>\n<p>&nbsp;<\/p>\n","protected":false},"excerpt":{"rendered":"<p>Uroczy szary chomik z \u017co\u0142\u0119dziem w \u0142apkach, zapewni mn\u00f3stwo weso\u0142ej zabawy ma\u0142ym i du\u017cym dzieciom. Zabawka ma funkcje nagrywania, dzi\u0119ki czemu powt\u00f3rzy wszystkie s\u0142owa, kt\u00f3re do niej powiesz. Tak\u017ce na pewno nie mo\u017cesz jej zdradzi\u0107 \u017cadnej tajemnicy, bo wygada od razu! Pluszowa zabawka rozbawi nawet najwi\u0119kszych pesymist\u00f3w. Powtarza wszystkie zas\u0142yszane s\u0142owa, w dodatku zabawnym piskliwym [&hellip;]<\/p>\n","protected":false},"featured_media":7009,"comment_status":"closed","ping_status":"open","template":"","meta":[],"product_cat":[131,39],"product_tag":[687,682,710],"class_list":["post-7008","product","type-product","status-publish","has-post-thumbnail","hentry","product_cat-jokomisiada","product_cat-zabawki-interaktywne","product_tag-podchwytliwe-zagadki-matematyczne","product_tag-przyjazn-cytaty","product_tag-zagadki-dla-dzieci-10-12-lat"],"_links":{"self":[{"href":"http:\/\/klubmamgdynia.pl\/index.php\/wp-json\/wp\/v2\/product\/7008","targetHints":{"allow":["GET"]}}],"collection":[{"href":"http:\/\/klubmamgdynia.pl\/index.php\/wp-json\/wp\/v2\/product"}],"about":[{"href":"http:\/\/klubmamgdynia.pl\/index.php\/wp-json\/wp\/v2\/types\/product"}],"replies":[{"embeddable":true,"href":"http:\/\/klubmamgdynia.pl\/index.php\/wp-json\/wp\/v2\/comments?post=7008"}],"wp:featuredmedia":[{"embeddable":true,"href":"http:\/\/klubmamgdynia.pl\/index.php\/wp-json\/wp\/v2\/media\/7009"}],"wp:attachment":[{"href":"http:\/\/klubmamgdynia.pl\/index.php\/wp-json\/wp\/v2\/media?parent=7008"}],"wp:term":[{"taxonomy":"product_cat","embeddable":true,"href":"http:\/\/klubmamgdynia.pl\/index.php\/wp-json\/wp\/v2\/product_cat?post=7008"},{"taxonomy":"product_tag","embeddable":true,"href":"http:\/\/klubmamgdynia.pl\/index.php\/wp-json\/wp\/v2\/product_tag?post=7008"}],"curies":[{"name":"wp","href":"https:\/\/api.w.org\/{rel}","templated":true}]}}