{"id":7010,"date":"2023-08-04T07:23:19","date_gmt":"2023-08-04T05:23:19","guid":{"rendered":"http:\/\/klubmamgdynia.pl\/?post_type=product&#038;p=7010"},"modified":"2026-05-17T23:01:22","modified_gmt":"2026-05-17T21:01:22","slug":"artyk-promo-kuchnia-100cm-z-akcesoriami-natalia-121302-zabawka","status":"publish","type":"product","link":"http:\/\/klubmamgdynia.pl\/index.php\/produkt\/artyk-promo-kuchnia-100cm-z-akcesoriami-natalia-121302-zabawka\/","title":{"rendered":"Artyk Promo Kuchnia 100Cm Z Akcesoriami Natalia 121302 &#8211; Zabawka"},"content":{"rendered":"<p>KUCHNIA DLA DZIECI Z AKCESORIAMI Kuchnia Super Chef od firmy Artyk to pi\u0119kna kuchnia o nowoczesnym wzornictwie z wieloma akcesoriami. \u015awietna propozycja dla dzieci, kt\u00f3re chc\u0105 na\u015bladowa\u0107 swoich rodzic\u00f3w. Jest to doskona\u0142y zestaw do zabawy w gotowanie. Zabawa kuchni\u0105 daje dzieciom poczucie samodzielno\u015bci, rozwija ich wyobra\u017ani\u0119 i kreatywno\u015b\u0107, a w grupie daje mo\u017cliwo\u015b\u0107 budowania interakcji spo\u0142ecznych. Kuchnia wyposa\u017cona jest w plastikowe akcesoria kuchenne, artyku\u0142y spo\u017cywcze i owoce. Posiada funkcje piekarnika, zmywarki i tradycyjnej kuchni z palnikami. Kuchnia ma te\u017c wbudowany zlew na brudne naczynia. Przygotuj posi\u0142ek, a po gotowaniu pozmywaj naczynia, aby zachowa\u0107 porz\u0105dek w swojej kuchni. ZESTAW ZAWIERA: &#8211; kuchenka z dwoma palnikami &#8211; zlew z kranem &#8211; piekarnik z otwieranymi drzwiczkami &#8211; p\u00f3\u0142eczki na akcesoria &#8211; wieszaczki na akcesoria kuchenne &#8211; patelni\u0119 z przykrywk\u0105 &#8211; garnek z przykrywk\u0105 &#8211; akcesoria spo\u017cywcze &#8211; akcesoria kuchenne &#8211; owoce &#8211; bezpieczny du\u017cy n\u00f3\u017c kuchenny &#8211; \u0142y\u017ck\u0119 wazow\u0105 &#8211; du\u017cy widelec &#8211; \u0142opatk\u0119 do obracania &#8211; \u0142y\u017ceczk\u0119 &#8211; n\u00f3\u017c &#8211; widelec &#8211; 2 talerze &#8211; 2 fili\u017canki ze spodkami &#8211; zestaw naklejek Wymiary kuchni ok.: 100 x 42 x 62 cm Wymiary opakowania ok.: 64 x 49 x 44 cm Wiek: 3 lata+ OSTRZE\u017bENIE! Nieodpowiednie dla dzieci poni\u017cej 3 lat. Zawiera ma\u0142e elementy, kt\u00f3rych po\u0142kni\u0119cie grozi niebezpiecze\u0144stwem. Opakowanie mo\u017ce posiada\u0107 ostre kraw\u0119dzie i wyko\u0144czenia. Kolory i zawarto\u015b\u0107 mog\u0105 si\u0119 r\u00f3\u017cni\u0107 od przedstawionych na ilustracji na opakowaniu. Przed podaniem zabawki dziecku nale\u017cy usun\u0105\u0107 opakowanie i wszystkie elementy mocuj\u0105ce. Nale\u017cy zachowa\u0107 opakowanie w celu p\u00f3\u017aniejszej konsultacji, poniewa\u017c zawiera wa\u017cne informacj\u0119.<\/p>\n<h2>Artyk Promo Kuchnia 100Cm Z Akcesoriami Natalia 121302 &#8211; Zabawka Artyk<\/h2>\n<p>\u0142ama\u0144ce j\u0119zykowe dla dzieci, lol surprise kolorowanka, marcel imi\u0119, kwiecie\u0144 plecie\u0144 wiersz, cytaty o dzieciach i rodzinie, miastodzieci, podchwytliwe zagadki dla doros\u0142ych, zabawki na roczek dla dziewczynki, sentencje na dzie\u0144 nauczyciela, kolorowanka \u015bwinka peppa, flagi europy quiz, babciu droga babciu tekst, wzruszajace cytaty o rodzinie, prezent na roczek, kolorowanki harry potter, pokemon kolorowanka<\/p>\n<p>yyyyy<\/p>\n<p>&nbsp;<\/p>\n","protected":false},"excerpt":{"rendered":"<p>KUCHNIA DLA DZIECI Z AKCESORIAMI Kuchnia Super Chef od firmy Artyk to pi\u0119kna kuchnia o nowoczesnym wzornictwie z wieloma akcesoriami. \u015awietna propozycja dla dzieci, kt\u00f3re chc\u0105 na\u015bladowa\u0107 swoich rodzic\u00f3w. Jest to doskona\u0142y zestaw do zabawy w gotowanie. Zabawa kuchni\u0105 daje dzieciom poczucie samodzielno\u015bci, rozwija ich wyobra\u017ani\u0119 i kreatywno\u015b\u0107, a w grupie daje mo\u017cliwo\u015b\u0107 budowania interakcji [&hellip;]<\/p>\n","protected":false},"featured_media":7011,"comment_status":"closed","ping_status":"open","template":"","meta":[],"product_cat":[336,53],"product_tag":[605,609,721],"class_list":["post-7010","product","type-product","status-publish","has-post-thumbnail","hentry","product_cat-artyk","product_cat-kaciki-zabaw","product_tag-milena","product_tag-quiz-flagi-europy","product_tag-zagadki-matematyczne"],"_links":{"self":[{"href":"http:\/\/klubmamgdynia.pl\/index.php\/wp-json\/wp\/v2\/product\/7010","targetHints":{"allow":["GET"]}}],"collection":[{"href":"http:\/\/klubmamgdynia.pl\/index.php\/wp-json\/wp\/v2\/product"}],"about":[{"href":"http:\/\/klubmamgdynia.pl\/index.php\/wp-json\/wp\/v2\/types\/product"}],"replies":[{"embeddable":true,"href":"http:\/\/klubmamgdynia.pl\/index.php\/wp-json\/wp\/v2\/comments?post=7010"}],"wp:featuredmedia":[{"embeddable":true,"href":"http:\/\/klubmamgdynia.pl\/index.php\/wp-json\/wp\/v2\/media\/7011"}],"wp:attachment":[{"href":"http:\/\/klubmamgdynia.pl\/index.php\/wp-json\/wp\/v2\/media?parent=7010"}],"wp:term":[{"taxonomy":"product_cat","embeddable":true,"href":"http:\/\/klubmamgdynia.pl\/index.php\/wp-json\/wp\/v2\/product_cat?post=7010"},{"taxonomy":"product_tag","embeddable":true,"href":"http:\/\/klubmamgdynia.pl\/index.php\/wp-json\/wp\/v2\/product_tag?post=7010"}],"curies":[{"name":"wp","href":"https:\/\/api.w.org\/{rel}","templated":true}]}}