{"id":7012,"date":"2016-03-31T08:29:34","date_gmt":"2016-03-31T06:29:34","guid":{"rendered":"http:\/\/klubmamgdynia.pl\/index.php\/produkt\/artyk-kreatywna-ukladanka-3d-do-wkrecania-walizka-218-el\/"},"modified":"2026-04-06T10:18:43","modified_gmt":"2026-04-06T08:18:43","slug":"artyk-kreatywna-ukladanka-3d-do-wkrecania-walizka-218-el","status":"publish","type":"product","link":"http:\/\/klubmamgdynia.pl\/index.php\/produkt\/artyk-kreatywna-ukladanka-3d-do-wkrecania-walizka-218-el\/","title":{"rendered":"Artyk Kreatywna Uk\u0142adanka 3D Do Wkr\u0119cania Walizka 218 El"},"content":{"rendered":"<p>W zestawie:pojemnik\/sorter podr\u00f3\u017cny,tablica do robienia mozaiek,pinezki,\u015brubki,elementy konstrukcyjne,\u015brubokr\u0119t z 2 ko\u0144c\u00f3wkami,instukcja u\u017cytkowania z wzorami,Wym. opk: 29 \u00d7 22 \u00d7 6 cm., 3+<\/p>\n<h2>Artyk Kreatywna Uk\u0142adanka 3D Do Wkr\u0119cania Walizka 218 El Artyk<\/h2>\n<p>jazda konna dla dzieci, mia i ja kolorowanki do druku, zabawy dla 5-6 latk\u00f3w, quiz konie, jak narysowa\u0107 konia, laurka dla mamy rysunek, jak narysowa\u0107 kota, zagadki s\u0142owne, imi\u0119 liwia, proste zagadki logiczne, bajka o piesku do czytania, kundel bury tekst, ja\u015bmina imi\u0119, mia i ja kolorowanki do druku, trudne zagadki dla dzieci, pytania do lektury asiunia, imie pola, lidia imie<\/p>\n<p>yyyyy<\/p>\n<p>&nbsp;<\/p>\n","protected":false},"excerpt":{"rendered":"<p>W zestawie:pojemnik\/sorter podr\u00f3\u017cny,tablica do robienia mozaiek,pinezki,\u015brubki,elementy konstrukcyjne,\u015brubokr\u0119t z 2 ko\u0144c\u00f3wkami,instukcja u\u017cytkowania z wzorami,Wym. opk: 29 \u00d7 22 \u00d7 6 cm., 3+ Artyk Kreatywna Uk\u0142adanka 3D Do Wkr\u0119cania Walizka 218 El Artyk jazda konna dla dzieci, mia i ja kolorowanki do druku, zabawy dla 5-6 latk\u00f3w, quiz konie, jak narysowa\u0107 konia, laurka dla mamy rysunek, jak [&hellip;]<\/p>\n","protected":false},"featured_media":7013,"comment_status":"closed","ping_status":"open","template":"","meta":[],"product_cat":[336,21],"product_tag":[650,680,710,608,820],"class_list":["post-7012","product","type-product","status-publish","has-post-thumbnail","hentry","product_cat-artyk","product_cat-zabawki-plastyczne","product_tag-choinka-z-bibuly","product_tag-cytaty-z-malego-ksiecia","product_tag-zagadki-dla-dzieci-10-12-lat","product_tag-zagadki-i-odpowiedzi","product_tag-ziemia-wyspa-zielona-tekst"],"_links":{"self":[{"href":"http:\/\/klubmamgdynia.pl\/index.php\/wp-json\/wp\/v2\/product\/7012","targetHints":{"allow":["GET"]}}],"collection":[{"href":"http:\/\/klubmamgdynia.pl\/index.php\/wp-json\/wp\/v2\/product"}],"about":[{"href":"http:\/\/klubmamgdynia.pl\/index.php\/wp-json\/wp\/v2\/types\/product"}],"replies":[{"embeddable":true,"href":"http:\/\/klubmamgdynia.pl\/index.php\/wp-json\/wp\/v2\/comments?post=7012"}],"wp:featuredmedia":[{"embeddable":true,"href":"http:\/\/klubmamgdynia.pl\/index.php\/wp-json\/wp\/v2\/media\/7013"}],"wp:attachment":[{"href":"http:\/\/klubmamgdynia.pl\/index.php\/wp-json\/wp\/v2\/media?parent=7012"}],"wp:term":[{"taxonomy":"product_cat","embeddable":true,"href":"http:\/\/klubmamgdynia.pl\/index.php\/wp-json\/wp\/v2\/product_cat?post=7012"},{"taxonomy":"product_tag","embeddable":true,"href":"http:\/\/klubmamgdynia.pl\/index.php\/wp-json\/wp\/v2\/product_tag?post=7012"}],"curies":[{"name":"wp","href":"https:\/\/api.w.org\/{rel}","templated":true}]}}