{"id":7014,"date":"2022-02-24T17:52:26","date_gmt":"2022-02-24T16:52:26","guid":{"rendered":"http:\/\/klubmamgdynia.pl\/index.php\/produkt\/hasbro-marvel-spider-man-maximum-venom-titan-hero-miles-morales-e8686\/"},"modified":"2026-04-29T15:17:56","modified_gmt":"2026-04-29T13:17:56","slug":"hasbro-marvel-spider-man-maximum-venom-titan-hero-miles-morales-e8686","status":"publish","type":"product","link":"http:\/\/klubmamgdynia.pl\/index.php\/produkt\/hasbro-marvel-spider-man-maximum-venom-titan-hero-miles-morales-e8686\/","title":{"rendered":"Hasbro Marvel Spider-Man Maximum Venom Titan Hero Miles Morales E8686"},"content":{"rendered":"<p>Hasbro Spiderman Maximum Venom Titan Hero Miles Morales<br \/>\nSpecyfikacja<br \/>\nSeria<br \/>\nMarvelWiek<br \/>\nOd 4 lat<br \/>\nP\u0142e\u0107<br \/>\nDla ch\u0142opc\u00f3w<br \/>\nWysoko\u015b\u0107 figurki<br \/>\n30 cm<br \/>\nBohater \/ Typ<br \/>\nMiles Morales<br \/>\nZasilanie<br \/>\nBrak<br \/>\nDodatkowe informacje<br \/>\nRuchome ko\u0144czyny<br \/>\n1 figurka w zestawie<br \/>\nFigurki inspirowane filmem<br \/>\nGwarancja<br \/>\n24 miesi\u0105ce (gwarancja producenta)<br \/>\nKod producenta<br \/>\nE8686 E8729<\/p>\n<h2>Hasbro Marvel Spider-Man Maximum Venom Titan Hero Miles Morales E8686 Hasbro<\/h2>\n<p>bajki dla dzieci na dobranoc do czytania, carmen imi\u0119, bajki dla niemowl\u0105t, kolorowanki na dzie\u0144 babci, co oznacza nazwa jordan, natalia, kawa\u0142y na prima aprilis dla rodzic\u00f3w, quiz o psie kt\u00f3ry je\u017adzi\u0142 kolej\u0105, prezent dla pi\u0119tnastolatka, bajka o kreciku, prezent dla dziewczynki 7 lat, wy\u015bcig but\u00f3w, piesek do kolorowania, nauka zegara do druku, test z opowie\u015bci z narnii lew czarownica i stara szafa, kolorowanki lego friends<\/p>\n<p>yyyyy<\/p>\n<p>&nbsp;<\/p>\n","protected":false},"excerpt":{"rendered":"<p>Hasbro Spiderman Maximum Venom Titan Hero Miles Morales Specyfikacja Seria MarvelWiek Od 4 lat P\u0142e\u0107 Dla ch\u0142opc\u00f3w Wysoko\u015b\u0107 figurki 30 cm Bohater \/ Typ Miles Morales Zasilanie Brak Dodatkowe informacje Ruchome ko\u0144czyny 1 figurka w zestawie Figurki inspirowane filmem Gwarancja 24 miesi\u0105ce (gwarancja producenta) Kod producenta E8686 E8729 Hasbro Marvel Spider-Man Maximum Venom Titan Hero [&hellip;]<\/p>\n","protected":false},"featured_media":7015,"comment_status":"closed","ping_status":"open","template":"","meta":[],"product_cat":[95,129],"product_tag":[834,702,826,830,794],"class_list":["post-7014","product","type-product","status-publish","has-post-thumbnail","hentry","product_cat-figurki-makiety-i-zestawy","product_cat-hasbro","product_tag-bajka-do-czytania-na-dobranoc","product_tag-co-kupic-na-roczek-dla-dziewczynki","product_tag-prezent-dla-15-latka","product_tag-rodzina-cytaty","product_tag-test-opowiesci-z-narnii-lew-czarownica-i-stara-szafa-do-druku"],"_links":{"self":[{"href":"http:\/\/klubmamgdynia.pl\/index.php\/wp-json\/wp\/v2\/product\/7014","targetHints":{"allow":["GET"]}}],"collection":[{"href":"http:\/\/klubmamgdynia.pl\/index.php\/wp-json\/wp\/v2\/product"}],"about":[{"href":"http:\/\/klubmamgdynia.pl\/index.php\/wp-json\/wp\/v2\/types\/product"}],"replies":[{"embeddable":true,"href":"http:\/\/klubmamgdynia.pl\/index.php\/wp-json\/wp\/v2\/comments?post=7014"}],"wp:featuredmedia":[{"embeddable":true,"href":"http:\/\/klubmamgdynia.pl\/index.php\/wp-json\/wp\/v2\/media\/7015"}],"wp:attachment":[{"href":"http:\/\/klubmamgdynia.pl\/index.php\/wp-json\/wp\/v2\/media?parent=7014"}],"wp:term":[{"taxonomy":"product_cat","embeddable":true,"href":"http:\/\/klubmamgdynia.pl\/index.php\/wp-json\/wp\/v2\/product_cat?post=7014"},{"taxonomy":"product_tag","embeddable":true,"href":"http:\/\/klubmamgdynia.pl\/index.php\/wp-json\/wp\/v2\/product_tag?post=7014"}],"curies":[{"name":"wp","href":"https:\/\/api.w.org\/{rel}","templated":true}]}}