{"id":7018,"date":"2024-02-27T17:41:41","date_gmt":"2024-02-27T16:41:41","guid":{"rendered":"http:\/\/klubmamgdynia.pl\/?post_type=product&#038;p=7018"},"modified":"2026-04-27T08:38:33","modified_gmt":"2026-04-27T06:38:33","slug":"tmtoys-swinka-peppa-rodzina-4-figurki-mama-tata","status":"publish","type":"product","link":"http:\/\/klubmamgdynia.pl\/index.php\/produkt\/tmtoys-swinka-peppa-rodzina-4-figurki-mama-tata\/","title":{"rendered":"TMToys \u015awinka Peppa Rodzina 4 Figurki Mama Tata"},"content":{"rendered":"<p>TM TOYS \u015aWINKA PEPPA Rodzina 4 Figurki Mama Tata Baw si\u0119 dobrze tworz\u0105c historie o przygodach rodziny \u015awinki Peppa. Zestaw zawiera ca\u0142\u0105 rodzink\u0119 Peppy. Figurki posiadaj\u0105 ruchome r\u0119ce i nogi i s\u0105 idealnym uzupe\u0142nieniem innych zestaw\u00f3w. Zawarto\u015b\u0107 opakowania: Peppa &#8211; 5,3 cm Tata \u015awinka ok. 8 cm Mama \u015awinka ok. 7 cm George ok 4 cm Wiek : 3+ Wymiary opakowania: 17 x 14 x 7 cm<\/p>\n<h2>TMToys \u015awinka Peppa Rodzina 4 Figurki Mama Tata TM Toys<\/h2>\n<p>jak narysowa\u0107 psa, zaproszenia na urodziny do wydruku czarno bia\u0142e, zagadka o wio\u015bnie, ozdoby \u015bwi\u0105teczne z rolek po papierze toaletowym, linda, rysowanie po \u015bladzie pdf, wpad\u0142a bomba do piwnicy, pomys\u0142 na prezent na roczek, ciekawe miejsca w warszawie dla m\u0142odzie\u017cy, maska wilka szablon, dla nastolatk\u00f3w prezenty, test wiedzy z lektury przygody tomka sawyera z odpowiedziami<\/p>\n<p>yyyyy<\/p>\n<p>&nbsp;<\/p>\n","protected":false},"excerpt":{"rendered":"<p>TM TOYS \u015aWINKA PEPPA Rodzina 4 Figurki Mama Tata Baw si\u0119 dobrze tworz\u0105c historie o przygodach rodziny \u015awinki Peppa. Zestaw zawiera ca\u0142\u0105 rodzink\u0119 Peppy. Figurki posiadaj\u0105 ruchome r\u0119ce i nogi i s\u0105 idealnym uzupe\u0142nieniem innych zestaw\u00f3w. Zawarto\u015b\u0107 opakowania: Peppa &#8211; 5,3 cm Tata \u015awinka ok. 8 cm Mama \u015awinka ok. 7 cm George ok 4 [&hellip;]<\/p>\n","protected":false},"featured_media":7019,"comment_status":"closed","ping_status":"open","template":"","meta":[],"product_cat":[95,145],"product_tag":[871,621,876,649],"class_list":["post-7018","product","type-product","status-publish","has-post-thumbnail","hentry","product_cat-figurki-makiety-i-zestawy","product_cat-tm-toys","product_tag-bajka-o-smoku-wawelskim","product_tag-prezenty-roczek","product_tag-przyjazn","product_tag-zagadki-dla-nastolatkow"],"_links":{"self":[{"href":"http:\/\/klubmamgdynia.pl\/index.php\/wp-json\/wp\/v2\/product\/7018","targetHints":{"allow":["GET"]}}],"collection":[{"href":"http:\/\/klubmamgdynia.pl\/index.php\/wp-json\/wp\/v2\/product"}],"about":[{"href":"http:\/\/klubmamgdynia.pl\/index.php\/wp-json\/wp\/v2\/types\/product"}],"replies":[{"embeddable":true,"href":"http:\/\/klubmamgdynia.pl\/index.php\/wp-json\/wp\/v2\/comments?post=7018"}],"wp:featuredmedia":[{"embeddable":true,"href":"http:\/\/klubmamgdynia.pl\/index.php\/wp-json\/wp\/v2\/media\/7019"}],"wp:attachment":[{"href":"http:\/\/klubmamgdynia.pl\/index.php\/wp-json\/wp\/v2\/media?parent=7018"}],"wp:term":[{"taxonomy":"product_cat","embeddable":true,"href":"http:\/\/klubmamgdynia.pl\/index.php\/wp-json\/wp\/v2\/product_cat?post=7018"},{"taxonomy":"product_tag","embeddable":true,"href":"http:\/\/klubmamgdynia.pl\/index.php\/wp-json\/wp\/v2\/product_tag?post=7018"}],"curies":[{"name":"wp","href":"https:\/\/api.w.org\/{rel}","templated":true}]}}