{"id":702,"date":"2019-06-06T03:24:54","date_gmt":"2019-06-06T01:24:54","guid":{"rendered":"http:\/\/klubmamgdynia.pl\/index.php\/produkt\/epoch-super-mario-utrzymaj-rownowage-balancing-game-poziom-zamek-07360\/"},"modified":"2026-04-28T09:17:06","modified_gmt":"2026-04-28T07:17:06","slug":"epoch-super-mario-utrzymaj-rownowage-balancing-game-poziom-zamek-07360","status":"publish","type":"product","link":"http:\/\/klubmamgdynia.pl\/index.php\/produkt\/epoch-super-mario-utrzymaj-rownowage-balancing-game-poziom-zamek-07360\/","title":{"rendered":"Epoch Super Mario. Utrzymaj R\u00f3wnowag\u0119 &#8211; Balancing Game. Poziom Zamek 07360"},"content":{"rendered":"<p>Super Mario \u2013 Gra Balancing Game &#8211; Poziom zamek 7360 Gra Epoch \u2013 Balancing Game to fantastyczna propozycja dla najm\u0142odszych mi\u0142o\u015bnik\u00f3w legendarnej postaci w\u0142oskiego hydraulika, kt\u00f3ry teraz b\u0119dzie m\u00f3g\u0142 pokonywa\u0107 przeszkody nie tylko w \u015bwiecie wirtualnym, ale r\u00f3wnie\u017c w rzeczywisto\u015bci! Niewielkie opakowanie skrywa szary stojaczek z p\u00f3\u0142okr\u0105g\u0142\u0105 podstawk\u0105, kt\u00f3ra sprawia, \u017ce ca\u0142a konstrukcja podczas ka\u017cdego dotkni\u0119cia zaczyna si\u0119 chwia\u0107. Zadaniem graczy jest ustawienie do\u0142\u0105czonych figurek we wskazanych miejscach, a p\u00f3\u017aniej ich \u015bci\u0105gni\u0119cie w taki spos\u00f3b, by \u017cadna z postaci nie spad\u0142a. Balancing Game na poziomie \u201eZamek\u201d zawiera 4 figurki: Mario, ksi\u0119\u017cniczk\u0119 Peach, Boo oraz Koopa Troopa \u2013 ka\u017cda posta\u0107 wygl\u0105da nad wyraz szczeg\u00f3\u0142owo i zachwyca dopracowanymi detalami. Gra Balancing Game \u2013 Poziom zamek dzi\u0119ki systemowi Link System mo\u017ce zosta\u0107 po\u0142\u0105czona do pozosta\u0142ych propozycji z tej serii. Gra przeznaczona jest dla dzieci powy\u017cej 4. roku \u017cycia, a w jednej rozgrywce mo\u017ce wzi\u0105\u0107 udzia\u0142 dw\u00f3jka graczy. Super Mario \u2013 Balancing Game: Zamek \u2013 informacje dodatkowe: Producent: Epoch Numer katalogowy: 7360 Seria: Super Mario Bros Sugerowany wiek dziecka: + 4 lata Wymiary opakowania: 14,5 cm x 21 cm x 3 cm<\/p>\n<h2>Epoch Super Mario. Utrzymaj R\u00f3wnowag\u0119 &#8211; Balancing Game. Poziom Zamek 07360 Epoch<\/h2>\n<p>kr\u00f3tkie zagadki matematyczne z odpowiedziami, planety uk\u0142ad s\u0142oneczny dla dzieci do druku, quiz o samochodach, kolorowanki \u015bwi\u0105teczne do wydruku, \u015bmieszne zagadki z odpowiedziami, maurycy, walentynka dla syna, darmowy szablon list do miko\u0142aja, smoki rysunek, prezent na roczek nie zabawka, znaki drogowe test, niespotykane imiona \u017ce\u0144skie, kr\u00f3tkie bajki dla dzieci, prezent dla 15 latki, kwiecie\u0144 plecie\u0144 wiersz, gad\u017cety dla m\u0142odzie\u017cy 2020, co kupi\u0107 dziewczynce na roczek, milan imie, atrakcje dla dzieci warszawa i okolice, zagadka matematyczna dla dzieci<\/p>\n<p>yyyyy<\/p>\n<p>&nbsp;<\/p>\n","protected":false},"excerpt":{"rendered":"<p>Super Mario \u2013 Gra Balancing Game &#8211; Poziom zamek 7360 Gra Epoch \u2013 Balancing Game to fantastyczna propozycja dla najm\u0142odszych mi\u0142o\u015bnik\u00f3w legendarnej postaci w\u0142oskiego hydraulika, kt\u00f3ry teraz b\u0119dzie m\u00f3g\u0142 pokonywa\u0107 przeszkody nie tylko w \u015bwiecie wirtualnym, ale r\u00f3wnie\u017c w rzeczywisto\u015bci! Niewielkie opakowanie skrywa szary stojaczek z p\u00f3\u0142okr\u0105g\u0142\u0105 podstawk\u0105, kt\u00f3ra sprawia, \u017ce ca\u0142a konstrukcja podczas ka\u017cdego [&hellip;]<\/p>\n","protected":false},"featured_media":703,"comment_status":"closed","ping_status":"open","template":"","meta":[],"product_cat":[263,130],"product_tag":[584,760,873],"class_list":["post-702","product","type-product","status-publish","has-post-thumbnail","hentry","product_cat-epoch","product_cat-gry-dzieciece","product_tag-liwia","product_tag-zagadka-matematyczna","product_tag-zagadki-z-odpowiedziami-dla-dzieci"],"_links":{"self":[{"href":"http:\/\/klubmamgdynia.pl\/index.php\/wp-json\/wp\/v2\/product\/702","targetHints":{"allow":["GET"]}}],"collection":[{"href":"http:\/\/klubmamgdynia.pl\/index.php\/wp-json\/wp\/v2\/product"}],"about":[{"href":"http:\/\/klubmamgdynia.pl\/index.php\/wp-json\/wp\/v2\/types\/product"}],"replies":[{"embeddable":true,"href":"http:\/\/klubmamgdynia.pl\/index.php\/wp-json\/wp\/v2\/comments?post=702"}],"wp:featuredmedia":[{"embeddable":true,"href":"http:\/\/klubmamgdynia.pl\/index.php\/wp-json\/wp\/v2\/media\/703"}],"wp:attachment":[{"href":"http:\/\/klubmamgdynia.pl\/index.php\/wp-json\/wp\/v2\/media?parent=702"}],"wp:term":[{"taxonomy":"product_cat","embeddable":true,"href":"http:\/\/klubmamgdynia.pl\/index.php\/wp-json\/wp\/v2\/product_cat?post=702"},{"taxonomy":"product_tag","embeddable":true,"href":"http:\/\/klubmamgdynia.pl\/index.php\/wp-json\/wp\/v2\/product_tag?post=702"}],"curies":[{"name":"wp","href":"https:\/\/api.w.org\/{rel}","templated":true}]}}