{"id":7020,"date":"2010-12-27T01:52:58","date_gmt":"2010-12-27T00:52:58","guid":{"rendered":"http:\/\/klubmamgdynia.pl\/index.php\/produkt\/artyk-zestaw-do-piasku-dinozaur-6el-158780\/"},"modified":"2026-04-06T16:01:34","modified_gmt":"2026-04-06T14:01:34","slug":"artyk-zestaw-do-piasku-dinozaur-6el-158780","status":"publish","type":"product","link":"http:\/\/klubmamgdynia.pl\/index.php\/produkt\/artyk-zestaw-do-piasku-dinozaur-6el-158780\/","title":{"rendered":"Artyk Zestaw do piasku Dinozaur 6el 158780"},"content":{"rendered":"<p>W ZESTAWIE: WIADERKO Z NADRUKIEM, \u0141OPATKA, GRABKI, NAK\u0141ADKA W KSZTA\u0141CIE KONEWKI, 2 FOREMKI, WYS. WIADERKA: 23 CM, WYM. OPK: 21 X 16,5 X 23 CM, 3+<\/p>\n<h2>Artyk Zestaw do piasku Dinozaur 6el 158780 Artyk<\/h2>\n<p>szybkie zagadki matematyczne, imie iwo, zagadki o lesie, star wars kolorowanki<\/p>\n<p>yyyyy<\/p>\n<p>&nbsp;<\/p>\n","protected":false},"excerpt":{"rendered":"<p>W ZESTAWIE: WIADERKO Z NADRUKIEM, \u0141OPATKA, GRABKI, NAK\u0141ADKA W KSZTA\u0141CIE KONEWKI, 2 FOREMKI, WYS. WIADERKA: 23 CM, WYM. OPK: 21 X 16,5 X 23 CM, 3+ Artyk Zestaw do piasku Dinozaur 6el 158780 Artyk szybkie zagadki matematyczne, imie iwo, zagadki o lesie, star wars kolorowanki yyyyy &nbsp;<\/p>\n","protected":false},"featured_media":7021,"comment_status":"closed","ping_status":"open","template":"","meta":[],"product_cat":[336,286],"product_tag":[831,688,745,735],"class_list":["post-7020","product","type-product","status-publish","has-post-thumbnail","hentry","product_cat-artyk","product_cat-zabawki-do-piasku","product_tag-bruno","product_tag-kolysanki-tekst","product_tag-prezent-dla-15-latki","product_tag-prezent-na-roczek-dziewczynka"],"_links":{"self":[{"href":"http:\/\/klubmamgdynia.pl\/index.php\/wp-json\/wp\/v2\/product\/7020","targetHints":{"allow":["GET"]}}],"collection":[{"href":"http:\/\/klubmamgdynia.pl\/index.php\/wp-json\/wp\/v2\/product"}],"about":[{"href":"http:\/\/klubmamgdynia.pl\/index.php\/wp-json\/wp\/v2\/types\/product"}],"replies":[{"embeddable":true,"href":"http:\/\/klubmamgdynia.pl\/index.php\/wp-json\/wp\/v2\/comments?post=7020"}],"wp:featuredmedia":[{"embeddable":true,"href":"http:\/\/klubmamgdynia.pl\/index.php\/wp-json\/wp\/v2\/media\/7021"}],"wp:attachment":[{"href":"http:\/\/klubmamgdynia.pl\/index.php\/wp-json\/wp\/v2\/media?parent=7020"}],"wp:term":[{"taxonomy":"product_cat","embeddable":true,"href":"http:\/\/klubmamgdynia.pl\/index.php\/wp-json\/wp\/v2\/product_cat?post=7020"},{"taxonomy":"product_tag","embeddable":true,"href":"http:\/\/klubmamgdynia.pl\/index.php\/wp-json\/wp\/v2\/product_tag?post=7020"}],"curies":[{"name":"wp","href":"https:\/\/api.w.org\/{rel}","templated":true}]}}