{"id":7022,"date":"2017-02-16T20:45:25","date_gmt":"2017-02-16T19:45:25","guid":{"rendered":"http:\/\/klubmamgdynia.pl\/index.php\/produkt\/bino-klocki-drewniane-w-wiadrze-120el\/"},"modified":"2026-04-06T01:30:04","modified_gmt":"2026-04-05T23:30:04","slug":"bino-klocki-drewniane-w-wiadrze-120el","status":"publish","type":"product","link":"http:\/\/klubmamgdynia.pl\/index.php\/produkt\/bino-klocki-drewniane-w-wiadrze-120el\/","title":{"rendered":"Bino Klocki Drewniane W Wiadrze 120El."},"content":{"rendered":"<p>Drewniany zestaw klock\u00f3w dla ma\u0142ych konstruktor\u00f3w jest idealnym narz\u0119dziem do rozwijania umiej\u0119tno\u015bci motorycznych. Pobaw si\u0119 w budowniczego i zmontuj swoj\u0105 zabawk\u0119 za pomoc\u0105 \u015brub, nakr\u0119tek, kluczy i kostek oraz drewnianych klock\u00f3w!<\/p>\n<h2>Bino Klocki Drewniane W Wiadrze 120El. BINO<\/h2>\n<p>wiersze o wio\u015bnie jana brzechwy, narodziny dziecka cytaty, zagadki matematyczne na logik\u0119, menu urodzinowe dla dzieci w wieku 8 10 lat, pan twardowski na ksi\u0119\u017cycu wiersz, beniamin imi\u0119, zabawy ruchowe dla dzieci, roczek prezent, najlepsze zarty na prima aprilis, trudne zagadki logiczne, gaja imi\u0119, ma\u0142y ksi\u0105\u017ce cytaty o przyja\u017ani, dzie\u0144 nauczyciela cytaty<\/p>\n<p>yyyyy<\/p>\n<p>&nbsp;<\/p>\n","protected":false},"excerpt":{"rendered":"<p>Drewniany zestaw klock\u00f3w dla ma\u0142ych konstruktor\u00f3w jest idealnym narz\u0119dziem do rozwijania umiej\u0119tno\u015bci motorycznych. Pobaw si\u0119 w budowniczego i zmontuj swoj\u0105 zabawk\u0119 za pomoc\u0105 \u015brub, nakr\u0119tek, kluczy i kostek oraz drewnianych klock\u00f3w! Bino Klocki Drewniane W Wiadrze 120El. BINO wiersze o wio\u015bnie jana brzechwy, narodziny dziecka cytaty, zagadki matematyczne na logik\u0119, menu urodzinowe dla dzieci w [&hellip;]<\/p>\n","protected":false},"featured_media":7023,"comment_status":"closed","ping_status":"open","template":"","meta":[],"product_cat":[322,99],"product_tag":[765,834,816,632],"class_list":["post-7022","product","type-product","status-publish","has-post-thumbnail","hentry","product_cat-bino","product_cat-zabawki-ekologiczne","product_tag-atrakcje-dla-dzieci-warszawa","product_tag-bajka-do-czytania-na-dobranoc","product_tag-place-zabaw-warszawa","product_tag-warszawa-atrakcje-dla-mlodziezy"],"_links":{"self":[{"href":"http:\/\/klubmamgdynia.pl\/index.php\/wp-json\/wp\/v2\/product\/7022","targetHints":{"allow":["GET"]}}],"collection":[{"href":"http:\/\/klubmamgdynia.pl\/index.php\/wp-json\/wp\/v2\/product"}],"about":[{"href":"http:\/\/klubmamgdynia.pl\/index.php\/wp-json\/wp\/v2\/types\/product"}],"replies":[{"embeddable":true,"href":"http:\/\/klubmamgdynia.pl\/index.php\/wp-json\/wp\/v2\/comments?post=7022"}],"wp:featuredmedia":[{"embeddable":true,"href":"http:\/\/klubmamgdynia.pl\/index.php\/wp-json\/wp\/v2\/media\/7023"}],"wp:attachment":[{"href":"http:\/\/klubmamgdynia.pl\/index.php\/wp-json\/wp\/v2\/media?parent=7022"}],"wp:term":[{"taxonomy":"product_cat","embeddable":true,"href":"http:\/\/klubmamgdynia.pl\/index.php\/wp-json\/wp\/v2\/product_cat?post=7022"},{"taxonomy":"product_tag","embeddable":true,"href":"http:\/\/klubmamgdynia.pl\/index.php\/wp-json\/wp\/v2\/product_tag?post=7022"}],"curies":[{"name":"wp","href":"https:\/\/api.w.org\/{rel}","templated":true}]}}