{"id":7026,"date":"2012-05-04T17:35:06","date_gmt":"2012-05-04T15:35:06","guid":{"rendered":"http:\/\/klubmamgdynia.pl\/index.php\/produkt\/eurobaby-zabawka-pianino-615186-ebz5003b\/"},"modified":"2026-04-28T18:07:37","modified_gmt":"2026-04-28T16:07:37","slug":"eurobaby-zabawka-pianino-615186-ebz5003b","status":"publish","type":"product","link":"http:\/\/klubmamgdynia.pl\/index.php\/produkt\/eurobaby-zabawka-pianino-615186-ebz5003b\/","title":{"rendered":"Eurobaby Zabawka Pianino 615186 (Ebz5003B)"},"content":{"rendered":"<p>EBZ 5003BZabawka Pianino w kszta\u0142cie jab\u0142ka. Pianino posiada jedn\u0105 gam\u0119 oraz 7 guzik\u00f3w z odg\u0142osami zwierz\u0105tek.Jest mo\u017cliwo\u015b\u0107 wyboru jednego z czterech tryb\u00f3w pracy (Pianino, Muzyka, Quiz, Zabawa). Podczas u\u017cywania, niekt\u00f3rych funkcji \u015bwieci listek.Dost\u0119pne kolory: czerwony i zielonyWymiary zabawki:20.5&#215;20 cmWymiary Pude\u0142ka: 21.5&#215;5.5&#215;21 cmPrzedzia\u0142 wiekowy: 3+Zasilanie: Bateria 3x 1.5V AA (brak w zestawie)<\/p>\n<h2>Eurobaby Zabawka Pianino 615186 (Ebz5003B) Eurobaby<\/h2>\n<p>ubieranki do druku, sentencje o dzieciach, cytat z kubusia puchatka o mi\u0142o\u015bci, afryka\u0144skie imiona, spos\u00f3b na elfa test, kolorowanka spiderman, nietypowe atrakcje dla dzieci, zagadki wielkanocne przedszkole, sandra imie, sta\u0142a pod \u015bniegiem, zagadki wiosna, zagadki na logik\u0119, dzie\u0144 pluszowego misia, prima aprilis \u017carty dla rodzic\u00f3w, zagadki dla 6 latka, test znaki drogowe, leonardo imi\u0119, bajka na dobranoc do czytania, asiunia &#8211; test z lektury pdf, co na roczek dla ch\u0142opca, imie pola<\/p>\n<p>yyyyy<\/p>\n<p>&nbsp;<\/p>\n","protected":false},"excerpt":{"rendered":"<p>EBZ 5003BZabawka Pianino w kszta\u0142cie jab\u0142ka. Pianino posiada jedn\u0105 gam\u0119 oraz 7 guzik\u00f3w z odg\u0142osami zwierz\u0105tek.Jest mo\u017cliwo\u015b\u0107 wyboru jednego z czterech tryb\u00f3w pracy (Pianino, Muzyka, Quiz, Zabawa). Podczas u\u017cywania, niekt\u00f3rych funkcji \u015bwieci listek.Dost\u0119pne kolory: czerwony i zielonyWymiary zabawki:20.5&#215;20 cmWymiary Pude\u0142ka: 21.5&#215;5.5&#215;21 cmPrzedzia\u0142 wiekowy: 3+Zasilanie: Bateria 3x 1.5V AA (brak w zestawie) Eurobaby Zabawka Pianino 615186 [&hellip;]<\/p>\n","protected":false},"featured_media":7027,"comment_status":"closed","ping_status":"open","template":"","meta":[],"product_cat":[128,155],"product_tag":[831,618,866],"class_list":["post-7026","product","type-product","status-publish","has-post-thumbnail","hentry","product_cat-eurobaby","product_cat-zabawki-muzyczne","product_tag-bruno","product_tag-lato-lato-lato-czeka-tekst","product_tag-opis-do-zdjecia-dziecka-na-fb"],"_links":{"self":[{"href":"http:\/\/klubmamgdynia.pl\/index.php\/wp-json\/wp\/v2\/product\/7026","targetHints":{"allow":["GET"]}}],"collection":[{"href":"http:\/\/klubmamgdynia.pl\/index.php\/wp-json\/wp\/v2\/product"}],"about":[{"href":"http:\/\/klubmamgdynia.pl\/index.php\/wp-json\/wp\/v2\/types\/product"}],"replies":[{"embeddable":true,"href":"http:\/\/klubmamgdynia.pl\/index.php\/wp-json\/wp\/v2\/comments?post=7026"}],"wp:featuredmedia":[{"embeddable":true,"href":"http:\/\/klubmamgdynia.pl\/index.php\/wp-json\/wp\/v2\/media\/7027"}],"wp:attachment":[{"href":"http:\/\/klubmamgdynia.pl\/index.php\/wp-json\/wp\/v2\/media?parent=7026"}],"wp:term":[{"taxonomy":"product_cat","embeddable":true,"href":"http:\/\/klubmamgdynia.pl\/index.php\/wp-json\/wp\/v2\/product_cat?post=7026"},{"taxonomy":"product_tag","embeddable":true,"href":"http:\/\/klubmamgdynia.pl\/index.php\/wp-json\/wp\/v2\/product_tag?post=7026"}],"curies":[{"name":"wp","href":"https:\/\/api.w.org\/{rel}","templated":true}]}}