{"id":7028,"date":"2020-04-02T17:49:12","date_gmt":"2020-04-02T15:49:12","guid":{"rendered":"http:\/\/klubmamgdynia.pl\/index.php\/produkt\/shifu-orboot-earth-interaktywny-globus-edukacyjny-izesfearth\/"},"modified":"2026-04-05T18:52:12","modified_gmt":"2026-04-05T16:52:12","slug":"shifu-orboot-earth-interaktywny-globus-edukacyjny-izesfearth","status":"publish","type":"product","link":"http:\/\/klubmamgdynia.pl\/index.php\/produkt\/shifu-orboot-earth-interaktywny-globus-edukacyjny-izesfearth\/","title":{"rendered":"Shifu Orboot Earth &#8211; interaktywny globus edukacyjny (IZESFEARTH)"},"content":{"rendered":"<p>Shifu Orboot Earth &#8211; interaktywny globus edukacyjny Edukacja w oparciu o S.T.E.M. Shifu Orboot powsta\u0142 zgodnie z najpopularniejszym obecnie podej\u015bciem do edukacji \u2013 rozwija wyobra\u017ani\u0119 i kreatywno\u015b\u0107, poszerza wiedz\u0119, zach\u0119ca do wyszukiwania informacji i odkrywania \u015bwiata. Podr\u00f3\u017c dooko\u0142a \u015bwiata Shifu Orboot to edukacyjny, interaktywny globus, z kt\u00f3rym mo\u017cesz zwiedza\u0107 \u015bwiat. Ponad 400 ciekawostek i 1000 interesuj\u0105cych fakt\u00f3w dotycz\u0105cych r\u00f3\u017cnych miejsc na ca\u0142ej kuli ziemskiej. Shifu Orboot rozbudzi ciekawo\u015b\u0107 i wyobra\u017ani\u0119 ka\u017cdego dziecka. Odkrywanie \u015bwiata i uczenie si\u0119 zamieni si\u0119 we wci\u0105gaj\u0105c\u0105 zabaw\u0119, dzi\u0119ki najlepszej interaktywnej kuli ziemskiej. 5 tryb\u00f3w pracy Zabawa z Shifu nigdy si\u0119 nie nudzi, dzi\u0119ki 5 r\u00f3\u017cnym trybom gry: Odkrywaj \u2013 zeskanuj wybrane miejsce i dowiedz si\u0119 wszystkiego na jego temat. Wycieczka &#8211; odkrywaj i ucz si\u0119 zwiedzaj\u0105c wirtualnie ca\u0142y \u015bwiat. Tajemnice \u2013 ekscytuj\u0105ce poszukiwania skarb\u00f3w na ca\u0142ym \u015bwiecie. Oko Park \u2013 zbuduj w\u0142asny park narodowy i zadbaj o jego ekosystem. Quizy \u2013 rozruszaj sw\u00f3j m\u00f3zg stawiaj\u0105c czo\u0142a zabawnym wyzwaniom. 6 kategorii do wyboru Wiedza o \u015bwiecie zosta\u0142a podzielona na 6 kategorii: przyroda, kuchnia, kultura, g\u00f3ry, mapy, wynalazki. Po zeskanowaniu wybranego miejsca na \u015bwiecie, wystarczy wybra\u0107 jedn\u0105 z kategorii, aby dowiedzie\u0107 si\u0119 jaka jest najpopularniejsza potrawa w Maroko, albo kto i kiedy stworzy\u0142 pierwszy samoch\u00f3d. Nauka przez zabaw\u0119 Po\u0142\u0105czenie fizycznej kuli ziemskiej z rozszerzon\u0105 rzeczywisto\u015bci\u0105 sprawia, \u017ce dzieci \u015bwietnie si\u0119 bawi\u0105 i ucz\u0105 r\u00f3wnocze\u015bnie. Wszystkie obiekty w aplikacji s\u0105 przedstawione w 3D, co pobudza wyobra\u017ani\u0119 dzieci i u\u0142atwia im zapami\u0119tywanie informacji. Specjalny paszport, w kt\u00f3rym zbiera si\u0119 piecz\u0105tki zach\u0119ca dzieci do udawania si\u0119 w kolejne podr\u00f3\u017ce. Specyfikacja techniczna: Opakowanie zawiera: 10\u201d globus, paszport, piecz\u0105tki, przewodnik, skr\u00f3cona instrukcja Aplikacja dost\u0119pna w j\u0119zyku polskim. Kompatybilno\u015b\u0107: iPad 5 generacji lub nowszej, iPad Air wszystkie modele, iPad Pro \u2013 wszystkie modele, iPad mini 2 lub nowszy, iPhone 6 lub nowszy, urz\u0105dzenie z systemem Android z minimum 3GB RAM.<\/p>\n<h2>Shifu Orboot Earth &#8211; interaktywny globus edukacyjny (IZESFEARTH) Noname<\/h2>\n<p>bajka terapeutyczna o emocjach, atrakcje warszawa dla dzieci, quiz o dinozaurach, test z lektury felix net i nika oraz gang niewidzialnych ludzi, narysowa\u0107 rysunki \u0142atwe<\/p>\n<p>yyyyy<\/p>\n<p>&nbsp;<\/p>\n","protected":false},"excerpt":{"rendered":"<p>Shifu Orboot Earth &#8211; interaktywny globus edukacyjny Edukacja w oparciu o S.T.E.M. Shifu Orboot powsta\u0142 zgodnie z najpopularniejszym obecnie podej\u015bciem do edukacji \u2013 rozwija wyobra\u017ani\u0119 i kreatywno\u015b\u0107, poszerza wiedz\u0119, zach\u0119ca do wyszukiwania informacji i odkrywania \u015bwiata. Podr\u00f3\u017c dooko\u0142a \u015bwiata Shifu Orboot to edukacyjny, interaktywny globus, z kt\u00f3rym mo\u017cesz zwiedza\u0107 \u015bwiat. Ponad 400 ciekawostek i 1000 [&hellip;]<\/p>\n","protected":false},"featured_media":7029,"comment_status":"closed","ping_status":"open","template":"","meta":[],"product_cat":[1117,537],"product_tag":[847,729,614,628,604],"class_list":["post-7028","product","type-product","status-publish","has-post-thumbnail","hentry","product_cat-noname","product_cat-pozostale-zabawki-edukacyjne","product_tag-kolorowanki-pokemon","product_tag-madre-bajki-dla-dzieci-do-czytania","product_tag-pia","product_tag-zagadka","product_tag-zagadki-trudne"],"_links":{"self":[{"href":"http:\/\/klubmamgdynia.pl\/index.php\/wp-json\/wp\/v2\/product\/7028","targetHints":{"allow":["GET"]}}],"collection":[{"href":"http:\/\/klubmamgdynia.pl\/index.php\/wp-json\/wp\/v2\/product"}],"about":[{"href":"http:\/\/klubmamgdynia.pl\/index.php\/wp-json\/wp\/v2\/types\/product"}],"replies":[{"embeddable":true,"href":"http:\/\/klubmamgdynia.pl\/index.php\/wp-json\/wp\/v2\/comments?post=7028"}],"wp:featuredmedia":[{"embeddable":true,"href":"http:\/\/klubmamgdynia.pl\/index.php\/wp-json\/wp\/v2\/media\/7029"}],"wp:attachment":[{"href":"http:\/\/klubmamgdynia.pl\/index.php\/wp-json\/wp\/v2\/media?parent=7028"}],"wp:term":[{"taxonomy":"product_cat","embeddable":true,"href":"http:\/\/klubmamgdynia.pl\/index.php\/wp-json\/wp\/v2\/product_cat?post=7028"},{"taxonomy":"product_tag","embeddable":true,"href":"http:\/\/klubmamgdynia.pl\/index.php\/wp-json\/wp\/v2\/product_tag?post=7028"}],"curies":[{"name":"wp","href":"https:\/\/api.w.org\/{rel}","templated":true}]}}