{"id":7032,"date":"2018-03-24T06:51:41","date_gmt":"2018-03-24T05:51:41","guid":{"rendered":"http:\/\/klubmamgdynia.pl\/index.php\/produkt\/hh-poland-konik-pluszowy-61431-htj1382c\/"},"modified":"2026-05-17T23:23:04","modified_gmt":"2026-05-17T21:23:04","slug":"hh-poland-konik-pluszowy-61431-htj1382c","status":"publish","type":"product","link":"http:\/\/klubmamgdynia.pl\/index.php\/produkt\/hh-poland-konik-pluszowy-61431-htj1382c\/","title":{"rendered":"HH Poland Konik Pluszowy 61431 (HTJ1382C)"},"content":{"rendered":"<p>Interaktywny r\u00f3\u017cowy konik z niebiesk\u0105 grzyw\u0105 z d\u017awi\u0119kami.Konik po naci\u015bni\u0119ciu porusza si\u0119 i wydaje weso\u0142e d\u017awi\u0119ki jak prawdziwy konik.Idealny towarzysz dzieci\u0119cych zabaw.\u015awietnie sprawdzi si\u0119 r\u00f3wnie\u017c jako przytulanka.- wymiary: 340x300x140- zasilanie: baterie 3x AA 1,5V (niedo\u0142\u0105czone)- zalecany wiek: 3+<\/p>\n<h2>HH Poland Konik Pluszowy 61431 (HTJ1382C) HH Poland<\/h2>\n<p>lato, wiosenna kolorowanka, jak narysowa\u0107 anio\u0142ka, zagadki dla doros\u0142ych z odpowiedziami, przyjazn, wiersze o wio\u015bnie jana brzechwy, dalia imi\u0119, plac zabaw pozna\u0144, wiersz o g\u00f3rniku, kolorowanki dla dzieci do druku, test z dzieci z bullerbyn, r\u0119cznie robione jak zrobi\u0107 kartk\u0119 walentynkow\u0105, kolorowanki do wydruku, \u017c\u0105rty na prima aprilis<\/p>\n<p>yyyyy<\/p>\n<p>&nbsp;<\/p>\n","protected":false},"excerpt":{"rendered":"<p>Interaktywny r\u00f3\u017cowy konik z niebiesk\u0105 grzyw\u0105 z d\u017awi\u0119kami.Konik po naci\u015bni\u0119ciu porusza si\u0119 i wydaje weso\u0142e d\u017awi\u0119ki jak prawdziwy konik.Idealny towarzysz dzieci\u0119cych zabaw.\u015awietnie sprawdzi si\u0119 r\u00f3wnie\u017c jako przytulanka.- wymiary: 340x300x140- zasilanie: baterie 3x AA 1,5V (niedo\u0142\u0105czone)- zalecany wiek: 3+ HH Poland Konik Pluszowy 61431 (HTJ1382C) HH Poland lato, wiosenna kolorowanka, jak narysowa\u0107 anio\u0142ka, zagadki dla doros\u0142ych [&hellip;]<\/p>\n","protected":false},"featured_media":7033,"comment_status":"closed","ping_status":"open","template":"","meta":[],"product_cat":[290,39],"product_tag":[792,618,785,711],"class_list":["post-7032","product","type-product","status-publish","has-post-thumbnail","hentry","product_cat-hh-poland","product_cat-zabawki-interaktywne","product_tag-cytaty-o-mamie","product_tag-lato-lato-lato-czeka-tekst","product_tag-prezent-dla-nastolatkow","product_tag-prezenty-dla-nastolatkow"],"_links":{"self":[{"href":"http:\/\/klubmamgdynia.pl\/index.php\/wp-json\/wp\/v2\/product\/7032","targetHints":{"allow":["GET"]}}],"collection":[{"href":"http:\/\/klubmamgdynia.pl\/index.php\/wp-json\/wp\/v2\/product"}],"about":[{"href":"http:\/\/klubmamgdynia.pl\/index.php\/wp-json\/wp\/v2\/types\/product"}],"replies":[{"embeddable":true,"href":"http:\/\/klubmamgdynia.pl\/index.php\/wp-json\/wp\/v2\/comments?post=7032"}],"wp:featuredmedia":[{"embeddable":true,"href":"http:\/\/klubmamgdynia.pl\/index.php\/wp-json\/wp\/v2\/media\/7033"}],"wp:attachment":[{"href":"http:\/\/klubmamgdynia.pl\/index.php\/wp-json\/wp\/v2\/media?parent=7032"}],"wp:term":[{"taxonomy":"product_cat","embeddable":true,"href":"http:\/\/klubmamgdynia.pl\/index.php\/wp-json\/wp\/v2\/product_cat?post=7032"},{"taxonomy":"product_tag","embeddable":true,"href":"http:\/\/klubmamgdynia.pl\/index.php\/wp-json\/wp\/v2\/product_tag?post=7032"}],"curies":[{"name":"wp","href":"https:\/\/api.w.org\/{rel}","templated":true}]}}