{"id":7034,"date":"2016-04-22T18:10:20","date_gmt":"2016-04-22T16:10:20","guid":{"rendered":"http:\/\/klubmamgdynia.pl\/index.php\/produkt\/artyk-pilka-230mm-literki-i-cyferki-024239\/"},"modified":"2026-04-30T09:57:00","modified_gmt":"2026-04-30T07:57:00","slug":"artyk-pilka-230mm-literki-i-cyferki-024239","status":"publish","type":"product","link":"http:\/\/klubmamgdynia.pl\/index.php\/produkt\/artyk-pilka-230mm-literki-i-cyferki-024239\/","title":{"rendered":"Artyk Pi\u0142ka 230Mm Literki I Cyferki 024239"},"content":{"rendered":"<p>Pi\u0142ka bez licencji 230mm Literki i cyferki 024239.<\/p>\n<h2>Artyk Pi\u0142ka 230Mm Literki I Cyferki 024239 Artyk<\/h2>\n<p>zagadki o zwierzetach, historia pluszowego misia, by\u0142 sobie kr\u00f3l, atrakcje do 30 km od wroc\u0142awia, cytat o dziecku, zagadki o lesie, wierszyk o wakacjach, pikachu kolorowanka, zagdki, test opowie\u015b\u0107 wigilijna, test miko\u0142ajek, dzie\u0144 misia 2021, kajko i kokosz szko\u0142a latania test z odpowiedziami, jak narysowa\u0107 oko, opis rodzina, misie z film\u00f3w animowanych, prezenty dla 7 latka<\/p>\n<p>yyyyy<\/p>\n<p>&nbsp;<\/p>\n","protected":false},"excerpt":{"rendered":"<p>Pi\u0142ka bez licencji 230mm Literki i cyferki 024239. Artyk Pi\u0142ka 230Mm Literki I Cyferki 024239 Artyk zagadki o zwierzetach, historia pluszowego misia, by\u0142 sobie kr\u00f3l, atrakcje do 30 km od wroc\u0142awia, cytat o dziecku, zagadki o lesie, wierszyk o wakacjach, pikachu kolorowanka, zagdki, test opowie\u015b\u0107 wigilijna, test miko\u0142ajek, dzie\u0144 misia 2021, kajko i kokosz szko\u0142a [&hellip;]<\/p>\n","protected":false},"featured_media":7035,"comment_status":"closed","ping_status":"open","template":"","meta":[],"product_cat":[336,293],"product_tag":[602,628,607],"class_list":["post-7034","product","type-product","status-publish","has-post-thumbnail","hentry","product_cat-artyk","product_cat-pilki-dla-dzieci","product_tag-quiz-o-zwierzetach-domowych","product_tag-zagadka","product_tag-zarty-na-prima-aprilis-dla-rodzicow"],"_links":{"self":[{"href":"http:\/\/klubmamgdynia.pl\/index.php\/wp-json\/wp\/v2\/product\/7034","targetHints":{"allow":["GET"]}}],"collection":[{"href":"http:\/\/klubmamgdynia.pl\/index.php\/wp-json\/wp\/v2\/product"}],"about":[{"href":"http:\/\/klubmamgdynia.pl\/index.php\/wp-json\/wp\/v2\/types\/product"}],"replies":[{"embeddable":true,"href":"http:\/\/klubmamgdynia.pl\/index.php\/wp-json\/wp\/v2\/comments?post=7034"}],"wp:featuredmedia":[{"embeddable":true,"href":"http:\/\/klubmamgdynia.pl\/index.php\/wp-json\/wp\/v2\/media\/7035"}],"wp:attachment":[{"href":"http:\/\/klubmamgdynia.pl\/index.php\/wp-json\/wp\/v2\/media?parent=7034"}],"wp:term":[{"taxonomy":"product_cat","embeddable":true,"href":"http:\/\/klubmamgdynia.pl\/index.php\/wp-json\/wp\/v2\/product_cat?post=7034"},{"taxonomy":"product_tag","embeddable":true,"href":"http:\/\/klubmamgdynia.pl\/index.php\/wp-json\/wp\/v2\/product_tag?post=7034"}],"curies":[{"name":"wp","href":"https:\/\/api.w.org\/{rel}","templated":true}]}}