{"id":7038,"date":"2019-08-04T14:28:31","date_gmt":"2019-08-04T12:28:31","guid":{"rendered":"http:\/\/klubmamgdynia.pl\/index.php\/produkt\/artyk-hulajnoga-rozowa-banki-mydlane\/"},"modified":"2026-04-20T15:27:56","modified_gmt":"2026-04-20T13:27:56","slug":"artyk-hulajnoga-rozowa-banki-mydlane","status":"publish","type":"product","link":"http:\/\/klubmamgdynia.pl\/index.php\/produkt\/artyk-hulajnoga-rozowa-banki-mydlane\/","title":{"rendered":"Artyk Hulajnoga r\u00f3\u017cowa Ba\u0144ki mydlane"},"content":{"rendered":"<p>HULAJNOGA POSIADA 2 TRYBY DZIA\u0141ANIA: ELEKTRYCZNY I MANUALNY, W ZESTAWIE: HULAJNOGA, ZEST. \u015aRUB, 4 KLUCZE, P\u0141YN DO ROBIENIA BANIEK, AKUMULATOR, \u0141ADOWARKA, ANTYPO\u015aLIZGOWY PODEST, MAX. OBCI\u0104\u017bENIE: 20 KG., WYM. PO Z\u0141O\u017bENIU: 61 X 70 X 30 CM., 3+ NAZWA HULAJNOGA R\u00d3\u017bOWA BA\u0143KI MYDLANE PRODUCENT ARTYK WIEK 3+ EAN 5901811134678 Znajd\u017a podobne wed\u0142ug klucza: ARTYK BA\u0143KI BA\u0143KI_MYDLANE HULAJNOGA (434816)<\/p>\n<h2>Artyk Hulajnoga r\u00f3\u017cowa Ba\u0144ki mydlane Artyk<\/h2>\n<p>kolorowanki bajki, test z lektury dzieci z bullerbyn, ma\u0142y ksi\u0105\u017ce test, quiz znaki drogowe, mini zoo \u015bl\u0105sk, cytaty o mamie, karty pracy dla dzieci z ukrainy do druku<\/p>\n<p>yyyyy<\/p>\n<p>&nbsp;<\/p>\n","protected":false},"excerpt":{"rendered":"<p>HULAJNOGA POSIADA 2 TRYBY DZIA\u0141ANIA: ELEKTRYCZNY I MANUALNY, W ZESTAWIE: HULAJNOGA, ZEST. \u015aRUB, 4 KLUCZE, P\u0141YN DO ROBIENIA BANIEK, AKUMULATOR, \u0141ADOWARKA, ANTYPO\u015aLIZGOWY PODEST, MAX. OBCI\u0104\u017bENIE: 20 KG., WYM. PO Z\u0141O\u017bENIU: 61 X 70 X 30 CM., 3+ NAZWA HULAJNOGA R\u00d3\u017bOWA BA\u0143KI MYDLANE PRODUCENT ARTYK WIEK 3+ EAN 5901811134678 Znajd\u017a podobne wed\u0142ug klucza: ARTYK BA\u0143KI BA\u0143KI_MYDLANE [&hellip;]<\/p>\n","protected":false},"featured_media":7039,"comment_status":"closed","ping_status":"open","template":"","meta":[],"product_cat":[336,315],"product_tag":[831,821,646,679],"class_list":["post-7038","product","type-product","status-publish","has-post-thumbnail","hentry","product_cat-artyk","product_cat-hulajnogi-dla-dzieci","product_tag-bruno","product_tag-marianna","product_tag-prezent-na-pierwsze-urodziny","product_tag-zabawki-na-roczek-dla-dziewczynki"],"_links":{"self":[{"href":"http:\/\/klubmamgdynia.pl\/index.php\/wp-json\/wp\/v2\/product\/7038","targetHints":{"allow":["GET"]}}],"collection":[{"href":"http:\/\/klubmamgdynia.pl\/index.php\/wp-json\/wp\/v2\/product"}],"about":[{"href":"http:\/\/klubmamgdynia.pl\/index.php\/wp-json\/wp\/v2\/types\/product"}],"replies":[{"embeddable":true,"href":"http:\/\/klubmamgdynia.pl\/index.php\/wp-json\/wp\/v2\/comments?post=7038"}],"wp:featuredmedia":[{"embeddable":true,"href":"http:\/\/klubmamgdynia.pl\/index.php\/wp-json\/wp\/v2\/media\/7039"}],"wp:attachment":[{"href":"http:\/\/klubmamgdynia.pl\/index.php\/wp-json\/wp\/v2\/media?parent=7038"}],"wp:term":[{"taxonomy":"product_cat","embeddable":true,"href":"http:\/\/klubmamgdynia.pl\/index.php\/wp-json\/wp\/v2\/product_cat?post=7038"},{"taxonomy":"product_tag","embeddable":true,"href":"http:\/\/klubmamgdynia.pl\/index.php\/wp-json\/wp\/v2\/product_tag?post=7038"}],"curies":[{"name":"wp","href":"https:\/\/api.w.org\/{rel}","templated":true}]}}