{"id":704,"date":"2013-01-18T03:46:40","date_gmt":"2013-01-18T02:46:40","guid":{"rendered":"http:\/\/klubmamgdynia.pl\/index.php\/produkt\/biustonosz-model-3036-czarny-do-karmienia-kolor-czarny-rozmiar-65d\/"},"modified":"2026-05-17T20:53:41","modified_gmt":"2026-05-17T18:53:41","slug":"biustonosz-model-3036-czarny-do-karmienia-kolor-czarny-rozmiar-65d","status":"publish","type":"product","link":"http:\/\/klubmamgdynia.pl\/index.php\/produkt\/biustonosz-model-3036-czarny-do-karmienia-kolor-czarny-rozmiar-65d\/","title":{"rendered":"Biustonosz Model 3036 czarny do karmienia (Kolor czarny, Rozmiar 65D)"},"content":{"rendered":"<p>Wyj\u0105tkowa bielizna stworzona z my\u015bl\u0105 o kobietach karmi\u0105cych kt\u00f3re opr\u00f3cz wygody ceni\u0105 r\u00f3wnie\u017c seksowny wygl\u0105d. Biustonosz w czarnym kolorze wykonany z g\u0142adkiej dzianiny. Idealnie wsp\u00f3lgra z kobiecym cia\u0142em, dzi\u0119ki czemu mo\u017cna go nawet za\u0142o\u017cy\u0107 pod najdelikatniesz\u0105 bluzeczk\u0119. Miseczki wykonane zosta\u0142y na cienkiej piance, dodatkowo wzmocnione fiszbin\u0105. Biustonosz wspaniale sprawdzi si\u0119 podczas karmienia dzi\u0119ki wygodnie odpinanym klipsom Clic-Clac umo\u017cliwiaj\u0105cym odpi\u0119cie i zapi\u0119cie miseczki jedn\u0105 r\u0119k\u0105, a tym samym karmienie dziecka bez zdejmowania biustonosza. Sk\u0142ad<\/p>\n<h2>Biustonosz Model 3036 czarny do karmienia (Kolor czarny, Rozmiar 65D) <\/h2>\n<p>dobranoc pch\u0142y na noc, imi\u0119 mira, plan lekcji do druku, cukierku ty \u0142obuzie test, pisanki woskiem wzory, pewna \u017caba by\u0142a s\u0142aba, dymitr, konkurs dla dzieci, pomys\u0142 na prima aprilis, quizy dla dzieci, kolorowanka star wars, kolorowanki wakacje, cytaty o mi\u0142o\u015bci do dziecka, zgadywanki, prezent dla nastolatk\u00f3w 2020, alan imie, walentynka dla syna, bajki terapeutyczne o emocjach pdf, po\u0142\u0105cz kropki, atrakcje dla dzieci wroc\u0142aw 2021<\/p>\n<p>yyyyy<\/p>\n<p>&nbsp;<\/p>\n","protected":false},"excerpt":{"rendered":"<p>Wyj\u0105tkowa bielizna stworzona z my\u015bl\u0105 o kobietach karmi\u0105cych kt\u00f3re opr\u00f3cz wygody ceni\u0105 r\u00f3wnie\u017c seksowny wygl\u0105d. Biustonosz w czarnym kolorze wykonany z g\u0142adkiej dzianiny. Idealnie wsp\u00f3lgra z kobiecym cia\u0142em, dzi\u0119ki czemu mo\u017cna go nawet za\u0142o\u017cy\u0107 pod najdelikatniesz\u0105 bluzeczk\u0119. Miseczki wykonane zosta\u0142y na cienkiej piance, dodatkowo wzmocnione fiszbin\u0105. Biustonosz wspaniale sprawdzi si\u0119 podczas karmienia dzi\u0119ki wygodnie odpinanym [&hellip;]<\/p>\n","protected":false},"featured_media":705,"comment_status":"closed","ping_status":"open","template":"","meta":[],"product_cat":[258],"product_tag":[719,656,866,841],"class_list":["post-704","product","type-product","status-publish","has-post-thumbnail","hentry","product_cat-bielizna-ciazowa","product_tag-dziecko-cytaty-zlote-mysli","product_tag-kolorowanki-lol","product_tag-opis-do-zdjecia-dziecka-na-fb","product_tag-quiz-o-flagach"],"_links":{"self":[{"href":"http:\/\/klubmamgdynia.pl\/index.php\/wp-json\/wp\/v2\/product\/704","targetHints":{"allow":["GET"]}}],"collection":[{"href":"http:\/\/klubmamgdynia.pl\/index.php\/wp-json\/wp\/v2\/product"}],"about":[{"href":"http:\/\/klubmamgdynia.pl\/index.php\/wp-json\/wp\/v2\/types\/product"}],"replies":[{"embeddable":true,"href":"http:\/\/klubmamgdynia.pl\/index.php\/wp-json\/wp\/v2\/comments?post=704"}],"wp:featuredmedia":[{"embeddable":true,"href":"http:\/\/klubmamgdynia.pl\/index.php\/wp-json\/wp\/v2\/media\/705"}],"wp:attachment":[{"href":"http:\/\/klubmamgdynia.pl\/index.php\/wp-json\/wp\/v2\/media?parent=704"}],"wp:term":[{"taxonomy":"product_cat","embeddable":true,"href":"http:\/\/klubmamgdynia.pl\/index.php\/wp-json\/wp\/v2\/product_cat?post=704"},{"taxonomy":"product_tag","embeddable":true,"href":"http:\/\/klubmamgdynia.pl\/index.php\/wp-json\/wp\/v2\/product_tag?post=704"}],"curies":[{"name":"wp","href":"https:\/\/api.w.org\/{rel}","templated":true}]}}