{"id":7040,"date":"2019-02-27T15:49:18","date_gmt":"2019-02-27T14:49:18","guid":{"rendered":"http:\/\/klubmamgdynia.pl\/index.php\/produkt\/lexibook-paw-patrol-projektor-rysunkowy-z-dlugopisem-i-pieczatkami\/"},"modified":"2026-04-27T08:04:28","modified_gmt":"2026-04-27T06:04:28","slug":"lexibook-paw-patrol-projektor-rysunkowy-z-dlugopisem-i-pieczatkami","status":"publish","type":"product","link":"http:\/\/klubmamgdynia.pl\/index.php\/produkt\/lexibook-paw-patrol-projektor-rysunkowy-z-dlugopisem-i-pieczatkami\/","title":{"rendered":"Lexibook Paw Patrol Projektor Rysunkowy Z D\u0142ugopisem I Piecz\u0105tkami"},"content":{"rendered":"<p>Fantastyczny projektor do rysowania ulubionych bohater\u00f3w! Bardzo \u0142atwy w u\u017cyciu dzi\u0119ki pod\u015bwietlanej powierzchni i praktycznym funkcjom. Projektor otwiera si\u0119, wi\u0119c mo\u017cesz przechowywa\u0107 akcesoria i zabra\u0107 go ze sob\u0105 gdziekolwiek jeste\u015b! Szczeg\u00f3\u0142y produktu: Wymiary (d\u0142ugo\u015b\u0107 x szeroko\u015b\u0107 x wysoko\u015b\u0107): 30,5 x 26,5 x 5,5 cm Zawiera 10 szablon\u00f3w, 1 d\u0142ugopis i 4 stemple Wymaga 3 baterii AA\/ LR6 1,5 V (nie do\u0142\u0105czone) Materia\u0142: tworzywo sztuczne Wiek: od 3 lat Uwaga Nieodpowiednie dla dzieci poni\u017cej 3 lat. Stosowa\u0107 wy\u0142\u0105cznie pod nadzorem osoby doros\u0142ej.<\/p>\n<h2>Lexibook Paw Patrol Projektor Rysunkowy Z D\u0142ugopisem I Piecz\u0105tkami Lexibook<\/h2>\n<p>testy ma\u0142y ksi\u0105\u017ce, zagadki matematyczne logiczne, prezent dla ch\u0142opca na roczek, \u017carty na prima aprilis dla ch\u0142opaka, atrakcje dla dzieci wroc\u0142aw i okolice, ma\u0142y ksi\u0105\u017ce cytaty, marcelina imi\u0119, jakie prezenty na roczek, gloria imie, narysowa\u0107 rysunki \u0142atwe, wierszyki na dobranoc dla dzieci, samoch\u00f3d kolorowanka do druku, tajemniczy ogr\u00f3d test z odpowiedziami, zaproszenie do druku, peppa kolorowanka<\/p>\n<p>yyyyy<\/p>\n<p>&nbsp;<\/p>\n","protected":false},"excerpt":{"rendered":"<p>Fantastyczny projektor do rysowania ulubionych bohater\u00f3w! Bardzo \u0142atwy w u\u017cyciu dzi\u0119ki pod\u015bwietlanej powierzchni i praktycznym funkcjom. Projektor otwiera si\u0119, wi\u0119c mo\u017cesz przechowywa\u0107 akcesoria i zabra\u0107 go ze sob\u0105 gdziekolwiek jeste\u015b! Szczeg\u00f3\u0142y produktu: Wymiary (d\u0142ugo\u015b\u0107 x szeroko\u015b\u0107 x wysoko\u015b\u0107): 30,5 x 26,5 x 5,5 cm Zawiera 10 szablon\u00f3w, 1 d\u0142ugopis i 4 stemple Wymaga 3 baterii [&hellip;]<\/p>\n","protected":false},"featured_media":7041,"comment_status":"closed","ping_status":"open","template":"","meta":[],"product_cat":[549,21],"product_tag":[772,691,699,743,649,633],"class_list":["post-7040","product","type-product","status-publish","has-post-thumbnail","hentry","product_cat-lexibook","product_cat-zabawki-plastyczne","product_tag-45-panstw-europy-i-ich-stolice-quiz","product_tag-gabriel","product_tag-kolorowanki-do-druku-dla-dziewczyn","product_tag-quiz-dla-dzieci","product_tag-zagadki-dla-nastolatkow","product_tag-zagadki-z-odpowiedziami"],"_links":{"self":[{"href":"http:\/\/klubmamgdynia.pl\/index.php\/wp-json\/wp\/v2\/product\/7040","targetHints":{"allow":["GET"]}}],"collection":[{"href":"http:\/\/klubmamgdynia.pl\/index.php\/wp-json\/wp\/v2\/product"}],"about":[{"href":"http:\/\/klubmamgdynia.pl\/index.php\/wp-json\/wp\/v2\/types\/product"}],"replies":[{"embeddable":true,"href":"http:\/\/klubmamgdynia.pl\/index.php\/wp-json\/wp\/v2\/comments?post=7040"}],"wp:featuredmedia":[{"embeddable":true,"href":"http:\/\/klubmamgdynia.pl\/index.php\/wp-json\/wp\/v2\/media\/7041"}],"wp:attachment":[{"href":"http:\/\/klubmamgdynia.pl\/index.php\/wp-json\/wp\/v2\/media?parent=7040"}],"wp:term":[{"taxonomy":"product_cat","embeddable":true,"href":"http:\/\/klubmamgdynia.pl\/index.php\/wp-json\/wp\/v2\/product_cat?post=7040"},{"taxonomy":"product_tag","embeddable":true,"href":"http:\/\/klubmamgdynia.pl\/index.php\/wp-json\/wp\/v2\/product_tag?post=7040"}],"curies":[{"name":"wp","href":"https:\/\/api.w.org\/{rel}","templated":true}]}}