{"id":7042,"date":"2024-06-11T13:57:01","date_gmt":"2024-06-11T11:57:01","guid":{"rendered":"http:\/\/klubmamgdynia.pl\/?post_type=product&#038;p=7042"},"modified":"2026-05-17T22:11:28","modified_gmt":"2026-05-17T20:11:28","slug":"epee-the-bellies-rozkoszne-brzuszki-lalka-muak-muak-03479-5671","status":"publish","type":"product","link":"http:\/\/klubmamgdynia.pl\/index.php\/produkt\/epee-the-bellies-rozkoszne-brzuszki-lalka-muak-muak-03479-5671\/","title":{"rendered":"Epee The Bellies Rozkoszne Brzuszki Lalka Muak-Muak 03479 5671"},"content":{"rendered":"<p>EPEE THE BELLIES ROZKOSZNE BRZUSZKI LALKA MUAK-MUAK 03479 5671<\/p>\n<p>Rozkoszny brzuszek Baby Bellies, to przes\u0142odka laleczka interaktywna z<br \/>\nakcesoriami. W opiece nad laleczk\u0105 pomo\u017ce Ci Encyklopedia Kupek do\u0142\u0105czona do<br \/>\nzestawu. Kiedy maluszek zrobi kupk\u0119 sp\u00f3jrz w encyklopedi\u0119 i dowiedz si\u0119 czego<br \/>\nmu potrzeba. Zosta\u0144 super niani\u0105 i zaadoptuj wszystkie cztery laleczki:<br \/>\nPinky-Twink, Yumi-Yummy, Muak-Muak i Bobby-Boo. Ma\u0142a opiekunka mo\u017ce nakarmi\u0107<br \/>\nbobaska butelk\u0105, poda\u0107 mu smoczek, zawin\u0105\u0107 w kocyk, czy przewin\u0105\u0107. Taka<br \/>\nlaleczka to pierwsza okazja do rozwijania odpowiedzialno\u015bci, opieku\u0144czo\u015bci i<br \/>\nempatii wobec drugiej osoby. Istnieje mo\u017cliwo\u015b\u0107 po\u0142\u0105czenia kilku laleczek ze<br \/>\nsob\u0105, aby zacze\u0142y ze sob\u0105 rozmawia\u0107. The Bellies powsta\u0142y w oparciu o serial<br \/>\ninternetowy na kanale YouTube.                            <\/p>\n<p>Zestaw zawiera:interaktywna laleczkabuteleczkasmoczekpieluchakocyk<\/p>\n<h2>Epee The Bellies Rozkoszne Brzuszki Lalka Muak-Muak 03479 5671 Epee<\/h2>\n<p>do druku dla dzieci, co kupic dziewczynce na roczek, ko\u0142ysanki teksty, bajka o dinozaurach do czytania, zak\u0142adka do ksi\u0105\u017cki szablon do druku, quizy dla dzieci 7 lat, zagadka, pomys\u0142 na roczek, wr\u00f3\u017cby andrzejkowe online dla dzieci, \u015bmieszne zagadki, prezent dla roczniaka, prezent dla nastolatka, wierszyki o wakacjach kr\u00f3tkie, zagadki dla dzieci 10 lat, origami dla dzieci, mia imie<\/p>\n<p>yyyyy<\/p>\n<p>&nbsp;<\/p>\n","protected":false},"excerpt":{"rendered":"<p>EPEE THE BELLIES ROZKOSZNE BRZUSZKI LALKA MUAK-MUAK 03479 5671 Rozkoszny brzuszek Baby Bellies, to przes\u0142odka laleczka interaktywna z akcesoriami. W opiece nad laleczk\u0105 pomo\u017ce Ci Encyklopedia Kupek do\u0142\u0105czona do zestawu. Kiedy maluszek zrobi kupk\u0119 sp\u00f3jrz w encyklopedi\u0119 i dowiedz si\u0119 czego mu potrzeba. Zosta\u0144 super niani\u0105 i zaadoptuj wszystkie cztery laleczki: Pinky-Twink, Yumi-Yummy, Muak-Muak i [&hellip;]<\/p>\n","protected":false},"featured_media":7043,"comment_status":"closed","ping_status":"open","template":"","meta":[],"product_cat":[49,65],"product_tag":[671,686,605,798,579],"class_list":["post-7042","product","type-product","status-publish","has-post-thumbnail","hentry","product_cat-epee","product_cat-lalki","product_tag-cicha-noc-po-angielsku-tekst","product_tag-co-na-roczek-dla-chlopca","product_tag-milena","product_tag-prezenty-dla-nastolatki","product_tag-quiz-opowiesci-z-narnii-lew-czarownica-i-stara-szafa"],"_links":{"self":[{"href":"http:\/\/klubmamgdynia.pl\/index.php\/wp-json\/wp\/v2\/product\/7042","targetHints":{"allow":["GET"]}}],"collection":[{"href":"http:\/\/klubmamgdynia.pl\/index.php\/wp-json\/wp\/v2\/product"}],"about":[{"href":"http:\/\/klubmamgdynia.pl\/index.php\/wp-json\/wp\/v2\/types\/product"}],"replies":[{"embeddable":true,"href":"http:\/\/klubmamgdynia.pl\/index.php\/wp-json\/wp\/v2\/comments?post=7042"}],"wp:featuredmedia":[{"embeddable":true,"href":"http:\/\/klubmamgdynia.pl\/index.php\/wp-json\/wp\/v2\/media\/7043"}],"wp:attachment":[{"href":"http:\/\/klubmamgdynia.pl\/index.php\/wp-json\/wp\/v2\/media?parent=7042"}],"wp:term":[{"taxonomy":"product_cat","embeddable":true,"href":"http:\/\/klubmamgdynia.pl\/index.php\/wp-json\/wp\/v2\/product_cat?post=7042"},{"taxonomy":"product_tag","embeddable":true,"href":"http:\/\/klubmamgdynia.pl\/index.php\/wp-json\/wp\/v2\/product_tag?post=7042"}],"curies":[{"name":"wp","href":"https:\/\/api.w.org\/{rel}","templated":true}]}}