{"id":7044,"date":"2013-08-13T09:48:06","date_gmt":"2013-08-13T07:48:06","guid":{"rendered":"http:\/\/klubmamgdynia.pl\/index.php\/produkt\/spin-master-zestaw-z-figurka-psi-patrol-odwazni-rycerze-pojazd-rubble-606218120133699\/"},"modified":"2026-04-20T13:47:46","modified_gmt":"2026-04-20T11:47:46","slug":"spin-master-zestaw-z-figurka-psi-patrol-odwazni-rycerze-pojazd-rubble-606218120133699","status":"publish","type":"product","link":"http:\/\/klubmamgdynia.pl\/index.php\/produkt\/spin-master-zestaw-z-figurka-psi-patrol-odwazni-rycerze-pojazd-rubble-606218120133699\/","title":{"rendered":"Spin Master Zestaw z figurk\u0105 Psi Patrol Odwa\u017cni Rycerze Pojazd Rubble (606218120133699)"},"content":{"rendered":"<p>Psi Patrol Odwa\u017cni Rycerze Po\u0142\u0105cz si\u0142y z Rubble i we\u017a udzia\u0142 w ekscytuj\u0105cych misjach z jego pojazdem delux w wersji Psi Patrol Odwa\u017cni Rycerze. Pojazd Rubble posiada detale i stylizacj\u0119 inspirowan\u0105 smokami oraz ekscytuj\u0105c\u0105 transformacj\u0119 narz\u0119dzi ratunkowych. Ubrany w zbroj\u0119 Odwa\u017cnych Rycerzy Rubble (w zestawie figurka kolekcjonerska) jest gotowy, aby uratowa\u0107 sytuacj\u0119 w Barkinburg. Gdy przyjaciel smok ma k\u0142opoty, posad\u017a Rubble za kierownic\u0105 i ruszaj na ratunek. Naci\u015bnij spojler, a z ty\u0142y wyskoczy wyrzutnia. Za\u0142aduj pociski (dwa w zestawie) i naci\u015bnij przycisk, aby wystrzeli\u0107! Wykorzystaj swoj\u0105 wyobra\u017ani\u0119, aby tworzy\u0107 niesamowite, \u015bredniowieczne akcje ratunkowe. Dok\u0142adnie takie jak z serialu telewizyjnego. Aby bawi\u0107 si\u0119 jeszcze lepiej, zbierz zestaw z zamkiem oraz wszystkie pojazdy delux Psiego Patrolu w wersji Odwa\u017cni Rycerze (zestaw i pojazdy sprzedawane osobno). Przygotuj si\u0119 na misje ratunkowe z Rubblei jego pojazdem delux z serii Odwa\u017cni Rycerze.<\/p>\n<h2>Spin Master Zestaw z figurk\u0105 Psi Patrol Odwa\u017cni Rycerze Pojazd Rubble (606218120133699) Spin Master<\/h2>\n<p>quiz o stolicach europy, motyl kolorowanka, leonardo imi\u0119, quiz o psie kt\u00f3ry je\u017adzi\u0142 kolej\u0105, dzie\u0144 dziecka dla nastolatk\u00f3w, wierszyki na smigus dyngus, kolorowanka kotki, kolorowe kredki tekst, zagadki dla ma\u0142ych dzieci<\/p>\n<p>yyyyy<\/p>\n<p>&nbsp;<\/p>\n","protected":false},"excerpt":{"rendered":"<p>Psi Patrol Odwa\u017cni Rycerze Po\u0142\u0105cz si\u0142y z Rubble i we\u017a udzia\u0142 w ekscytuj\u0105cych misjach z jego pojazdem delux w wersji Psi Patrol Odwa\u017cni Rycerze. Pojazd Rubble posiada detale i stylizacj\u0119 inspirowan\u0105 smokami oraz ekscytuj\u0105c\u0105 transformacj\u0119 narz\u0119dzi ratunkowych. Ubrany w zbroj\u0119 Odwa\u017cnych Rycerzy Rubble (w zestawie figurka kolekcjonerska) jest gotowy, aby uratowa\u0107 sytuacj\u0119 w Barkinburg. Gdy [&hellip;]<\/p>\n","protected":false},"featured_media":7045,"comment_status":"closed","ping_status":"open","template":"","meta":[],"product_cat":[95,94],"product_tag":[807,638,704,774,711,835],"class_list":["post-7044","product","type-product","status-publish","has-post-thumbnail","hentry","product_cat-figurki-makiety-i-zestawy","product_cat-spin-master","product_tag-logiczne-zagadki","product_tag-miastodzieci","product_tag-prezent-dla-nastolatka","product_tag-prezent-na-roczek-nie-zabawka","product_tag-prezenty-dla-nastolatkow","product_tag-radosc-dziecka-cytaty"],"_links":{"self":[{"href":"http:\/\/klubmamgdynia.pl\/index.php\/wp-json\/wp\/v2\/product\/7044","targetHints":{"allow":["GET"]}}],"collection":[{"href":"http:\/\/klubmamgdynia.pl\/index.php\/wp-json\/wp\/v2\/product"}],"about":[{"href":"http:\/\/klubmamgdynia.pl\/index.php\/wp-json\/wp\/v2\/types\/product"}],"replies":[{"embeddable":true,"href":"http:\/\/klubmamgdynia.pl\/index.php\/wp-json\/wp\/v2\/comments?post=7044"}],"wp:featuredmedia":[{"embeddable":true,"href":"http:\/\/klubmamgdynia.pl\/index.php\/wp-json\/wp\/v2\/media\/7045"}],"wp:attachment":[{"href":"http:\/\/klubmamgdynia.pl\/index.php\/wp-json\/wp\/v2\/media?parent=7044"}],"wp:term":[{"taxonomy":"product_cat","embeddable":true,"href":"http:\/\/klubmamgdynia.pl\/index.php\/wp-json\/wp\/v2\/product_cat?post=7044"},{"taxonomy":"product_tag","embeddable":true,"href":"http:\/\/klubmamgdynia.pl\/index.php\/wp-json\/wp\/v2\/product_tag?post=7044"}],"curies":[{"name":"wp","href":"https:\/\/api.w.org\/{rel}","templated":true}]}}