{"id":7046,"date":"2020-11-17T11:30:00","date_gmt":"2020-11-17T10:30:00","guid":{"rendered":"http:\/\/klubmamgdynia.pl\/index.php\/produkt\/aksjomat-puzzle-malucha-pyr-pyr-na-budowie\/"},"modified":"2026-04-28T20:38:40","modified_gmt":"2026-04-28T18:38:40","slug":"aksjomat-puzzle-malucha-pyr-pyr-na-budowie","status":"publish","type":"product","link":"http:\/\/klubmamgdynia.pl\/index.php\/produkt\/aksjomat-puzzle-malucha-pyr-pyr-na-budowie\/","title":{"rendered":"Aksjomat Puzzle Malucha Pyr, Pyr! Na Budowie"},"content":{"rendered":"<p>Puzzle malucha. Pyr, pyr! Na budowie&#8221;Maluchy przepadaj\u0105 za uk\u0142adaniem puzzli. Ka\u017cdy samodzielnie u\u0142o\u017cony obrazek sprawia im wiele rado\u015bci i satysfakcji. Zabawa z puzzlami ma r\u00f3wnie\u017c wiele walor\u00f3w edukacyjnych \u2013 dziecko rozwija spostrzegawczo\u015b\u0107<\/p>\n<h2>Aksjomat Puzzle Malucha Pyr, Pyr! Na Budowie sprawno\u015b\u0107 manualn\u0105 oraz wiedz\u0119 o otaczaj\u0105cym \u015bwiecie.Co wyr\u00f3\u017cnia PUZZLE MALUCHA?\u2022 Gruba tektura dobrej jako\u015bci.\u2022 Odpowiedni dla dzieci stopie\u0144 skomplikowania uk\u0142adanki.\u2022 Tematyka obrazk\u00f3w nawi\u0105zuj\u0105ca do zainteresowa\u0144 maluszk\u00f3w.\u2022 Wymiary po u\u0142o\u017ceniu (22 x 22 cm)<\/h2>\n<p>darmowe kolorowanki kolorowanki dla dziewczynek, bajka o kreciku, motto dla nauczyciela, na roczek dla ch\u0142opca, zagadki wielkanocne dla doros\u0142ych, imie paula, miasto dzieci pl, kaczuszka, prezenty dla rocznego dziecka, dziecko cytaty z\u0142ote my\u015bli, zak\u0142adka do ksi\u0105\u017cki szablon do druku, \u0142amig\u0142\u00f3wki matematyczne, felix net i nika oraz gang niewidzialnych ludzi pytania i odpowiedzi, kolorowanka do druku super zings, mia imi\u0119, \u015bmieszne \u0142ama\u0144ce j\u0119zykowe<\/p>\n<p>yyyyy<\/p>\n<p>&nbsp;<\/p>\n","protected":false},"excerpt":{"rendered":"<p>Puzzle malucha. Pyr, pyr! Na budowie&#8221;Maluchy przepadaj\u0105 za uk\u0142adaniem puzzli. Ka\u017cdy samodzielnie u\u0142o\u017cony obrazek sprawia im wiele rado\u015bci i satysfakcji. Zabawa z puzzlami ma r\u00f3wnie\u017c wiele walor\u00f3w edukacyjnych \u2013 dziecko rozwija spostrzegawczo\u015b\u0107 Aksjomat Puzzle Malucha Pyr, Pyr! Na Budowie sprawno\u015b\u0107 manualn\u0105 oraz wiedz\u0119 o otaczaj\u0105cym \u015bwiecie.Co wyr\u00f3\u017cnia PUZZLE MALUCHA?\u2022 Gruba tektura dobrej jako\u015bci.\u2022 Odpowiedni dla [&hellip;]<\/p>\n","protected":false},"featured_media":7047,"comment_status":"closed","ping_status":"open","template":"","meta":[],"product_cat":[1523],"product_tag":[844,646,627,695,721],"class_list":["post-7046","product","type-product","status-publish","has-post-thumbnail","hentry","product_cat-czyli-duza-ukladanka-z-25-elementow-poreczne-pudelko","product_tag-co-kupic-na-roczek","product_tag-prezent-na-pierwsze-urodziny","product_tag-quiz-dzieci-z-bullerbyn","product_tag-rzadkie-imiona-zenskie","product_tag-zagadki-matematyczne"],"_links":{"self":[{"href":"http:\/\/klubmamgdynia.pl\/index.php\/wp-json\/wp\/v2\/product\/7046","targetHints":{"allow":["GET"]}}],"collection":[{"href":"http:\/\/klubmamgdynia.pl\/index.php\/wp-json\/wp\/v2\/product"}],"about":[{"href":"http:\/\/klubmamgdynia.pl\/index.php\/wp-json\/wp\/v2\/types\/product"}],"replies":[{"embeddable":true,"href":"http:\/\/klubmamgdynia.pl\/index.php\/wp-json\/wp\/v2\/comments?post=7046"}],"wp:featuredmedia":[{"embeddable":true,"href":"http:\/\/klubmamgdynia.pl\/index.php\/wp-json\/wp\/v2\/media\/7047"}],"wp:attachment":[{"href":"http:\/\/klubmamgdynia.pl\/index.php\/wp-json\/wp\/v2\/media?parent=7046"}],"wp:term":[{"taxonomy":"product_cat","embeddable":true,"href":"http:\/\/klubmamgdynia.pl\/index.php\/wp-json\/wp\/v2\/product_cat?post=7046"},{"taxonomy":"product_tag","embeddable":true,"href":"http:\/\/klubmamgdynia.pl\/index.php\/wp-json\/wp\/v2\/product_tag?post=7046"}],"curies":[{"name":"wp","href":"https:\/\/api.w.org\/{rel}","templated":true}]}}