{"id":7049,"date":"2013-09-26T18:52:45","date_gmt":"2013-09-26T16:52:45","guid":{"rendered":"http:\/\/klubmamgdynia.pl\/index.php\/produkt\/stabilne-siodelko-oraz-rozkladane-tylne-kola\/"},"modified":"2026-05-17T23:15:29","modified_gmt":"2026-05-17T21:15:29","slug":"stabilne-siodelko-oraz-rozkladane-tylne-kola","status":"publish","type":"product","link":"http:\/\/klubmamgdynia.pl\/index.php\/produkt\/stabilne-siodelko-oraz-rozkladane-tylne-kola\/","title":{"rendered":"stabilne siode\u0142ko oraz rozk\u0142adane tylne ko\u0142a"},"content":{"rendered":"<h2>stabilne siode\u0142ko oraz rozk\u0142adane tylne ko\u0142a <\/h2>\n<p>prezent dla 14 letniej dziewczyny, szlaczki literopodobne do wydruku, wiktor, zagadki logiczne, upominek dla nastolatk\u00f3w, misie z bajek, rymowane zagadki dla dzieci, quiz minecraft, rysunki \u0142atwe, lidia imie, prezent dla 7 latka ch\u0142opca, rysunki dla pocz\u0105tkuj\u0105cych, kolorowanki konie z je\u017ad\u017acem, misie z film\u00f3w animowanych, spiderman do druku, kanapki na urodziny dziecka<\/p>\n<p>yyyyy<\/p>\n<p>&nbsp;<\/p>\n","protected":false},"excerpt":{"rendered":"<p>stabilne siode\u0142ko oraz rozk\u0142adane tylne ko\u0142a prezent dla 14 letniej dziewczyny, szlaczki literopodobne do wydruku, wiktor, zagadki logiczne, upominek dla nastolatk\u00f3w, misie z bajek, rymowane zagadki dla dzieci, quiz minecraft, rysunki \u0142atwe, lidia imie, prezent dla 7 latka ch\u0142opca, rysunki dla pocz\u0105tkuj\u0105cych, kolorowanki konie z je\u017ad\u017acem, misie z film\u00f3w animowanych, spiderman do druku, kanapki na [&hellip;]<\/p>\n","protected":false},"featured_media":0,"comment_status":"closed","ping_status":"open","template":"","meta":[],"product_cat":[],"product_tag":[676,702,605,732,623],"class_list":["post-7049","product","type-product","status-publish","hentry","product_tag-bursztynek","product_tag-co-kupic-na-roczek-dla-dziewczynki","product_tag-milena","product_tag-prezent-dla-rocznego-chlopca","product_tag-zagadki-logiczne-smieszne"],"_links":{"self":[{"href":"http:\/\/klubmamgdynia.pl\/index.php\/wp-json\/wp\/v2\/product\/7049","targetHints":{"allow":["GET"]}}],"collection":[{"href":"http:\/\/klubmamgdynia.pl\/index.php\/wp-json\/wp\/v2\/product"}],"about":[{"href":"http:\/\/klubmamgdynia.pl\/index.php\/wp-json\/wp\/v2\/types\/product"}],"replies":[{"embeddable":true,"href":"http:\/\/klubmamgdynia.pl\/index.php\/wp-json\/wp\/v2\/comments?post=7049"}],"wp:attachment":[{"href":"http:\/\/klubmamgdynia.pl\/index.php\/wp-json\/wp\/v2\/media?parent=7049"}],"wp:term":[{"taxonomy":"product_cat","embeddable":true,"href":"http:\/\/klubmamgdynia.pl\/index.php\/wp-json\/wp\/v2\/product_cat?post=7049"},{"taxonomy":"product_tag","embeddable":true,"href":"http:\/\/klubmamgdynia.pl\/index.php\/wp-json\/wp\/v2\/product_tag?post=7049"}],"curies":[{"name":"wp","href":"https:\/\/api.w.org\/{rel}","templated":true}]}}