{"id":7051,"date":"2013-01-07T13:39:32","date_gmt":"2013-01-07T12:39:32","guid":{"rendered":"http:\/\/klubmamgdynia.pl\/index.php\/produkt\/urozmaicony-atrakcyjnymi-swiatelkami-znakomicie-skupia-uwage-dziecka\/"},"modified":"2026-05-17T22:31:27","modified_gmt":"2026-05-17T20:31:27","slug":"urozmaicony-atrakcyjnymi-swiatelkami-znakomicie-skupia-uwage-dziecka","status":"publish","type":"product","link":"http:\/\/klubmamgdynia.pl\/index.php\/produkt\/urozmaicony-atrakcyjnymi-swiatelkami-znakomicie-skupia-uwage-dziecka\/","title":{"rendered":"urozmaicony atrakcyjnymi \u015bwiate\u0142kami.Znakomicie skupia uwag\u0119 dziecka"},"content":{"rendered":"<h2>urozmaicony atrakcyjnymi \u015bwiate\u0142kami.Znakomicie skupia uwag\u0119 dziecka <\/h2>\n<p>prezent dla 17 latki, pomysly na prima aprilis, wzruszajace cytaty o rodzinie, do druku dla dzieci, upominek dla nastolatk\u00f3w, misie z bajek, oskar imi\u0119, dinozaury kolorowanki, zagadki dla dzieci 5 lat, traktory do druku<\/p>\n<p>yyyyy<\/p>\n<p>&nbsp;<\/p>\n","protected":false},"excerpt":{"rendered":"<p>urozmaicony atrakcyjnymi \u015bwiate\u0142kami.Znakomicie skupia uwag\u0119 dziecka prezent dla 17 latki, pomysly na prima aprilis, wzruszajace cytaty o rodzinie, do druku dla dzieci, upominek dla nastolatk\u00f3w, misie z bajek, oskar imi\u0119, dinozaury kolorowanki, zagadki dla dzieci 5 lat, traktory do druku yyyyy &nbsp;<\/p>\n","protected":false},"featured_media":0,"comment_status":"closed","ping_status":"open","template":"","meta":[],"product_cat":[],"product_tag":[784,683,856,684],"class_list":["post-7051","product","type-product","status-publish","hentry","product_tag-hymn-gorniczy","product_tag-karaluchy-pod-poduchy","product_tag-prezent-dla-16-latki","product_tag-prezent-dla-dziewczynki-na-roczek"],"_links":{"self":[{"href":"http:\/\/klubmamgdynia.pl\/index.php\/wp-json\/wp\/v2\/product\/7051","targetHints":{"allow":["GET"]}}],"collection":[{"href":"http:\/\/klubmamgdynia.pl\/index.php\/wp-json\/wp\/v2\/product"}],"about":[{"href":"http:\/\/klubmamgdynia.pl\/index.php\/wp-json\/wp\/v2\/types\/product"}],"replies":[{"embeddable":true,"href":"http:\/\/klubmamgdynia.pl\/index.php\/wp-json\/wp\/v2\/comments?post=7051"}],"wp:attachment":[{"href":"http:\/\/klubmamgdynia.pl\/index.php\/wp-json\/wp\/v2\/media?parent=7051"}],"wp:term":[{"taxonomy":"product_cat","embeddable":true,"href":"http:\/\/klubmamgdynia.pl\/index.php\/wp-json\/wp\/v2\/product_cat?post=7051"},{"taxonomy":"product_tag","embeddable":true,"href":"http:\/\/klubmamgdynia.pl\/index.php\/wp-json\/wp\/v2\/product_tag?post=7051"}],"curies":[{"name":"wp","href":"https:\/\/api.w.org\/{rel}","templated":true}]}}