{"id":7052,"date":"2016-12-03T08:44:10","date_gmt":"2016-12-03T07:44:10","guid":{"rendered":"http:\/\/klubmamgdynia.pl\/index.php\/produkt\/7052\/"},"modified":"2026-05-01T09:18:26","modified_gmt":"2026-05-01T07:18:26","slug":"7052","status":"publish","type":"product","link":"http:\/\/klubmamgdynia.pl\/index.php\/produkt\/7052\/","title":{"rendered":""},"content":{"rendered":"<h2> <\/h2>\n<p>prezent dla nastolatek, podchwytliwe zagadki z odpowiedziami, prezent dla 7 latka, znaki drogowe quizy, cytaty rodzina, prezenty na roczek dla ch\u0142opca, kolorowanka pokemon, buziak gify na dobranoc smieszne, najpi\u0119kniejsze cytaty dziecko cytaty, karaluchy pod poduchy a szczypawki, najrzadsze imiona, kr\u00f3tkie bajki na dobranoc do czytania, zagadki logiczne matematyczne dla dzieci, ostatni dzwonek tekst, cytaty o przyja\u017ani, wzruszaj\u0105ce s\u0142owa dla przyjaciela, przek\u0105ski na urodziny dziecka, prezent dla rocznej dziewczynki, \u0142amig\u0142\u00f3wki logiczne, pierwsze urodziny prezent na roczek dla dziewczynki, cytaty z ma\u0142ego ksi\u0119cia o przyja\u017ani<\/p>\n<p>yyyyy<\/p>\n<p>&nbsp;<\/p>\n","protected":false},"excerpt":{"rendered":"<p>prezent dla nastolatek, podchwytliwe zagadki z odpowiedziami, prezent dla 7 latka, znaki drogowe quizy, cytaty rodzina, prezenty na roczek dla ch\u0142opca, kolorowanka pokemon, buziak gify na dobranoc smieszne, najpi\u0119kniejsze cytaty dziecko cytaty, karaluchy pod poduchy a szczypawki, najrzadsze imiona, kr\u00f3tkie bajki na dobranoc do czytania, zagadki logiczne matematyczne dla dzieci, ostatni dzwonek tekst, cytaty o [&hellip;]<\/p>\n","protected":false},"featured_media":0,"comment_status":"closed","ping_status":"open","template":"","meta":[],"product_cat":[],"product_tag":[719,861,807,687],"class_list":["post-7052","product","type-product","status-publish","hentry","product_tag-dziecko-cytaty-zlote-mysli","product_tag-jak-narysowac-psa","product_tag-logiczne-zagadki","product_tag-podchwytliwe-zagadki-matematyczne"],"_links":{"self":[{"href":"http:\/\/klubmamgdynia.pl\/index.php\/wp-json\/wp\/v2\/product\/7052","targetHints":{"allow":["GET"]}}],"collection":[{"href":"http:\/\/klubmamgdynia.pl\/index.php\/wp-json\/wp\/v2\/product"}],"about":[{"href":"http:\/\/klubmamgdynia.pl\/index.php\/wp-json\/wp\/v2\/types\/product"}],"replies":[{"embeddable":true,"href":"http:\/\/klubmamgdynia.pl\/index.php\/wp-json\/wp\/v2\/comments?post=7052"}],"wp:attachment":[{"href":"http:\/\/klubmamgdynia.pl\/index.php\/wp-json\/wp\/v2\/media?parent=7052"}],"wp:term":[{"taxonomy":"product_cat","embeddable":true,"href":"http:\/\/klubmamgdynia.pl\/index.php\/wp-json\/wp\/v2\/product_cat?post=7052"},{"taxonomy":"product_tag","embeddable":true,"href":"http:\/\/klubmamgdynia.pl\/index.php\/wp-json\/wp\/v2\/product_tag?post=7052"}],"curies":[{"name":"wp","href":"https:\/\/api.w.org\/{rel}","templated":true}]}}