{"id":7053,"date":"2019-03-21T15:50:07","date_gmt":"2019-03-21T14:50:07","guid":{"rendered":"http:\/\/klubmamgdynia.pl\/index.php\/produkt\/znajdzie-sie-tu-miejsce-i-dla-tych\/"},"modified":"2026-05-17T22:45:28","modified_gmt":"2026-05-17T20:45:28","slug":"znajdzie-sie-tu-miejsce-i-dla-tych","status":"publish","type":"product","link":"http:\/\/klubmamgdynia.pl\/index.php\/produkt\/znajdzie-sie-tu-miejsce-i-dla-tych\/","title":{"rendered":"znajdzie si\u0119 tu miejsce i dla tych"},"content":{"rendered":"<p>by wszystko wygodnie posegregowa\u0107 i w razie potrzeby szybko odnale\u017a\u0107. Torba ta b\u0119dzie ci s\u0142u\u017cy\u0107 tak\u017ce jako elegancki dodatek i mie\u015bci\u0107 wszystkie twoje rzeczy: bo przecie\u017c nie wychodzisz z domu bez telefonu<\/p>\n<h2>znajdzie si\u0119 tu miejsce i dla tych organizera i ulubionego kremu \u2013 w jej wn\u0119trzu znajdziesz odpowiedni\u0105 kiesze\u0144 na ka\u017cd\u0105 z nich.Co wyr\u00f3\u017cnia w\u0142a\u015bnie t\u0119 torb\u0119:pi\u0119kny<\/h2>\n<p>pytania logiczne, zak\u0142adka do ksi\u0105\u017cki szablon do druku, marianna, testy z zemsty, koty kolorowanki do druku, mi\u0142osz imi\u0119, znane misie z film\u00f3w animowanych, znaczenie imiona alan, prezent dla ch\u0142opca na roczek, test z narnii lew czarownica i stara szafa, najlepsze zarty na prima aprilis, traktor z przyczep\u0105 kolorowanka, bajka o \u017cabie, wiosna zagadki s\u0142owne, lokomotywa kolorowanka, plac zamkowy, piosenki na dobranoc dla dzieci + tekst, kundel bury tekst, karty pracy obrazki do wyklejania plastelin\u0105<\/p>\n<p>yyyyy<\/p>\n<p>&nbsp;<\/p>\n","protected":false},"excerpt":{"rendered":"<p>by wszystko wygodnie posegregowa\u0107 i w razie potrzeby szybko odnale\u017a\u0107. Torba ta b\u0119dzie ci s\u0142u\u017cy\u0107 tak\u017ce jako elegancki dodatek i mie\u015bci\u0107 wszystkie twoje rzeczy: bo przecie\u017c nie wychodzisz z domu bez telefonu znajdzie si\u0119 tu miejsce i dla tych organizera i ulubionego kremu \u2013 w jej wn\u0119trzu znajdziesz odpowiedni\u0105 kiesze\u0144 na ka\u017cd\u0105 z nich.Co wyr\u00f3\u017cnia [&hellip;]<\/p>\n","protected":false},"featured_media":0,"comment_status":"closed","ping_status":"open","template":"","meta":[],"product_cat":[1524,1525],"product_tag":[765,831,837,667,656,639,760],"class_list":["post-7053","product","type-product","status-publish","hentry","product_cat-organizera-i-ulubionego-kremu-w-jej-wnetrzu-znajdziesz-odpowiednia-kieszen-na-kazda-z-nich-co-wyroznia-wlasnie-te-torbepiekny","product_cat-stonowany","product_tag-atrakcje-dla-dzieci-warszawa","product_tag-bruno","product_tag-cicha-noc-po-angielsku","product_tag-kolorowanka-lol","product_tag-kolorowanki-lol","product_tag-nela-imie","product_tag-zagadka-matematyczna"],"_links":{"self":[{"href":"http:\/\/klubmamgdynia.pl\/index.php\/wp-json\/wp\/v2\/product\/7053","targetHints":{"allow":["GET"]}}],"collection":[{"href":"http:\/\/klubmamgdynia.pl\/index.php\/wp-json\/wp\/v2\/product"}],"about":[{"href":"http:\/\/klubmamgdynia.pl\/index.php\/wp-json\/wp\/v2\/types\/product"}],"replies":[{"embeddable":true,"href":"http:\/\/klubmamgdynia.pl\/index.php\/wp-json\/wp\/v2\/comments?post=7053"}],"wp:attachment":[{"href":"http:\/\/klubmamgdynia.pl\/index.php\/wp-json\/wp\/v2\/media?parent=7053"}],"wp:term":[{"taxonomy":"product_cat","embeddable":true,"href":"http:\/\/klubmamgdynia.pl\/index.php\/wp-json\/wp\/v2\/product_cat?post=7053"},{"taxonomy":"product_tag","embeddable":true,"href":"http:\/\/klubmamgdynia.pl\/index.php\/wp-json\/wp\/v2\/product_tag?post=7053"}],"curies":[{"name":"wp","href":"https:\/\/api.w.org\/{rel}","templated":true}]}}