{"id":7054,"date":"2014-06-28T16:21:05","date_gmt":"2014-06-28T14:21:05","guid":{"rendered":"http:\/\/klubmamgdynia.pl\/index.php\/produkt\/7054\/"},"modified":"2026-04-06T18:47:35","modified_gmt":"2026-04-06T16:47:35","slug":"7054","status":"publish","type":"product","link":"http:\/\/klubmamgdynia.pl\/index.php\/produkt\/7054\/","title":{"rendered":""},"content":{"rendered":"<h2> <\/h2>\n<p>nauka zegara do druku pdf, miko\u0142ajek quiz, kartka walentynkowa r\u0119cznie robiona \u0142atwa, pa\u0144stwa miasta wz\u00f3r, \u015bmieszne zagadki dla dzieci 10 lat, nadia, ma\u0142y ksi\u0105\u017c\u0119 &#8211; test z odpowiedziami, jak zrobi\u0107 samolot z papieru, nauka pisania wyraz\u00f3w dla dzieci do druku pdf, zabawki dla dziewczynki na roczek, prezent na urodziny dla nastolatki, lucjan<\/p>\n<p>yyyyy<\/p>\n<p>&nbsp;<\/p>\n","protected":false},"excerpt":{"rendered":"<p>nauka zegara do druku pdf, miko\u0142ajek quiz, kartka walentynkowa r\u0119cznie robiona \u0142atwa, pa\u0144stwa miasta wz\u00f3r, \u015bmieszne zagadki dla dzieci 10 lat, nadia, ma\u0142y ksi\u0105\u017c\u0119 &#8211; test z odpowiedziami, jak zrobi\u0107 samolot z papieru, nauka pisania wyraz\u00f3w dla dzieci do druku pdf, zabawki dla dziewczynki na roczek, prezent na urodziny dla nastolatki, lucjan yyyyy &nbsp;<\/p>\n","protected":false},"featured_media":0,"comment_status":"closed","ping_status":"open","template":"","meta":[],"product_cat":[],"product_tag":[808,619,654,855,596,809],"class_list":["post-7054","product","type-product","status-publish","hentry","product_tag-imie-mia","product_tag-iwo-imie","product_tag-krotkie-bajki-dla-dzieci-do-czytania","product_tag-nietypowe-imiona-zenskie","product_tag-pomysly-na-prima-aprilis","product_tag-zagadki"],"_links":{"self":[{"href":"http:\/\/klubmamgdynia.pl\/index.php\/wp-json\/wp\/v2\/product\/7054","targetHints":{"allow":["GET"]}}],"collection":[{"href":"http:\/\/klubmamgdynia.pl\/index.php\/wp-json\/wp\/v2\/product"}],"about":[{"href":"http:\/\/klubmamgdynia.pl\/index.php\/wp-json\/wp\/v2\/types\/product"}],"replies":[{"embeddable":true,"href":"http:\/\/klubmamgdynia.pl\/index.php\/wp-json\/wp\/v2\/comments?post=7054"}],"wp:attachment":[{"href":"http:\/\/klubmamgdynia.pl\/index.php\/wp-json\/wp\/v2\/media?parent=7054"}],"wp:term":[{"taxonomy":"product_cat","embeddable":true,"href":"http:\/\/klubmamgdynia.pl\/index.php\/wp-json\/wp\/v2\/product_cat?post=7054"},{"taxonomy":"product_tag","embeddable":true,"href":"http:\/\/klubmamgdynia.pl\/index.php\/wp-json\/wp\/v2\/product_tag?post=7054"}],"curies":[{"name":"wp","href":"https:\/\/api.w.org\/{rel}","templated":true}]}}