{"id":7056,"date":"2019-03-09T05:40:10","date_gmt":"2019-03-09T04:40:10","guid":{"rendered":"http:\/\/klubmamgdynia.pl\/index.php\/produkt\/7056\/"},"modified":"2026-04-26T17:05:13","modified_gmt":"2026-04-26T15:05:13","slug":"7056","status":"publish","type":"product","link":"http:\/\/klubmamgdynia.pl\/index.php\/produkt\/7056\/","title":{"rendered":""},"content":{"rendered":"<h2> <\/h2>\n<p>kr\u00f3tkie czytanki dla dzieci do wydruku, zagadki wiosenne dla dzieci, gdzie nad wod\u0119 ko\u0142o warszawy, jak narysowa\u0107 kr\u00f3lika, opowie\u015bci z narnii lew czarownica i stara szafa test do wydruku, \u015bmieszne kanapki kanapki dla dzieci, prezent na 1 urodziny, oryginalny prezent na roczek dla ch\u0142opca, kotek kolorowanka, znaczenie imienia julian<\/p>\n<p>yyyyy<\/p>\n<p>&nbsp;<\/p>\n","protected":false},"excerpt":{"rendered":"<p>kr\u00f3tkie czytanki dla dzieci do wydruku, zagadki wiosenne dla dzieci, gdzie nad wod\u0119 ko\u0142o warszawy, jak narysowa\u0107 kr\u00f3lika, opowie\u015bci z narnii lew czarownica i stara szafa test do wydruku, \u015bmieszne kanapki kanapki dla dzieci, prezent na 1 urodziny, oryginalny prezent na roczek dla ch\u0142opca, kotek kolorowanka, znaczenie imienia julian yyyyy &nbsp;<\/p>\n","protected":false},"featured_media":0,"comment_status":"closed","ping_status":"open","template":"","meta":[],"product_cat":[],"product_tag":[828,753,734,675],"class_list":["post-7056","product","type-product","status-publish","hentry","product_tag-filmy-wigilijne-dla-dzieci","product_tag-kamila","product_tag-milan-imie","product_tag-test-z-lektury-kajko-i-kokosz-szkola-latania"],"_links":{"self":[{"href":"http:\/\/klubmamgdynia.pl\/index.php\/wp-json\/wp\/v2\/product\/7056","targetHints":{"allow":["GET"]}}],"collection":[{"href":"http:\/\/klubmamgdynia.pl\/index.php\/wp-json\/wp\/v2\/product"}],"about":[{"href":"http:\/\/klubmamgdynia.pl\/index.php\/wp-json\/wp\/v2\/types\/product"}],"replies":[{"embeddable":true,"href":"http:\/\/klubmamgdynia.pl\/index.php\/wp-json\/wp\/v2\/comments?post=7056"}],"wp:attachment":[{"href":"http:\/\/klubmamgdynia.pl\/index.php\/wp-json\/wp\/v2\/media?parent=7056"}],"wp:term":[{"taxonomy":"product_cat","embeddable":true,"href":"http:\/\/klubmamgdynia.pl\/index.php\/wp-json\/wp\/v2\/product_cat?post=7056"},{"taxonomy":"product_tag","embeddable":true,"href":"http:\/\/klubmamgdynia.pl\/index.php\/wp-json\/wp\/v2\/product_tag?post=7056"}],"curies":[{"name":"wp","href":"https:\/\/api.w.org\/{rel}","templated":true}]}}