{"id":7059,"date":"2016-11-03T22:42:09","date_gmt":"2016-11-03T21:42:09","guid":{"rendered":"http:\/\/klubmamgdynia.pl\/index.php\/produkt\/pilke\/"},"modified":"2026-05-17T22:32:10","modified_gmt":"2026-05-17T20:32:10","slug":"pilke","status":"publish","type":"product","link":"http:\/\/klubmamgdynia.pl\/index.php\/produkt\/pilke\/","title":{"rendered":"pi\u0142k\u0119"},"content":{"rendered":"<p>5-7 lat<\/p>\n<h2>pi\u0142k\u0119 8-11 lat<\/h2>\n<p>kuku\u0142eczka kuka tekst, kolorowanki \u015bwinka peppa, kolorowanka do druku lol, cytaty dla dzieci, fabian, zagadki o przyborach szkolnych<\/p>\n<p>yyyyy<\/p>\n<p>&nbsp;<\/p>\n","protected":false},"excerpt":{"rendered":"<p>5-7 lat pi\u0142k\u0119 8-11 lat kuku\u0142eczka kuka tekst, kolorowanki \u015bwinka peppa, kolorowanka do druku lol, cytaty dla dzieci, fabian, zagadki o przyborach szkolnych yyyyy &nbsp;<\/p>\n","protected":false},"featured_media":0,"comment_status":"closed","ping_status":"open","template":"","meta":[],"product_cat":[1529,1528],"product_tag":[626,654,589,595,812],"class_list":["post-7059","product","type-product","status-publish","hentry","product_cat-12-14-latplec-chlopiec","product_cat-8-11-lat","product_tag-jacek","product_tag-krotkie-bajki-dla-dzieci-do-czytania","product_tag-prezent-dla-rocznego-dziecka","product_tag-zagadki-dla-6-latka","product_tag-zagadki-logiczne-na-inteligencje"],"_links":{"self":[{"href":"http:\/\/klubmamgdynia.pl\/index.php\/wp-json\/wp\/v2\/product\/7059","targetHints":{"allow":["GET"]}}],"collection":[{"href":"http:\/\/klubmamgdynia.pl\/index.php\/wp-json\/wp\/v2\/product"}],"about":[{"href":"http:\/\/klubmamgdynia.pl\/index.php\/wp-json\/wp\/v2\/types\/product"}],"replies":[{"embeddable":true,"href":"http:\/\/klubmamgdynia.pl\/index.php\/wp-json\/wp\/v2\/comments?post=7059"}],"wp:attachment":[{"href":"http:\/\/klubmamgdynia.pl\/index.php\/wp-json\/wp\/v2\/media?parent=7059"}],"wp:term":[{"taxonomy":"product_cat","embeddable":true,"href":"http:\/\/klubmamgdynia.pl\/index.php\/wp-json\/wp\/v2\/product_cat?post=7059"},{"taxonomy":"product_tag","embeddable":true,"href":"http:\/\/klubmamgdynia.pl\/index.php\/wp-json\/wp\/v2\/product_tag?post=7059"}],"curies":[{"name":"wp","href":"https:\/\/api.w.org\/{rel}","templated":true}]}}