{"id":706,"date":"2024-12-16T10:32:44","date_gmt":"2024-12-16T09:32:44","guid":{"rendered":"http:\/\/klubmamgdynia.pl\/?post_type=product&#038;p=706"},"modified":"2026-05-17T22:51:53","modified_gmt":"2026-05-17T20:51:53","slug":"american-tourister-torba-podrozna-mala-kabinowa-s-2-kola-z-kolekcji-road-quest-material-poliester","status":"publish","type":"product","link":"http:\/\/klubmamgdynia.pl\/index.php\/produkt\/american-tourister-torba-podrozna-mala-kabinowa-s-2-kola-z-kolekcji-road-quest-material-poliester\/","title":{"rendered":"AMERICAN TOURISTER torba podr\u00f3\u017cna ma\u0142a\/ kabinowa (S) 2 ko\u0142a z kolekcji ROAD QUEST materia\u0142 poliester"},"content":{"rendered":"<p>Zapraszamy do zapoznania si\u0119 ze wspania\u0142\u0105, now\u0105 kolekcj\u0105 American Tourister na codziennego u\u017cytku. Linia Road Quest to torby: sportowe, torby typu crossover, torby mi\u0119kkie, oraz plecaki na laptop. Dzi\u0119ki nim podbijesz ca\u0142y \u015bwiat! Idealne na czas prawdziwej przygody. Wszystkie torby Road Quest posiadaj\u0105 pasy spinaj\u0105ce, przegrod\u0119 z kieszeni\u0105 siatkow\u0105, pasy mocowania i dwupi\u0119trow\u0105 organizacj\u0119 wn\u0119trza &#8211; wszystko po to, aby\u015b m\u00f3g\u0142 zapakowa\u0107 jak najwi\u0119cej bez utraty funkcjonalno\u015bci. Nie wystarczy, aby\u015b pokona\u0142 drog\u0119 &#8211; spraw, aby to by\u0142a prawdziwa podr\u00f3\u017c Torba podr\u00f3\u017cna na ko\u0142ach dzi\u0119ki czemu jest \u0142atwa w prowadzeniu. Doskona\u0142e zagospodarowanie wn\u0119trza, komora g\u0142\u00f3wna wyposa\u017cona w pasy spinaj\u0105ce baga\u017c, wygodna r\u0105czka do przenoszenia baga\u017cu, mocny stopniowany stela\u017c, solidne zamki, pi\u0119kny design i ciekawe energiczne kolory. Dwupi\u0119trowa organizacja we wszystkich torbach mi\u0119kkich typu duffle: do jednej cz\u0119\u015bci zapakuj swoje ubrania, a do drugiej sprz\u0119t. Wszystkie torby duffle mog\u0105 sta\u0107 w pozycji pionowej, dzi\u0119ki wzmocnionej dolnej cz\u0119\u015bci torby. Nowo opracowana torba mi\u0119kka; zorganizowana, obszerna i funkcjonalna. 2 lata gwarancji producenta. MATERIA\u0141: Poliester KOLOR: kilka wariant\u00f3w kolorystycznych do wyboru WYMIARY: 55 cm x 40 cm x 20 cm WAGA: 2,7 kg POJEMNO\u015a\u0106: 40 litr\u00f3w American Tourister oferuje szeroki wyb\u00f3r najwy\u017cszej jako\u015bci baga\u017cu podr\u00f3\u017cnego, baga\u017cu \u015bwie\u017cego, zabawnego i kolorowego, a do tego w przyst\u0119pnej cenie. Kolekcje American Tourister \u0142\u0105cz\u0105 w sobie styl i praktyczno\u015b\u0107 oraz obejmuj\u0105 szeroki wyb\u00f3r baga\u017cu podr\u00f3\u017cnego, idealnego zar\u00f3wno do podr\u00f3\u017cy jak i rozrywki.<\/p>\n<h2>AMERICAN TOURISTER torba podr\u00f3\u017cna ma\u0142a\/ kabinowa (S) 2 ko\u0142a z kolekcji ROAD QUEST materia\u0142 poliester American Tourister<\/h2>\n<p>w uk\u0142adzie s\u0142onecznym, cytaty o przyja\u017ani, zabawy dla 6 latk\u00f3w, zabawy na dzie\u0144 dziecka w szkole, prezent dla 1 latka, opisy do zdj dziecka, kolorowanki wakacje, nietypowe atrakcje dla dzieci, quiz zemsta, quiz o \u015bwi\u0119tach<\/p>\n<p>yyyyy<\/p>\n<p>&nbsp;<\/p>\n","protected":false},"excerpt":{"rendered":"<p>Zapraszamy do zapoznania si\u0119 ze wspania\u0142\u0105, now\u0105 kolekcj\u0105 American Tourister na codziennego u\u017cytku. Linia Road Quest to torby: sportowe, torby typu crossover, torby mi\u0119kkie, oraz plecaki na laptop. Dzi\u0119ki nim podbijesz ca\u0142y \u015bwiat! Idealne na czas prawdziwej przygody. Wszystkie torby Road Quest posiadaj\u0105 pasy spinaj\u0105ce, przegrod\u0119 z kieszeni\u0105 siatkow\u0105, pasy mocowania i dwupi\u0119trow\u0105 organizacj\u0119 wn\u0119trza [&hellip;]<\/p>\n","protected":false},"featured_media":707,"comment_status":"closed","ping_status":"open","template":"","meta":[],"product_cat":[264,265],"product_tag":[854,797,862,787,704],"class_list":["post-706","product","type-product","status-publish","has-post-thumbnail","hentry","product_cat-american-tourister","product_cat-torby-i-walizki","product_tag-cytaty-rodzina","product_tag-kiekrz","product_tag-nasza-zima-zla-tekst","product_tag-nauka-pisania-wyrazow-dla-dzieci-do-druku-pdf","product_tag-prezent-dla-nastolatka"],"_links":{"self":[{"href":"http:\/\/klubmamgdynia.pl\/index.php\/wp-json\/wp\/v2\/product\/706","targetHints":{"allow":["GET"]}}],"collection":[{"href":"http:\/\/klubmamgdynia.pl\/index.php\/wp-json\/wp\/v2\/product"}],"about":[{"href":"http:\/\/klubmamgdynia.pl\/index.php\/wp-json\/wp\/v2\/types\/product"}],"replies":[{"embeddable":true,"href":"http:\/\/klubmamgdynia.pl\/index.php\/wp-json\/wp\/v2\/comments?post=706"}],"wp:featuredmedia":[{"embeddable":true,"href":"http:\/\/klubmamgdynia.pl\/index.php\/wp-json\/wp\/v2\/media\/707"}],"wp:attachment":[{"href":"http:\/\/klubmamgdynia.pl\/index.php\/wp-json\/wp\/v2\/media?parent=706"}],"wp:term":[{"taxonomy":"product_cat","embeddable":true,"href":"http:\/\/klubmamgdynia.pl\/index.php\/wp-json\/wp\/v2\/product_cat?post=706"},{"taxonomy":"product_tag","embeddable":true,"href":"http:\/\/klubmamgdynia.pl\/index.php\/wp-json\/wp\/v2\/product_tag?post=706"}],"curies":[{"name":"wp","href":"https:\/\/api.w.org\/{rel}","templated":true}]}}