{"id":7061,"date":"2018-03-04T21:13:32","date_gmt":"2018-03-04T20:13:32","guid":{"rendered":"http:\/\/klubmamgdynia.pl\/index.php\/produkt\/7061\/"},"modified":"2026-04-08T00:01:42","modified_gmt":"2026-04-07T22:01:42","slug":"7061","status":"publish","type":"product","link":"http:\/\/klubmamgdynia.pl\/index.php\/produkt\/7061\/","title":{"rendered":""},"content":{"rendered":"<h2> <\/h2>\n<p>cytat dziecko, gabriela imie, kolorowanka pokemon, lego ninjago kolorowanki, kolorowanka lato, w uk\u0142adzie s\u0142onecznym, quiz o akademii pana kleksa, zagadki dla 8 latka, opowie\u015b\u0107 wigilijna test z odpowiedziami, miko\u0142ajek sprawdzian z lektury z odpowiedziami, asiunia &#8211; test z lektury pdf, zagadki na logike, co na prezent dla nastolatk\u00f3w, \u015bmieszne \u0142ama\u0144ce j\u0119zykowe, \u0142amig\u0142\u00f3wki matematyczne, ko\u0142ysanki teksty, piosenki dla dzieci o jesieni, kolorowanki my little pony, molo w brze\u017anie<\/p>\n<p>yyyyy<\/p>\n<p>&nbsp;<\/p>\n","protected":false},"excerpt":{"rendered":"<p>cytat dziecko, gabriela imie, kolorowanka pokemon, lego ninjago kolorowanki, kolorowanka lato, w uk\u0142adzie s\u0142onecznym, quiz o akademii pana kleksa, zagadki dla 8 latka, opowie\u015b\u0107 wigilijna test z odpowiedziami, miko\u0142ajek sprawdzian z lektury z odpowiedziami, asiunia &#8211; test z lektury pdf, zagadki na logike, co na prezent dla nastolatk\u00f3w, \u015bmieszne \u0142ama\u0144ce j\u0119zykowe, \u0142amig\u0142\u00f3wki matematyczne, ko\u0142ysanki teksty, [&hellip;]<\/p>\n","protected":false},"featured_media":0,"comment_status":"closed","ping_status":"open","template":"","meta":[],"product_cat":[],"product_tag":[650,580,783,620,840],"class_list":["post-7061","product","type-product","status-publish","hentry","product_tag-choinka-z-bibuly","product_tag-janusz","product_tag-prezenty-na-roczek-dla-chlopca","product_tag-quiz-opowiesci-z-narnii","product_tag-stare-bajki"],"_links":{"self":[{"href":"http:\/\/klubmamgdynia.pl\/index.php\/wp-json\/wp\/v2\/product\/7061","targetHints":{"allow":["GET"]}}],"collection":[{"href":"http:\/\/klubmamgdynia.pl\/index.php\/wp-json\/wp\/v2\/product"}],"about":[{"href":"http:\/\/klubmamgdynia.pl\/index.php\/wp-json\/wp\/v2\/types\/product"}],"replies":[{"embeddable":true,"href":"http:\/\/klubmamgdynia.pl\/index.php\/wp-json\/wp\/v2\/comments?post=7061"}],"wp:attachment":[{"href":"http:\/\/klubmamgdynia.pl\/index.php\/wp-json\/wp\/v2\/media?parent=7061"}],"wp:term":[{"taxonomy":"product_cat","embeddable":true,"href":"http:\/\/klubmamgdynia.pl\/index.php\/wp-json\/wp\/v2\/product_cat?post=7061"},{"taxonomy":"product_tag","embeddable":true,"href":"http:\/\/klubmamgdynia.pl\/index.php\/wp-json\/wp\/v2\/product_tag?post=7061"}],"curies":[{"name":"wp","href":"https:\/\/api.w.org\/{rel}","templated":true}]}}