{"id":7062,"date":"2022-08-29T09:31:59","date_gmt":"2022-08-29T07:31:59","guid":{"rendered":"http:\/\/klubmamgdynia.pl\/index.php\/produkt\/7062\/"},"modified":"2026-05-02T11:55:40","modified_gmt":"2026-05-02T09:55:40","slug":"7062","status":"publish","type":"product","link":"http:\/\/klubmamgdynia.pl\/index.php\/produkt\/7062\/","title":{"rendered":""},"content":{"rendered":"<h2> <\/h2>\n<p>mi\u0142osz imie, ewelina, test z opowie\u015bci z narnii, zagadki o bo\u017cym narodzeniu, testy z lektury opowie\u015bci z narnii lew czarownica i stara szafa, wzory zaprosze\u0144 zaproszenie na urodziny szablon do druku, zdania do pisania dla dzieci do wydruku, doros\u0142ych kolorowanki dziewczyny, zagadki na logik\u0119, linda, prezent dla dwunastolatka, bajki dla dzieci do czytania<\/p>\n<p>yyyyy<\/p>\n<p>&nbsp;<\/p>\n","protected":false},"excerpt":{"rendered":"<p>mi\u0142osz imie, ewelina, test z opowie\u015bci z narnii, zagadki o bo\u017cym narodzeniu, testy z lektury opowie\u015bci z narnii lew czarownica i stara szafa, wzory zaprosze\u0144 zaproszenie na urodziny szablon do druku, zdania do pisania dla dzieci do wydruku, doros\u0142ych kolorowanki dziewczyny, zagadki na logik\u0119, linda, prezent dla dwunastolatka, bajki dla dzieci do czytania yyyyy &nbsp;<\/p>\n","protected":false},"featured_media":0,"comment_status":"closed","ping_status":"open","template":"","meta":[],"product_cat":[],"product_tag":[826,579,762,632,869],"class_list":["post-7062","product","type-product","status-publish","hentry","product_tag-prezent-dla-15-latka","product_tag-quiz-opowiesci-z-narnii-lew-czarownica-i-stara-szafa","product_tag-trudne-zagadki-dla-dzieci","product_tag-warszawa-atrakcje-dla-mlodziezy","product_tag-zagadki-na-logike"],"_links":{"self":[{"href":"http:\/\/klubmamgdynia.pl\/index.php\/wp-json\/wp\/v2\/product\/7062","targetHints":{"allow":["GET"]}}],"collection":[{"href":"http:\/\/klubmamgdynia.pl\/index.php\/wp-json\/wp\/v2\/product"}],"about":[{"href":"http:\/\/klubmamgdynia.pl\/index.php\/wp-json\/wp\/v2\/types\/product"}],"replies":[{"embeddable":true,"href":"http:\/\/klubmamgdynia.pl\/index.php\/wp-json\/wp\/v2\/comments?post=7062"}],"wp:attachment":[{"href":"http:\/\/klubmamgdynia.pl\/index.php\/wp-json\/wp\/v2\/media?parent=7062"}],"wp:term":[{"taxonomy":"product_cat","embeddable":true,"href":"http:\/\/klubmamgdynia.pl\/index.php\/wp-json\/wp\/v2\/product_cat?post=7062"},{"taxonomy":"product_tag","embeddable":true,"href":"http:\/\/klubmamgdynia.pl\/index.php\/wp-json\/wp\/v2\/product_tag?post=7062"}],"curies":[{"name":"wp","href":"https:\/\/api.w.org\/{rel}","templated":true}]}}