{"id":7063,"date":"2014-08-13T17:35:10","date_gmt":"2014-08-13T15:35:10","guid":{"rendered":"http:\/\/klubmamgdynia.pl\/index.php\/produkt\/jezdziki\/"},"modified":"2026-04-06T17:57:12","modified_gmt":"2026-04-06T15:57:12","slug":"jezdziki","status":"publish","type":"product","link":"http:\/\/klubmamgdynia.pl\/index.php\/produkt\/jezdziki\/","title":{"rendered":"je\u017adziki"},"content":{"rendered":"<p>\u0142odzie<\/p>\n<h2>je\u017adziki zje\u017cd\u017calnie<\/h2>\n<p>maska kota do druku, nauka j\u0119zyka polskiego dla dzieci z ukrainy materia\u0142y, pola imie, \u015bmigus dyngus lany poniedzia\u0142ek zyczenia, milena, zagadki wielkanocne dla doros\u0142ych, anio\u0142ki do druku, pomys\u0142 na prezent dla nastolatki<\/p>\n<p>yyyyy<\/p>\n<p>&nbsp;<\/p>\n","protected":false},"excerpt":{"rendered":"<p>\u0142odzie je\u017adziki zje\u017cd\u017calnie maska kota do druku, nauka j\u0119zyka polskiego dla dzieci z ukrainy materia\u0142y, pola imie, \u015bmigus dyngus lany poniedzia\u0142ek zyczenia, milena, zagadki wielkanocne dla doros\u0142ych, anio\u0142ki do druku, pomys\u0142 na prezent dla nastolatki yyyyy &nbsp;<\/p>\n","protected":false},"featured_media":0,"comment_status":"closed","ping_status":"open","template":"","meta":[],"product_cat":[392],"product_tag":[648,769,824,601],"class_list":["post-7063","product","type-product","status-publish","hentry","product_cat-zjezdzalnie","product_tag-dobrej-nocy-i-sza","product_tag-psi-patrol-do-czytania","product_tag-warszawa-atrakcje-dla-dzieci","product_tag-zagadki-co-to-jest"],"_links":{"self":[{"href":"http:\/\/klubmamgdynia.pl\/index.php\/wp-json\/wp\/v2\/product\/7063","targetHints":{"allow":["GET"]}}],"collection":[{"href":"http:\/\/klubmamgdynia.pl\/index.php\/wp-json\/wp\/v2\/product"}],"about":[{"href":"http:\/\/klubmamgdynia.pl\/index.php\/wp-json\/wp\/v2\/types\/product"}],"replies":[{"embeddable":true,"href":"http:\/\/klubmamgdynia.pl\/index.php\/wp-json\/wp\/v2\/comments?post=7063"}],"wp:attachment":[{"href":"http:\/\/klubmamgdynia.pl\/index.php\/wp-json\/wp\/v2\/media?parent=7063"}],"wp:term":[{"taxonomy":"product_cat","embeddable":true,"href":"http:\/\/klubmamgdynia.pl\/index.php\/wp-json\/wp\/v2\/product_cat?post=7063"},{"taxonomy":"product_tag","embeddable":true,"href":"http:\/\/klubmamgdynia.pl\/index.php\/wp-json\/wp\/v2\/product_tag?post=7063"}],"curies":[{"name":"wp","href":"https:\/\/api.w.org\/{rel}","templated":true}]}}