{"id":7065,"date":"2011-02-26T12:22:40","date_gmt":"2011-02-26T11:22:40","guid":{"rendered":"http:\/\/klubmamgdynia.pl\/index.php\/produkt\/ktore-pomieszcza-do-18-kart-doswiadczeni-gracze-z-pewnoscia-pokochaja-te-doskonale-przejrzyste-strony-i-wysoka-jakosc-produktu\/"},"modified":"2026-04-22T15:05:37","modified_gmt":"2026-04-22T13:05:37","slug":"ktore-pomieszcza-do-18-kart-doswiadczeni-gracze-z-pewnoscia-pokochaja-te-doskonale-przejrzyste-strony-i-wysoka-jakosc-produktu","status":"publish","type":"product","link":"http:\/\/klubmamgdynia.pl\/index.php\/produkt\/ktore-pomieszcza-do-18-kart-doswiadczeni-gracze-z-pewnoscia-pokochaja-te-doskonale-przejrzyste-strony-i-wysoka-jakosc-produktu\/","title":{"rendered":"kt\u00f3re pomieszcz\u0105 do 18 kart. Do\u015bwiadczeni gracze z pewno\u015bci\u0105 pokochaj\u0105 te doskonale przejrzyste strony i wysok\u0105 jako\u015b\u0107 produktu"},"content":{"rendered":"<p>firma Gamegenic stworzy\u0142a lini\u0119 akcesori\u00f3w dedykowanych graczom. Marka Gamegenic to szereg produkt\u00f3w najwy\u017cszej jako\u015bci z mo\u017cliwo\u015bci\u0105 niespotykanej dot\u0105d personalizacji. www.gamegenic.com<\/p>\n<h2>kt\u00f3re pomieszcz\u0105 do 18 kart. Do\u015bwiadczeni gracze z pewno\u015bci\u0105 pokochaj\u0105 te doskonale przejrzyste strony i wysok\u0105 jako\u015b\u0107 produktu <\/h2>\n<p>cytaty motywacyjne dla dzieci, test z lektury opowie\u015bci z narnii lew czarownica i stara szafa z odpowiedziami, imiona z bajek, zagadki dla starszych dzieci, serce kolorowanka, tekst ko\u0142ysanki, wieliczka bon turystyczny, zagadki dla dzieci 6-7 lat online, koty rysunki, zagadki dla 5 latka, co kupi\u0107 na roczek, platformy edukacyjne dla dzieci, kolorowanki spongebob<\/p>\n<p>yyyyy<\/p>\n<p>&nbsp;<\/p>\n","protected":false},"excerpt":{"rendered":"<p>firma Gamegenic stworzy\u0142a lini\u0119 akcesori\u00f3w dedykowanych graczom. Marka Gamegenic to szereg produkt\u00f3w najwy\u017cszej jako\u015bci z mo\u017cliwo\u015bci\u0105 niespotykanej dot\u0105d personalizacji. www.gamegenic.com kt\u00f3re pomieszcz\u0105 do 18 kart. Do\u015bwiadczeni gracze z pewno\u015bci\u0105 pokochaj\u0105 te doskonale przejrzyste strony i wysok\u0105 jako\u015b\u0107 produktu cytaty motywacyjne dla dzieci, test z lektury opowie\u015bci z narnii lew czarownica i stara szafa z odpowiedziami, [&hellip;]<\/p>\n","protected":false},"featured_media":0,"comment_status":"closed","ping_status":"open","template":"","meta":[],"product_cat":[],"product_tag":[660,593,729,726],"class_list":["post-7065","product","type-product","status-publish","hentry","product_tag-bianka","product_tag-jak-narysowac-konia","product_tag-madre-bajki-dla-dzieci-do-czytania","product_tag-quiz-zemsta"],"_links":{"self":[{"href":"http:\/\/klubmamgdynia.pl\/index.php\/wp-json\/wp\/v2\/product\/7065","targetHints":{"allow":["GET"]}}],"collection":[{"href":"http:\/\/klubmamgdynia.pl\/index.php\/wp-json\/wp\/v2\/product"}],"about":[{"href":"http:\/\/klubmamgdynia.pl\/index.php\/wp-json\/wp\/v2\/types\/product"}],"replies":[{"embeddable":true,"href":"http:\/\/klubmamgdynia.pl\/index.php\/wp-json\/wp\/v2\/comments?post=7065"}],"wp:attachment":[{"href":"http:\/\/klubmamgdynia.pl\/index.php\/wp-json\/wp\/v2\/media?parent=7065"}],"wp:term":[{"taxonomy":"product_cat","embeddable":true,"href":"http:\/\/klubmamgdynia.pl\/index.php\/wp-json\/wp\/v2\/product_cat?post=7065"},{"taxonomy":"product_tag","embeddable":true,"href":"http:\/\/klubmamgdynia.pl\/index.php\/wp-json\/wp\/v2\/product_tag?post=7065"}],"curies":[{"name":"wp","href":"https:\/\/api.w.org\/{rel}","templated":true}]}}