{"id":7066,"date":"2021-01-12T21:56:56","date_gmt":"2021-01-12T20:56:56","guid":{"rendered":"http:\/\/klubmamgdynia.pl\/index.php\/produkt\/7066\/"},"modified":"2026-04-09T20:57:37","modified_gmt":"2026-04-09T18:57:37","slug":"7066","status":"publish","type":"product","link":"http:\/\/klubmamgdynia.pl\/index.php\/produkt\/7066\/","title":{"rendered":""},"content":{"rendered":"<h2> <\/h2>\n<p>ja\u015bmina imie, sentencje napisy cytaty o rodzinie, proste szczere \u017cyczenia bo\u017conarodzeniowe, trudne zagadki logiczne z odpowiedziami<\/p>\n<p>yyyyy<\/p>\n<p>&nbsp;<\/p>\n","protected":false},"excerpt":{"rendered":"<p>ja\u015bmina imie, sentencje napisy cytaty o rodzinie, proste szczere \u017cyczenia bo\u017conarodzeniowe, trudne zagadki logiczne z odpowiedziami yyyyy &nbsp;<\/p>\n","protected":false},"featured_media":0,"comment_status":"closed","ping_status":"open","template":"","meta":[],"product_cat":[],"product_tag":[795,630,579,756],"class_list":["post-7066","product","type-product","status-publish","hentry","product_tag-mini-zoo-warszawa","product_tag-podchwytliwe-zagadki-z-odpowiedziami","product_tag-quiz-opowiesci-z-narnii-lew-czarownica-i-stara-szafa","product_tag-zaproszenie-na-urodziny-do-druku"],"_links":{"self":[{"href":"http:\/\/klubmamgdynia.pl\/index.php\/wp-json\/wp\/v2\/product\/7066","targetHints":{"allow":["GET"]}}],"collection":[{"href":"http:\/\/klubmamgdynia.pl\/index.php\/wp-json\/wp\/v2\/product"}],"about":[{"href":"http:\/\/klubmamgdynia.pl\/index.php\/wp-json\/wp\/v2\/types\/product"}],"replies":[{"embeddable":true,"href":"http:\/\/klubmamgdynia.pl\/index.php\/wp-json\/wp\/v2\/comments?post=7066"}],"wp:attachment":[{"href":"http:\/\/klubmamgdynia.pl\/index.php\/wp-json\/wp\/v2\/media?parent=7066"}],"wp:term":[{"taxonomy":"product_cat","embeddable":true,"href":"http:\/\/klubmamgdynia.pl\/index.php\/wp-json\/wp\/v2\/product_cat?post=7066"},{"taxonomy":"product_tag","embeddable":true,"href":"http:\/\/klubmamgdynia.pl\/index.php\/wp-json\/wp\/v2\/product_tag?post=7066"}],"curies":[{"name":"wp","href":"https:\/\/api.w.org\/{rel}","templated":true}]}}