{"id":7067,"date":"2024-08-20T07:26:07","date_gmt":"2024-08-20T05:26:07","guid":{"rendered":"http:\/\/klubmamgdynia.pl\/?post_type=product&#038;p=7067"},"modified":"2026-04-21T05:15:09","modified_gmt":"2026-04-21T03:15:09","slug":"5v-aaa-dolaczone-baterie-testowepozostale-parametrywymiary-opakowania-12-5-x-8-x-18-5-cm","status":"publish","type":"product","link":"http:\/\/klubmamgdynia.pl\/index.php\/produkt\/5v-aaa-dolaczone-baterie-testowepozostale-parametrywymiary-opakowania-12-5-x-8-x-18-5-cm\/","title":{"rendered":"5V AAA (do\u0142\u0105czone baterie testowe)Pozosta\u0142e parametryWymiary opakowania: 12.5 x 8 x 18.5 cm"},"content":{"rendered":"<h2>5V AAA (do\u0142\u0105czone baterie testowe)Pozosta\u0142e parametryWymiary opakowania: 12.5 x 8 x 18.5 cm <\/h2>\n<p>ko\u0142ysanki teksty, m.i.a., prezent dla 16 latki, eksperymenty dla dzieci wulkan, atrakcje dla dzieci wroc\u0142aw 2021<\/p>\n<p>yyyyy<\/p>\n<p>&nbsp;<\/p>\n","protected":false},"excerpt":{"rendered":"<p>5V AAA (do\u0142\u0105czone baterie testowe)Pozosta\u0142e parametryWymiary opakowania: 12.5 x 8 x 18.5 cm ko\u0142ysanki teksty, m.i.a., prezent dla 16 latki, eksperymenty dla dzieci wulkan, atrakcje dla dzieci wroc\u0142aw 2021 yyyyy &nbsp;<\/p>\n","protected":false},"featured_media":0,"comment_status":"closed","ping_status":"open","template":"","meta":[],"product_cat":[],"product_tag":[611,844,813],"class_list":["post-7067","product","type-product","status-publish","hentry","product_tag-bajki-do-czytania-psi-patrol","product_tag-co-kupic-na-roczek","product_tag-krotkie-zagadki-matematyczne-z-odpowiedziami"],"_links":{"self":[{"href":"http:\/\/klubmamgdynia.pl\/index.php\/wp-json\/wp\/v2\/product\/7067","targetHints":{"allow":["GET"]}}],"collection":[{"href":"http:\/\/klubmamgdynia.pl\/index.php\/wp-json\/wp\/v2\/product"}],"about":[{"href":"http:\/\/klubmamgdynia.pl\/index.php\/wp-json\/wp\/v2\/types\/product"}],"replies":[{"embeddable":true,"href":"http:\/\/klubmamgdynia.pl\/index.php\/wp-json\/wp\/v2\/comments?post=7067"}],"wp:attachment":[{"href":"http:\/\/klubmamgdynia.pl\/index.php\/wp-json\/wp\/v2\/media?parent=7067"}],"wp:term":[{"taxonomy":"product_cat","embeddable":true,"href":"http:\/\/klubmamgdynia.pl\/index.php\/wp-json\/wp\/v2\/product_cat?post=7067"},{"taxonomy":"product_tag","embeddable":true,"href":"http:\/\/klubmamgdynia.pl\/index.php\/wp-json\/wp\/v2\/product_tag?post=7067"}],"curies":[{"name":"wp","href":"https:\/\/api.w.org\/{rel}","templated":true}]}}