{"id":7068,"date":"2016-04-13T21:28:59","date_gmt":"2016-04-13T19:28:59","guid":{"rendered":"http:\/\/klubmamgdynia.pl\/index.php\/produkt\/anna-i-mattias-e6912\/"},"modified":"2026-04-14T15:05:35","modified_gmt":"2026-04-14T13:05:35","slug":"anna-i-mattias-e6912","status":"publish","type":"product","link":"http:\/\/klubmamgdynia.pl\/index.php\/produkt\/anna-i-mattias-e6912\/","title":{"rendered":"Anna i Mattias E6912&#8243;"},"content":{"rendered":"<p>Hasbro Disney Frozen Kraina Lodu 2 &#8211; Mini laleczki Deluxe Elsa, Anna i Mattias + Konfetti E6912Mini laleczki Deluxe Elsa, Anna i Mattias + Konfetti E6912. Asortyment 10 cm mini laleczek zawiera mix 3 zestaw\u00f3w do skolekcjonowania, z kt\u00f3rych ka\u017cdy zawiera lalki inspirowane postaciami z filmu Disneya &#8222;Kraina Lodu 2&#8221;. Dodatkowo ka\u017cde opakowanie zosta\u0142o wype\u0142nione kolorowym konfetti. W kolekcji: Laleczka Elsa do\u0142\u0105cza do swojego nowego zwierz\u0119cego towarzysza Nokka, a lalka mamy kr\u00f3lowej Iduny wraz z Ann\u0105 i Els\u0105 kiedy by\u0142y ma\u0142ymi dziewczynkami oraz Olafem. Ostatni zestaw to laleczka Anny i Elsy z nowym bohaterem Mattiasem. Zestawy sprzedawane oddzielnie, w zale\u017cno\u015bci od dost\u0119pno\u015bci. Zbierz ca\u0142\u0105 kolekcj\u0119 i odgrywaj scenki z filmu!                            <\/p>\n<p>Zawarto\u015b\u0107 i cechy zestawu:<br \/>\nMini laleczka ElsaMini laleczka AnnaMini laleczka Mattias<br \/>\nPomara\u0144czowe konfetti<br \/>\nZestaw inspirowany filmem Disney &#8222;Kraina Lodu 2&#8243;Pozosta\u0142e zestawy sprzedawane oddzielnie<\/p>\n<h2>Anna i Mattias E6912&#8243; Hasbro<\/h2>\n<p>test z lektury pies kt\u00f3ry je\u017adzi\u0142 kolej\u0105, test z lektury asiunia, zagadka matematyczna, kolorowanki do druku, zagadki z odpowiedziami dla dzieci, zabawki na roczek dla dziewczynki, zagadki dla doros\u0142ych, papugi do druku, quiz online, prezent dla 15 latki 2021, kotki do druku, minecraft quiz, r\u00f3\u017ca imie, dzieci cytaty, kanapki halloween, quiz o ro\u015blinach, z\u0142ote my\u015bli kubu\u015b puchatek cytaty, trudne zagadki wielkanocne, lol surprise kolorowanka, dziwne zagadki, kr\u00f3tkie zagadki logiczne<\/p>\n<p>yyyyy<\/p>\n<p>&nbsp;<\/p>\n","protected":false},"excerpt":{"rendered":"<p>Hasbro Disney Frozen Kraina Lodu 2 &#8211; Mini laleczki Deluxe Elsa, Anna i Mattias + Konfetti E6912Mini laleczki Deluxe Elsa, Anna i Mattias + Konfetti E6912. Asortyment 10 cm mini laleczek zawiera mix 3 zestaw\u00f3w do skolekcjonowania, z kt\u00f3rych ka\u017cdy zawiera lalki inspirowane postaciami z filmu Disneya &#8222;Kraina Lodu 2&#8221;. Dodatkowo ka\u017cde opakowanie zosta\u0142o wype\u0142nione [&hellip;]<\/p>\n","protected":false},"featured_media":7069,"comment_status":"closed","ping_status":"open","template":"","meta":[],"product_cat":[129,65],"product_tag":[668,802,641,724],"class_list":["post-7068","product","type-product","status-publish","has-post-thumbnail","hentry","product_cat-hasbro","product_cat-lalki","product_tag-atrakcje-dla-dzieci-wroclaw","product_tag-co-kupic-dziewczynce-na-roczek","product_tag-trudne-zagadki-logiczne","product_tag-zagadki-podchwytliwe"],"_links":{"self":[{"href":"http:\/\/klubmamgdynia.pl\/index.php\/wp-json\/wp\/v2\/product\/7068","targetHints":{"allow":["GET"]}}],"collection":[{"href":"http:\/\/klubmamgdynia.pl\/index.php\/wp-json\/wp\/v2\/product"}],"about":[{"href":"http:\/\/klubmamgdynia.pl\/index.php\/wp-json\/wp\/v2\/types\/product"}],"replies":[{"embeddable":true,"href":"http:\/\/klubmamgdynia.pl\/index.php\/wp-json\/wp\/v2\/comments?post=7068"}],"wp:featuredmedia":[{"embeddable":true,"href":"http:\/\/klubmamgdynia.pl\/index.php\/wp-json\/wp\/v2\/media\/7069"}],"wp:attachment":[{"href":"http:\/\/klubmamgdynia.pl\/index.php\/wp-json\/wp\/v2\/media?parent=7068"}],"wp:term":[{"taxonomy":"product_cat","embeddable":true,"href":"http:\/\/klubmamgdynia.pl\/index.php\/wp-json\/wp\/v2\/product_cat?post=7068"},{"taxonomy":"product_tag","embeddable":true,"href":"http:\/\/klubmamgdynia.pl\/index.php\/wp-json\/wp\/v2\/product_tag?post=7068"}],"curies":[{"name":"wp","href":"https:\/\/api.w.org\/{rel}","templated":true}]}}