{"id":7070,"date":"2017-03-24T19:15:53","date_gmt":"2017-03-24T18:15:53","guid":{"rendered":"http:\/\/klubmamgdynia.pl\/index.php\/produkt\/lufcik-namiot-tipi-dla-dziecka-classic-black-zestaw\/"},"modified":"2026-04-23T05:04:59","modified_gmt":"2026-04-23T03:04:59","slug":"lufcik-namiot-tipi-dla-dziecka-classic-black-zestaw","status":"publish","type":"product","link":"http:\/\/klubmamgdynia.pl\/index.php\/produkt\/lufcik-namiot-tipi-dla-dziecka-classic-black-zestaw\/","title":{"rendered":"Lufcik Namiot Tipi Dla Dziecka Classic Black Zestaw"},"content":{"rendered":"<p>Seria namiot\u00f3w Premium Collection to przede wszystkim gruba mato-ko\u0142derka, 2 okienka i kiesze\u0144 na zabawki. 100 % polska bawe\u0142na i antyalergiczne wype\u0142nienie.<\/p>\n<h2>Lufcik Namiot Tipi Dla Dziecka Classic Black Zestaw Lufcik<\/h2>\n<p>opis na dzie\u0144 mamy, pokemon kolorowanka, piosenki dla dzieci tekst, ciekawostki o je\u017cach, aneta, literki do druku, kolorowanki do druku kotki, basen warszawa, nauka zegara do druku, kolorowanka smok wawelski, kolorowanki \u015bwi\u0119to niepodleg\u0142o\u015bci do druku, a \u015bpij kochanie, wiersz o g\u00f3rniku, wpad\u0142a bomba do piwnicy, ba\u015bniowe imiona \u017ce\u0144skie<\/p>\n<p>yyyyy<\/p>\n<p>&nbsp;<\/p>\n","protected":false},"excerpt":{"rendered":"<p>Seria namiot\u00f3w Premium Collection to przede wszystkim gruba mato-ko\u0142derka, 2 okienka i kiesze\u0144 na zabawki. 100 % polska bawe\u0142na i antyalergiczne wype\u0142nienie. Lufcik Namiot Tipi Dla Dziecka Classic Black Zestaw Lufcik opis na dzie\u0144 mamy, pokemon kolorowanka, piosenki dla dzieci tekst, ciekawostki o je\u017cach, aneta, literki do druku, kolorowanki do druku kotki, basen warszawa, nauka [&hellip;]<\/p>\n","protected":false},"featured_media":7071,"comment_status":"closed","ping_status":"open","template":"","meta":[],"product_cat":[282,1480],"product_tag":[731,821,743,803,679],"class_list":["post-7070","product","type-product","status-publish","has-post-thumbnail","hentry","product_cat-domki-i-namioty-dla-dzieci","product_cat-lufcik","product_tag-maly-ksiaze-cytaty","product_tag-marianna","product_tag-quiz-dla-dzieci","product_tag-szlaczki-do-druku","product_tag-zabawki-na-roczek-dla-dziewczynki"],"_links":{"self":[{"href":"http:\/\/klubmamgdynia.pl\/index.php\/wp-json\/wp\/v2\/product\/7070","targetHints":{"allow":["GET"]}}],"collection":[{"href":"http:\/\/klubmamgdynia.pl\/index.php\/wp-json\/wp\/v2\/product"}],"about":[{"href":"http:\/\/klubmamgdynia.pl\/index.php\/wp-json\/wp\/v2\/types\/product"}],"replies":[{"embeddable":true,"href":"http:\/\/klubmamgdynia.pl\/index.php\/wp-json\/wp\/v2\/comments?post=7070"}],"wp:featuredmedia":[{"embeddable":true,"href":"http:\/\/klubmamgdynia.pl\/index.php\/wp-json\/wp\/v2\/media\/7071"}],"wp:attachment":[{"href":"http:\/\/klubmamgdynia.pl\/index.php\/wp-json\/wp\/v2\/media?parent=7070"}],"wp:term":[{"taxonomy":"product_cat","embeddable":true,"href":"http:\/\/klubmamgdynia.pl\/index.php\/wp-json\/wp\/v2\/product_cat?post=7070"},{"taxonomy":"product_tag","embeddable":true,"href":"http:\/\/klubmamgdynia.pl\/index.php\/wp-json\/wp\/v2\/product_tag?post=7070"}],"curies":[{"name":"wp","href":"https:\/\/api.w.org\/{rel}","templated":true}]}}