{"id":7072,"date":"2012-06-21T21:45:47","date_gmt":"2012-06-21T19:45:47","guid":{"rendered":"http:\/\/klubmamgdynia.pl\/index.php\/produkt\/b-toys-klocki-jezyki-z-buzkami-zestaw-duzy\/"},"modified":"2026-04-30T00:49:01","modified_gmt":"2026-04-29T22:49:01","slug":"b-toys-klocki-jezyki-z-buzkami-zestaw-duzy","status":"publish","type":"product","link":"http:\/\/klubmamgdynia.pl\/index.php\/produkt\/b-toys-klocki-jezyki-z-buzkami-zestaw-duzy\/","title":{"rendered":"B. Toys Klocki Je\u017cyki Z Bu\u017ckami Zestaw Du\u017cy"},"content":{"rendered":"<p>Klocki je\u017cyki z bu\u017ckami zestaw du\u017cy B. Toys. Zestaw 75 kolorowych klock\u00f3w \u201eje\u017cyk\u00f3w\u201d w praktycznym pojemniku. Dla dzieci w wieku 2 \u2013 6 lat.<\/p>\n<h2>B. Toys Klocki Je\u017cyki Z Bu\u017ckami Zestaw Du\u017cy B.Toys<\/h2>\n<p>asiunia pytania do lektury, malowanki do druku, cytat o przyja\u017ani, alan imie, ma\u0142y ksi\u0105\u017ce cytaty, imi\u0119 iwo, zaproszenie do druku, kubu\u015b puchatek cytaty<\/p>\n<p>yyyyy<\/p>\n<p>&nbsp;<\/p>\n","protected":false},"excerpt":{"rendered":"<p>Klocki je\u017cyki z bu\u017ckami zestaw du\u017cy B. Toys. Zestaw 75 kolorowych klock\u00f3w \u201eje\u017cyk\u00f3w\u201d w praktycznym pojemniku. Dla dzieci w wieku 2 \u2013 6 lat. B. Toys Klocki Je\u017cyki Z Bu\u017ckami Zestaw Du\u017cy B.Toys asiunia pytania do lektury, malowanki do druku, cytat o przyja\u017ani, alan imie, ma\u0142y ksi\u0105\u017ce cytaty, imi\u0119 iwo, zaproszenie do druku, kubu\u015b puchatek [&hellip;]<\/p>\n","protected":false},"featured_media":7073,"comment_status":"closed","ping_status":"open","template":"","meta":[],"product_cat":[143,113],"product_tag":[598,663,775,809,872,635],"class_list":["post-7072","product","type-product","status-publish","has-post-thumbnail","hentry","product_cat-b-toys","product_cat-klocki","product_tag-co-na-roczek-dla-dziewczynki","product_tag-kolorowanki-dla-dzieci-do-druku","product_tag-kolorowanki-do-druku-pokemon","product_tag-zagadki","product_tag-zagadki-dla-dzieci-6-lat","product_tag-znaki-drogowe-do-druku"],"_links":{"self":[{"href":"http:\/\/klubmamgdynia.pl\/index.php\/wp-json\/wp\/v2\/product\/7072","targetHints":{"allow":["GET"]}}],"collection":[{"href":"http:\/\/klubmamgdynia.pl\/index.php\/wp-json\/wp\/v2\/product"}],"about":[{"href":"http:\/\/klubmamgdynia.pl\/index.php\/wp-json\/wp\/v2\/types\/product"}],"replies":[{"embeddable":true,"href":"http:\/\/klubmamgdynia.pl\/index.php\/wp-json\/wp\/v2\/comments?post=7072"}],"wp:featuredmedia":[{"embeddable":true,"href":"http:\/\/klubmamgdynia.pl\/index.php\/wp-json\/wp\/v2\/media\/7073"}],"wp:attachment":[{"href":"http:\/\/klubmamgdynia.pl\/index.php\/wp-json\/wp\/v2\/media?parent=7072"}],"wp:term":[{"taxonomy":"product_cat","embeddable":true,"href":"http:\/\/klubmamgdynia.pl\/index.php\/wp-json\/wp\/v2\/product_cat?post=7072"},{"taxonomy":"product_tag","embeddable":true,"href":"http:\/\/klubmamgdynia.pl\/index.php\/wp-json\/wp\/v2\/product_tag?post=7072"}],"curies":[{"name":"wp","href":"https:\/\/api.w.org\/{rel}","templated":true}]}}